{"id":103,"date":"2019-11-06T17:50:49","date_gmt":"2019-11-06T17:50:49","guid":{"rendered":"http:\/\/temp.espoonmerenkulkijat.net\/?page_id=103"},"modified":"2021-10-13T19:19:28","modified_gmt":"2021-10-13T16:19:28","slug":"saannot","status":"publish","type":"page","link":"https:\/\/espoonmerenkulkijat.net\/index.php\/saannot\/","title":{"rendered":"S\u00e4\u00e4nn\u00f6t"},"content":{"rendered":"\n<p>S\u00e4\u00e4nn\u00f6t on hyv\u00e4ksytty yhdistyksen kokouksessa 10.10.2021 ja rekister\u00f6ity Patentti- ja rekisterihallituksessa 11.10.2021.<\/p>\n\n\n\n<p><strong>1\u00a7 Nimi ja kotipaikka<\/strong><\/p>\n\n\n\n<p>Yhdistyksen nimi on Espoon Merenkulkijat ry. Yhdistyksen kotipaikka on Espoo.<\/p>\n\n\n\n<p><strong>2\u00a7 Seuran tarkoitus ja toimintamuodot<\/strong><\/p>\n\n\n\n<p>Yhdistyksen tarkoituksena on edist\u00e4\u00e4 ja tukea purjehdus- ja veneilyharrastusta. Tarkoituksen toteuttamiseksi yhdistys voi:<\/p>\n\n\n\n<ol class=\"wp-block-list\"><li>J\u00e4rjest\u00e4\u00e4 purjehdus- ja veneilykilpailuja.<\/li><li>J\u00e4rjest\u00e4\u00e4 yhteispurjehduksia ja muita j\u00e4sentapahtumia.<\/li><li>J\u00e4rjest\u00e4\u00e4 valmennus- ja neuvontaty\u00f6t\u00e4 purjehdus- ja veneilyharrastuksen kehitt\u00e4miseksi ja vaalimiseksi j\u00e4senist\u00f6ns\u00e4 keskuudessa.<\/li><li>Yll\u00e4pit\u00e4\u00e4 j\u00e4senten k\u00e4ytt\u00f6\u00f6n tarkoitettuja satamia.<\/li><li>Toimia puhtaan luonnon ja ymp\u00e4rist\u00f6n puolesta.<\/li><\/ol>\n\n\n\n<p>Toimintansa tukemiseksi yhdistys voi j\u00e4rjest\u00e4\u00e4 yleis\u00f6tilaisuuksia, arpajaisia ja ker\u00e4yksi\u00e4, harjoittaa muuta v\u00e4litt\u00f6m\u00e4sti yhdistyksen tarkoituksen toteuttamiseen liittyv\u00e4\u00e4 elinkeinoa sek\u00e4 ottaa vastaan lahjoituksia. Yhdistys voi omistaa toimintaansa varten tarpeellista irtainta ja kiinte\u00e4\u00e4 omaisuutta.<\/p>\n\n\n\n<p><strong>3\u00a7 J\u00e4senet<\/strong><\/p>\n\n\n\n<p>Yhdistykseen j\u00e4seneksi voidaan hyv\u00e4ksy\u00e4 henkil\u00f6 tai oikeushenkil\u00f6, joka hyv\u00e4ksyy yhdistyksen tarkoituksen. J\u00e4senet ovat varsinaisia j\u00e4seni\u00e4, nuorisoj\u00e4seni\u00e4, perhej\u00e4seni\u00e4, kannattajaj\u00e4seni\u00e4, kunniaj\u00e4seni\u00e4 tai kunniapuheenjohtajia. Varsinaiseksi j\u00e4seneksi, nuorisoj\u00e4seneksi, perhej\u00e4seneksi tai kannatusj\u00e4seneksi hyv\u00e4ksymisest\u00e4 p\u00e4\u00e4tt\u00e4\u00e4 yhdistyksen hallitus.<\/p>\n\n\n\n<ul class=\"wp-block-list\"><li>Kunniapuheenjohtajaksi tai kunniaj\u00e4seneksi voidaan hallituksen esityksest\u00e4 yhdistyksen kokouksessa kutsua henkil\u00f6, joka on<br>huomattavasti edist\u00e4nyt ja tukenut yhdistyksen toimintaa. <\/li><li>Varsinaiseksi j\u00e4seneksi voi liitty\u00e4 viisitoista vuotta t\u00e4ytt\u00e4nyt henkil\u00f6 tai oikeuskelpoinen yhteis\u00f6, jonka toiminta on l\u00e4hell\u00e4 Espoon merenkulkijoiden tarkoitusta.<\/li><li>Nuorisoj\u00e4seneksi voi liitty\u00e4 alle 26-vuotias henkil\u00f6. Nuorisoj\u00e4senen t\u00e4ytt\u00e4ess\u00e4 26 vuotta katsotaan h\u00e4net eronneeksi kyseisen kalenterivuoden lopussa, ellei h\u00e4n hae j\u00e4senyytt\u00e4 toiseen j\u00e4senryhm\u00e4\u00e4n.<\/li><li>Perhej\u00e4seneksi voi liitty\u00e4 henkil\u00f6, joka asuu samassa taloudessa yhdistyksen varsinaisen j\u00e4senen kanssa.<\/li><li>Kannatusj\u00e4seneksi voi liitty\u00e4 luonnollinen henkil\u00f6 tai oikeushenkil\u00f6.<\/li><\/ul>\n\n\n\n<p>Varsinaisilla j\u00e4senill\u00e4, kunniapuheenjohtajilla ja kunniaj\u00e4senill\u00e4 on etuoikeus yhdistyksen yll\u00e4pit\u00e4mien satamien venepaikkoja jaettaessa.<\/p>\n\n\n\n<p><strong>4\u00a7 Liittymis- ja j\u00e4senmaksu<\/strong><\/p>\n\n\n\n<p>Yhdistyksen j\u00e4senilt\u00e4 peritt\u00e4v\u00e4n liittymismaksun sek\u00e4 vuotuisen j\u00e4senmaksun suuruudesta ja maksuajankohdasta p\u00e4\u00e4tt\u00e4\u00e4 yhdistyksen vuosikokous kunkin j\u00e4senryhm\u00e4n osalta erikseen. Kunniaj\u00e4senilt\u00e4 ja kunniapuheenjohtajilta ei perit\u00e4 liittymis- eik\u00e4 j\u00e4senmaksua.<\/p>\n\n\n\n<p><strong>5\u00a7 Yhdistyksest\u00e4 eroaminen ja erottaminen<\/strong><\/p>\n\n\n\n<p>J\u00e4sen voi erota yhdistyksest\u00e4 ilmoittamalla siit\u00e4 kirjallisesti yhdistyksen hallitukselle tai sen puheenjohtajalle taikka ilmoittamalla siit\u00e4 yhdistyksen kokouksessa p\u00f6yt\u00e4kirjaan merkitt\u00e4v\u00e4ksi.<\/p>\n\n\n\n<p>Yhdistyksen hallitus on oikeutettu erottamaan yhdistyksest\u00e4 j\u00e4senen, joka ei 6 kuukauden kuluessa ole suorittanut er\u00e4\u00e4ntyneit\u00e4 maksujaan. Hallituksella on oikeus erottaa yhdistyksest\u00e4 j\u00e4sen yhdistyksen s\u00e4\u00e4nt\u00f6jen tai m\u00e4\u00e4r\u00e4ysten rikkomisen vuoksi tai jos j\u00e4sen ei en\u00e4\u00e4 t\u00e4yt\u00e4 laissa tai n\u00e4iss\u00e4 s\u00e4\u00e4nn\u00f6iss\u00e4 mainittuja j\u00e4senyyden ehtoja. Ennen erottamisp\u00e4\u00e4t\u00f6ksen tekemist\u00e4 asianomaiselle j\u00e4senelle on varattava tilaisuus selityksen antamiseen asiassa, paitsi milloin erottamisen syyn\u00e4 on j\u00e4senmaksun maksamatta j\u00e4tt\u00e4minen. Erotetulle on ilmoitettava erottamisp\u00e4\u00e4t\u00f6ksest\u00e4 ja erottamisen syy viikon kuluessa p\u00e4\u00e4t\u00f6ksen tekemisest\u00e4 kirjatulla kirjeell\u00e4. Erotetulla on oikeus kolmenkymmenen (30) p\u00e4iv\u00e4n kuluessa tiedon siit\u00e4 saatuaan valittaa erottamisp\u00e4\u00e4t\u00f6ksest\u00e4 kirjallisesti hallitukselle, jolloin hallituksen on viet\u00e4v\u00e4 asia yhdistyksen kokouksen p\u00e4\u00e4tett\u00e4v\u00e4ksi, paitsi mik\u00e4li erottamisen syyn\u00e4 on ollut yli kuuden kuukauden ajan maksamatta j\u00e4tetty j\u00e4senmaksu. Kokouksessa vaaditaan erottamisp\u00e4\u00e4t\u00f6ksen vahvistamiseen v\u00e4hint\u00e4\u00e4n 3\/4 kaikista \u00e4\u00e4nestyksess\u00e4 annetuista \u00e4\u00e4nist\u00e4. \u00c4\u00e4nestyksen tulee tapahtua suljetuin lipuin.<\/p>\n\n\n\n<p><strong>6\u00a7 Seuran s\u00e4\u00e4nt\u00f6m\u00e4\u00e4r\u00e4inen kokous<\/strong><\/p>\n\n\n\n<p>Yhdistyksen s\u00e4\u00e4nt\u00f6m\u00e4\u00e4r\u00e4inen kokous, eli vuosikokous, pidet\u00e4\u00e4n huhtikuun loppuun menness\u00e4 johtokunnan tarkemmin m\u00e4\u00e4r\u00e4\u00e4m\u00e4n\u00e4 ajankohtana ja siin\u00e4 k\u00e4sitell\u00e4\u00e4n seuraavat asiat:<\/p>\n\n\n\n<ol class=\"wp-block-list\"><li>Kokouksen avaus<\/li><li>Valitaan kokouksen puheenjohtaja, sihteeri, kaksi p\u00f6yt\u00e4kirjantarkastajaa ja tarvittaessa kaksi \u00e4\u00e4ntenlaskijaa<\/li><li>Todetaan kokouksen laillisuus ja p\u00e4\u00e4t\u00f6svaltaisuus<\/li><li>Hyv\u00e4ksyt\u00e4\u00e4n kokouksen ty\u00f6j\u00e4rjestys<\/li><li>Esitet\u00e4\u00e4n tilinp\u00e4\u00e4t\u00f6s, vuosikertomus ja toiminnantarkastajan\/toiminnantarkastajien\/tilintarkastajan lausunto<\/li><li>P\u00e4\u00e4tet\u00e4\u00e4n tilinp\u00e4\u00e4t\u00f6ksen vahvistamisesta ja vastuuvapauden my\u00f6nt\u00e4misest\u00e4 hallitukselle ja muille vastuussa oleville<\/li><li>Vahvistetaan toimintasuunnitelma, tulo- ja menoarvio sek\u00e4 liittymis- ja j\u00e4senmaksujen suuruudet s\u00e4\u00e4nt\u00f6jen 4\u00a7 mukaisesti<\/li><li>Valitaan yhdistyksen hallituksen puheenjohtaja ja muut j\u00e4senet<\/li><li>Valitaan toiminnantarkastaja ja varatoiminnantarkastaja tai kaksi toiminnantarkastajaa tai tilintarkastaja ja varatilintarkastaja<\/li><li>K\u00e4sitell\u00e4\u00e4n muut kokouskutsussa mainitut asiat<\/li><li>Keskustellaan muista esille tulevista asioista.<\/li><\/ol>\n\n\n\n<p>Vuosikokouksen k\u00e4sitelt\u00e4v\u00e4ksi tarkoitettu asia on j\u00e4tett\u00e4v\u00e4 kirjallisesti hallitukselle viimeist\u00e4\u00e4n kolmekymment\u00e4 (30) p\u00e4iv\u00e4\u00e4 ennen kokousta, jotta hallitus ehtii sis\u00e4llytt\u00e4\u00e4 asiat kokouskutsuun.<\/p>\n\n\n\n<p><strong>7\u00a7 Ylim\u00e4\u00e4r\u00e4inen kokous<\/strong><\/p>\n\n\n\n<p>Yhdistyksen ylim\u00e4\u00e4r\u00e4inen kokous pidet\u00e4\u00e4n, kun yhdistyksen kokous niin p\u00e4\u00e4tt\u00e4\u00e4 tai hallitus katsoo siihen olevan aihetta. Ylim\u00e4\u00e4r\u00e4inen kokous on my\u00f6s pidett\u00e4v\u00e4, jos v\u00e4hint\u00e4\u00e4n yksi kymmenesosa (1\/10) yhdistyksen \u00e4\u00e4nioikeutetuista j\u00e4senist\u00e4 sit\u00e4 ilmoittamaansa asiaa varten kirjallisesti johtokunnalta vaatii. Johtokunnan on viipym\u00e4tt\u00e4 vaatimuksen saatuaan kutsuttava yhdistyksen ylim\u00e4\u00e4r\u00e4inen kokous koolle pidett\u00e4v\u00e4ksi viimeist\u00e4\u00e4n nelj\u00e4n (4) viikon kuluessa vaatimuksen esitt\u00e4misest\u00e4.<\/p>\n\n\n\n<p><strong>8\u00a7 \u00c4\u00e4nioikeus yhdistyksen kokouksessa<\/strong><\/p>\n\n\n\n<p>Jokaisella yhdistyksen varsinaisella j\u00e4senell\u00e4 on yhdistyksen kokouksessa \u00e4\u00e4nioikeus ja yksi (1) \u00e4\u00e4ni. Yhdistyksen nuoriso-, perhe- ja kannattajaj\u00e4senill\u00e4 on yhdistyksen kokouksissa puhe- ja l\u00e4sn\u00e4olo-oikeus, mutta ei oikeutta ottaa osaa \u00e4\u00e4nestyksiin. Kunniaj\u00e4senill\u00e4 ja kunniapuheenjohtajilla on yhdistyksen kokouksissa puhe- ja l\u00e4sn\u00e4olo-oikeus, mutta voivat ottaa osaa \u00e4\u00e4nestykseen vain, jos heill\u00e4 oli \u00e4\u00e4nioikeus ennen kunniaj\u00e4seneksi taikka kunniapuheenjohtajaksi kutsumista.<\/p>\n\n\n\n<p><strong>9\u00a7 Yhdistyksen kokousten koollekutsuminen<\/strong><\/p>\n\n\n\n<p>Hallituksen on kutsuttava yhdistyksen kokous koolle v\u00e4hint\u00e4\u00e4n nelj\u00e4toista (14) vuorokautta ennen kokousta s\u00e4hk\u00f6postitse tai postitetulla kirjeell\u00e4.<\/p>\n\n\n\n<p><strong>10\u00a7 Yhdistyksen hallitus<\/strong><\/p>\n\n\n\n<p>Yhdistyksen asioita hoitaa hallitus (pursiseuran johtokunta), johon kuuluu vuosikokouksessa valitut puheenjohtaja (pursiseuran kommodori) ja 3-11 muuta varsinaista j\u00e4sent\u00e4 sek\u00e4 0-8 varaj\u00e4sent\u00e4. Hallituksen toimikausi on vuosikokousten v\u00e4linen aika. Hallitus valitsee keskuudestaan varapuheenjohtajan (pursiseuran varakommodorin), sihteerin, taloudenhoitaja ja muut tarvittavat toimihenkil\u00f6t. Hallitus kokoontuu puheenjohtajan tai h\u00e4nen estyneen\u00e4 ollessaan varapuheenjohtajan kutsusta, kun he katsovat siihen olevan aihetta tai kun v\u00e4hint\u00e4\u00e4n puolet hallituksen j\u00e4senist\u00e4 sit\u00e4 vaatii. Hallitus on p\u00e4\u00e4t\u00f6svaltainen, kun v\u00e4hint\u00e4\u00e4n puolet sen j\u00e4senist\u00e4, puheenjohtaja tai varapuheenjohtaja mukaan luettuna, on l\u00e4sn\u00e4. \u00c4\u00e4nestykset ratkaistaan ehdottomalla enemmist\u00f6ll\u00e4 annetuista \u00e4\u00e4nist\u00e4. \u00c4\u00e4nten menness\u00e4 tasan ratkaisee puheenjohtajan \u00e4\u00e4ni, vaaleissa kuitenkin arpa. Hallituksen teht\u00e4v\u00e4n\u00e4 on hoitaa yhdistyksen asioita lain ja n\u00e4iden s\u00e4\u00e4nt\u00f6jen sek\u00e4 yhdistyksen kokouksen p\u00e4\u00e4t\u00f6sten mukaisesti.<\/p>\n\n\n\n<p>Johtokunnan teht\u00e4v\u00e4n\u00e4 on:<\/p>\n\n\n\n<ol class=\"wp-block-list\"><li>Edustaa yhdistyst\u00e4<\/li><li>Johtaa yhdistyksen toimintaa, hoitaa sen taloutta ja omaisuutta sis\u00e4lt\u00e4en yhdistyksen arvoltaan v\u00e4h\u00e4isen omaisuuden myymisen tai vaihtamisen sek\u00e4 valvoa yhdistyksen s\u00e4\u00e4nt\u00f6jen noudattamista<\/li><li>Kutsua koolle yhdistyksen kokoukset ja valmistella niiss\u00e4 k\u00e4sitelt\u00e4v\u00e4t asiat<\/li><li>Panna toimeen yhdistyksen kokouksen p\u00e4\u00e4t\u00f6kset<\/li><li>Hoitaa yhdistyksen j\u00e4sen- ja venerekisteri\u00e4 ja<\/li><li>Laatia ehdotukset toimintakertomukseksi, tilinp\u00e4\u00e4t\u00f6kseksi, toimintasuunnitelmaksi ja talousarvioksi.<\/li><\/ol>\n\n\n\n<p><strong>11\u00a7 Yhdistyksen nimen kirjoittaminen<\/strong><\/p>\n\n\n\n<p>Yhdistyksen nimen kirjoittaa hallituksen puheenjohtaja, varapuheenjohtaja, sihteeri ja taloudenhoitaja, kaksi aina yhdess\u00e4. Hallitus voi m\u00e4\u00e4r\u00e4t\u00e4 hallituksen j\u00e4senen tai yhdistyksen toimihenkil\u00f6n kirjoittamaan yhdistyksen nimen yksin tai yhdess\u00e4 jonkun toisen nimenkirjoittajan kanssa.<\/p>\n\n\n\n<p><strong>12\u00a7 Tilikausi<\/strong><\/p>\n\n\n\n<p>Yhdistyksen tilikausi on kalenterivuosi.<\/p>\n\n\n\n<p><strong>13\u00a7 S\u00e4\u00e4nt\u00f6jen muuttaminen<\/strong><\/p>\n\n\n\n<p>Yhdistyksen s\u00e4\u00e4nt\u00f6jen muuttamisesta p\u00e4\u00e4tt\u00e4\u00e4 yhdistyksen kokous. Ehdotus s\u00e4\u00e4nt\u00f6jen muuttamisesta hyv\u00e4ksyt\u00e4\u00e4n, jos sit\u00e4 kannattaa v\u00e4hint\u00e4\u00e4n kolme nelj\u00e4sosaa (3\/4) \u00e4\u00e4nestyksess\u00e4 annetuista \u00e4\u00e4nist\u00e4.<br><\/p>\n\n\n\n<p><strong>14\u00a7 J\u00e4senyys kattoj\u00e4rjest\u00f6iss\u00e4<\/strong><\/p>\n\n\n\n<p>Yhdistyksen j\u00e4senyyksist\u00e4 kattoj\u00e4rjest\u00f6iss\u00e4 p\u00e4\u00e4tt\u00e4\u00e4 yhdistyksen kokous. Liittymist\u00e4 tai eroamista koskeva ehdotus hyv\u00e4ksyt\u00e4\u00e4n, jos sit\u00e4 kannattaa v\u00e4hint\u00e4\u00e4n kolme nelj\u00e4sosaa (3\/4) \u00e4\u00e4nestyksess\u00e4 annetuista \u00e4\u00e4nist\u00e4.<\/p>\n\n\n\n<p><strong>15\u00a7 Yhdistyksen purkaminen<\/strong><\/p>\n\n\n\n<p>Yhdistyksen purkamisesta p\u00e4\u00e4tt\u00e4\u00e4 yhdistyksen kokous. Ehdotus yhdistyksen purkamisesta hyv\u00e4ksyt\u00e4\u00e4n, jos sit\u00e4 kannattaa kahdessa yhdistyksen kokouksessa, joiden v\u00e4linen aika on v\u00e4hint\u00e4\u00e4n nelj\u00e4 (4) viikkoa, kummassakin v\u00e4hint\u00e4\u00e4n kolme nelj\u00e4sosaa (3\/4) \u00e4\u00e4nestyksess\u00e4 annetuista \u00e4\u00e4nist\u00e4. Jos yhdistys purkautuu tai lakkautetaan, sen j\u00e4ljelle j\u00e4\u00e4neet varat luovutetaan veneily\u00e4 l\u00e4hell\u00e4 olevaan tarkoitukseen siten kuin j\u00e4lkimm\u00e4isess\u00e4 purkamisesta p\u00e4\u00e4tt\u00e4v\u00e4ss\u00e4 yhdistyksen kokouksessa yksinkertaisella \u00e4\u00e4nten enemmist\u00f6ll\u00e4 p\u00e4\u00e4tet\u00e4\u00e4n.<\/p>\n","protected":false},"excerpt":{"rendered":"<p>S\u00e4\u00e4nn\u00f6t on hyv\u00e4ksytty yhdistyksen kokouksessa 10.10.2021 ja rekister\u00f6ity Patentti- ja rekisterihallituksessa 11.10.2021. 1\u00a7 Nimi ja kotipaikka Yhdistyksen nimi on Espoon Merenkulkijat ry. Yhdistyksen kotipaikka on Espoo. 2\u00a7 Seuran tarkoitus ja [&hellip;]<\/p>\n","protected":false},"author":3,"featured_media":0,"parent":0,"menu_order":0,"comment_status":"closed","ping_status":"closed","template":"","meta":{"site-sidebar-layout":"default","site-content-layout":"default","ast-site-content-layout":"default","site-content-style":"default","site-sidebar-style":"default","ast-global-header-display":"","ast-banner-title-visibility":"","ast-main-header-display":"","ast-hfb-above-header-display":"","ast-hfb-below-header-display":"","ast-hfb-mobile-header-display":"","site-post-title":"","ast-breadcrumbs-content":"","ast-featured-img":"","footer-sml-layout":"","ast-disable-related-posts":"","theme-transparent-header-meta":"default","adv-header-id-meta":"","stick-header-meta":"","header-above-stick-meta":"","header-main-stick-meta":"","header-below-stick-meta":"","astra-migrate-meta-layouts":"default","ast-page-background-enabled":"default","ast-page-background-meta":{"desktop":{"background-color":"","background-image":"","background-repeat":"repeat","background-position":"center center","background-size":"auto","background-attachment":"scroll","background-type":"","background-media":"","overlay-type":"","overlay-color":"","overlay-opacity":"","overlay-gradient":""},"tablet":{"background-color":"","background-image":"","background-repeat":"repeat","background-position":"center center","background-size":"auto","background-attachment":"scroll","background-type":"","background-media":"","overlay-type":"","overlay-color":"","overlay-opacity":"","overlay-gradient":""},"mobile":{"background-color":"","background-image":"","background-repeat":"repeat","background-position":"center center","background-size":"auto","background-attachment":"scroll","background-type":"","background-media":"","overlay-type":"","overlay-color":"","overlay-opacity":"","overlay-gradient":""}},"ast-content-background-meta":{"desktop":{"background-color":"var(--ast-global-color-5)","background-image":"","background-repeat":"repeat","background-position":"center center","background-size":"auto","background-attachment":"scroll","background-type":"","background-media":"","overlay-type":"","overlay-color":"","overlay-opacity":"","overlay-gradient":""},"tablet":{"background-color":"var(--ast-global-color-5)","background-image":"","background-repeat":"repeat","background-position":"center center","background-size":"auto","background-attachment":"scroll","background-type":"","background-media":"","overlay-type":"","overlay-color":"","overlay-opacity":"","overlay-gradient":""},"mobile":{"background-color":"var(--ast-global-color-5)","background-image":"","background-repeat":"repeat","background-position":"center center","background-size":"auto","background-attachment":"scroll","background-type":"","background-media":"","overlay-type":"","overlay-color":"","overlay-opacity":"","overlay-gradient":""}},"footnotes":""},"class_list":["post-103","page","type-page","status-publish","hentry"],"yoast_head":"<!-- This site is optimized with the Yoast SEO plugin v27.3 - https:\/\/yoast.com\/product\/yoast-seo-wordpress\/ -->\n<title>S\u00e4\u00e4nn\u00f6t - Espoon Merenkulkijat ry<\/title>\n<meta name=\"robots\" content=\"index, follow, max-snippet:-1, max-image-preview:large, max-video-preview:-1\" \/>\n<link rel=\"canonical\" href=\"https:\/\/espoonmerenkulkijat.net\/index.php\/saannot\/\" \/>\n<meta property=\"og:locale\" content=\"fi_FI\" \/>\n<meta property=\"og:type\" content=\"article\" \/>\n<meta property=\"og:title\" content=\"S\u00e4\u00e4nn\u00f6t - Espoon Merenkulkijat ry\" \/>\n<meta property=\"og:description\" content=\"S\u00e4\u00e4nn\u00f6t on hyv\u00e4ksytty yhdistyksen kokouksessa 10.10.2021 ja rekister\u00f6ity Patentti- ja rekisterihallituksessa 11.10.2021. 1\u00a7 Nimi ja kotipaikka Yhdistyksen nimi on Espoon Merenkulkijat ry. Yhdistyksen kotipaikka on Espoo. 2\u00a7 Seuran tarkoitus ja [&hellip;]\" \/>\n<meta property=\"og:url\" content=\"https:\/\/espoonmerenkulkijat.net\/index.php\/saannot\/\" \/>\n<meta property=\"og:site_name\" content=\"Espoon Merenkulkijat ry\" \/>\n<meta property=\"article:modified_time\" content=\"2021-10-13T16:19:28+00:00\" \/>\n<meta name=\"twitter:card\" content=\"summary_large_image\" \/>\n<meta name=\"twitter:label1\" content=\"Arvioitu lukuaika\" \/>\n\t<meta name=\"twitter:data1\" content=\"6 minuuttia\" \/>\n<script type=\"application\/ld+json\" class=\"yoast-schema-graph\">{\"@context\":\"https:\\\/\\\/schema.org\",\"@graph\":[{\"@type\":\"WebPage\",\"@id\":\"https:\\\/\\\/espoonmerenkulkijat.net\\\/index.php\\\/saannot\\\/\",\"url\":\"https:\\\/\\\/espoonmerenkulkijat.net\\\/index.php\\\/saannot\\\/\",\"name\":\"S\u00e4\u00e4nn\u00f6t - Espoon Merenkulkijat ry\",\"isPartOf\":{\"@id\":\"https:\\\/\\\/espoonmerenkulkijat.net\\\/#website\"},\"datePublished\":\"2019-11-06T17:50:49+00:00\",\"dateModified\":\"2021-10-13T16:19:28+00:00\",\"breadcrumb\":{\"@id\":\"https:\\\/\\\/espoonmerenkulkijat.net\\\/index.php\\\/saannot\\\/#breadcrumb\"},\"inLanguage\":\"fi\",\"potentialAction\":[{\"@type\":\"ReadAction\",\"target\":[\"https:\\\/\\\/espoonmerenkulkijat.net\\\/index.php\\\/saannot\\\/\"]}]},{\"@type\":\"BreadcrumbList\",\"@id\":\"https:\\\/\\\/espoonmerenkulkijat.net\\\/index.php\\\/saannot\\\/#breadcrumb\",\"itemListElement\":[{\"@type\":\"ListItem\",\"position\":1,\"name\":\"Etusivu\",\"item\":\"https:\\\/\\\/espoonmerenkulkijat.net\\\/\"},{\"@type\":\"ListItem\",\"position\":2,\"name\":\"S\u00e4\u00e4nn\u00f6t\"}]},{\"@type\":\"WebSite\",\"@id\":\"https:\\\/\\\/espoonmerenkulkijat.net\\\/#website\",\"url\":\"https:\\\/\\\/espoonmerenkulkijat.net\\\/\",\"name\":\"Espoon Merenkulkijat ry\",\"description\":\"\",\"publisher\":{\"@id\":\"https:\\\/\\\/espoonmerenkulkijat.net\\\/#organization\"},\"potentialAction\":[{\"@type\":\"SearchAction\",\"target\":{\"@type\":\"EntryPoint\",\"urlTemplate\":\"https:\\\/\\\/espoonmerenkulkijat.net\\\/?s={search_term_string}\"},\"query-input\":{\"@type\":\"PropertyValueSpecification\",\"valueRequired\":true,\"valueName\":\"search_term_string\"}}],\"inLanguage\":\"fi\"},{\"@type\":\"Organization\",\"@id\":\"https:\\\/\\\/espoonmerenkulkijat.net\\\/#organization\",\"name\":\"Espoon Merenkulkijat ry\",\"url\":\"https:\\\/\\\/espoonmerenkulkijat.net\\\/\",\"logo\":{\"@type\":\"ImageObject\",\"inLanguage\":\"fi\",\"@id\":\"https:\\\/\\\/espoonmerenkulkijat.net\\\/#\\\/schema\\\/logo\\\/image\\\/\",\"url\":\"https:\\\/\\\/espoonmerenkulkijat.net\\\/wp-content\\\/uploads\\\/2023\\\/01\\\/cropped-EM_50_juhlalogo_320x320.png\",\"contentUrl\":\"https:\\\/\\\/espoonmerenkulkijat.net\\\/wp-content\\\/uploads\\\/2023\\\/01\\\/cropped-EM_50_juhlalogo_320x320.png\",\"width\":320,\"height\":320,\"caption\":\"Espoon Merenkulkijat ry\"},\"image\":{\"@id\":\"https:\\\/\\\/espoonmerenkulkijat.net\\\/#\\\/schema\\\/logo\\\/image\\\/\"}}]}<\/script>\n<!-- \/ Yoast SEO plugin. -->","yoast_head_json":{"title":"S\u00e4\u00e4nn\u00f6t - Espoon Merenkulkijat ry","robots":{"index":"index","follow":"follow","max-snippet":"max-snippet:-1","max-image-preview":"max-image-preview:large","max-video-preview":"max-video-preview:-1"},"canonical":"https:\/\/espoonmerenkulkijat.net\/index.php\/saannot\/","og_locale":"fi_FI","og_type":"article","og_title":"S\u00e4\u00e4nn\u00f6t - Espoon Merenkulkijat ry","og_description":"S\u00e4\u00e4nn\u00f6t on hyv\u00e4ksytty yhdistyksen kokouksessa 10.10.2021 ja rekister\u00f6ity Patentti- ja rekisterihallituksessa 11.10.2021. 1\u00a7 Nimi ja kotipaikka Yhdistyksen nimi on Espoon Merenkulkijat ry. Yhdistyksen kotipaikka on Espoo. 2\u00a7 Seuran tarkoitus ja [&hellip;]","og_url":"https:\/\/espoonmerenkulkijat.net\/index.php\/saannot\/","og_site_name":"Espoon Merenkulkijat ry","article_modified_time":"2021-10-13T16:19:28+00:00","twitter_card":"summary_large_image","twitter_misc":{"Arvioitu lukuaika":"6 minuuttia"},"schema":{"@context":"https:\/\/schema.org","@graph":[{"@type":"WebPage","@id":"https:\/\/espoonmerenkulkijat.net\/index.php\/saannot\/","url":"https:\/\/espoonmerenkulkijat.net\/index.php\/saannot\/","name":"S\u00e4\u00e4nn\u00f6t - Espoon Merenkulkijat ry","isPartOf":{"@id":"https:\/\/espoonmerenkulkijat.net\/#website"},"datePublished":"2019-11-06T17:50:49+00:00","dateModified":"2021-10-13T16:19:28+00:00","breadcrumb":{"@id":"https:\/\/espoonmerenkulkijat.net\/index.php\/saannot\/#breadcrumb"},"inLanguage":"fi","potentialAction":[{"@type":"ReadAction","target":["https:\/\/espoonmerenkulkijat.net\/index.php\/saannot\/"]}]},{"@type":"BreadcrumbList","@id":"https:\/\/espoonmerenkulkijat.net\/index.php\/saannot\/#breadcrumb","itemListElement":[{"@type":"ListItem","position":1,"name":"Etusivu","item":"https:\/\/espoonmerenkulkijat.net\/"},{"@type":"ListItem","position":2,"name":"S\u00e4\u00e4nn\u00f6t"}]},{"@type":"WebSite","@id":"https:\/\/espoonmerenkulkijat.net\/#website","url":"https:\/\/espoonmerenkulkijat.net\/","name":"Espoon Merenkulkijat ry","description":"","publisher":{"@id":"https:\/\/espoonmerenkulkijat.net\/#organization"},"potentialAction":[{"@type":"SearchAction","target":{"@type":"EntryPoint","urlTemplate":"https:\/\/espoonmerenkulkijat.net\/?s={search_term_string}"},"query-input":{"@type":"PropertyValueSpecification","valueRequired":true,"valueName":"search_term_string"}}],"inLanguage":"fi"},{"@type":"Organization","@id":"https:\/\/espoonmerenkulkijat.net\/#organization","name":"Espoon Merenkulkijat ry","url":"https:\/\/espoonmerenkulkijat.net\/","logo":{"@type":"ImageObject","inLanguage":"fi","@id":"https:\/\/espoonmerenkulkijat.net\/#\/schema\/logo\/image\/","url":"https:\/\/espoonmerenkulkijat.net\/wp-content\/uploads\/2023\/01\/cropped-EM_50_juhlalogo_320x320.png","contentUrl":"https:\/\/espoonmerenkulkijat.net\/wp-content\/uploads\/2023\/01\/cropped-EM_50_juhlalogo_320x320.png","width":320,"height":320,"caption":"Espoon Merenkulkijat ry"},"image":{"@id":"https:\/\/espoonmerenkulkijat.net\/#\/schema\/logo\/image\/"}}]}},"_links":{"self":[{"href":"https:\/\/espoonmerenkulkijat.net\/index.php\/wp-json\/wp\/v2\/pages\/103","targetHints":{"allow":["GET"]}}],"collection":[{"href":"https:\/\/espoonmerenkulkijat.net\/index.php\/wp-json\/wp\/v2\/pages"}],"about":[{"href":"https:\/\/espoonmerenkulkijat.net\/index.php\/wp-json\/wp\/v2\/types\/page"}],"author":[{"embeddable":true,"href":"https:\/\/espoonmerenkulkijat.net\/index.php\/wp-json\/wp\/v2\/users\/3"}],"replies":[{"embeddable":true,"href":"https:\/\/espoonmerenkulkijat.net\/index.php\/wp-json\/wp\/v2\/comments?post=103"}],"version-history":[{"count":5,"href":"https:\/\/espoonmerenkulkijat.net\/index.php\/wp-json\/wp\/v2\/pages\/103\/revisions"}],"predecessor-version":[{"id":1097,"href":"https:\/\/espoonmerenkulkijat.net\/index.php\/wp-json\/wp\/v2\/pages\/103\/revisions\/1097"}],"wp:attachment":[{"href":"https:\/\/espoonmerenkulkijat.net\/index.php\/wp-json\/wp\/v2\/media?parent=103"}],"curies":[{"name":"wp","href":"https:\/\/api.w.org\/{rel}","templated":true}]}}