{"id":112,"date":"2019-11-06T17:55:12","date_gmt":"2019-11-06T17:55:12","guid":{"rendered":"http:\/\/temp.espoonmerenkulkijat.net\/?page_id=112"},"modified":"2026-01-07T17:55:27","modified_gmt":"2026-01-07T15:55:27","slug":"venepaikat","status":"publish","type":"page","link":"https:\/\/espoonmerenkulkijat.net\/index.php\/venepaikat\/","title":{"rendered":"Veneet ja venepaikat"},"content":{"rendered":"\n<p>Espoon Merenkulkijoiden <a href=\"https:\/\/espoonmerenkulkijat.net\/index.php\/satama\/\">satamaan<\/a> sopii mainiosti keskikokoisia ja pieni\u00e4 veneit\u00e4. Purjeveneiss\u00e4 enimm\u00e4issyv\u00e4ys on reilu kaksi metri\u00e4. Veneiden paino voi olla korkeintaan Espoon kaupungin s\u00e4\u00e4nt\u00f6jen mukaan alle 10 000 kg. Veneen omistaja vastaa veneen kiinnityksest\u00e4 satamassa ja k\u00e4ytt\u00e4\u00e4 katsastusohjeiden mukaisia kiinnitysk\u00f6ysi\u00e4 ja -hakoja.\u00a0\u00a0Veneenomistajan tulee k\u00e4yd\u00e4 satamassa s\u00e4\u00e4nn\u00f6llisesti tarkistamassa veneen kunto ja tyhjent\u00e4m\u00e4ss\u00e4 avoveneet niihin mahdollisesti kertyneest\u00e4 vedest\u00e4.\u00a0<\/p>\n\n\n\n<p>S\u00e4hk\u00f6 on venesatamissa kytkettyn\u00e4 olosuhteista riippuen 15.3.\u201330.11., ja se on veneilij\u00f6iden k\u00e4ytett\u00e4viss\u00e4 veneiden korjaus- ja kunnostust\u00f6it\u00e4 sek\u00e4 akkujen lataamista varten. Suurin virtam\u00e4\u00e4r\u00e4 on 10 A eli noin 2 400 W. S\u00e4hk\u00f6\u00e4 ei saa k\u00e4ytt\u00e4\u00e4 veneiden l\u00e4mmitykseen. K\u00e4ytett\u00e4vien jatkojohtojen on oltava ulkok\u00e4ytt\u00f6\u00f6n tarkoitettuja ja asennettuna siten, etteiv\u00e4t ne aiheuta kompastumis- tai muuta vaaraa sataman k\u00e4ytt\u00e4jille.<\/p>\n\n\n\n<p><a href=\"https:\/\/espoonmerenkulkijat.net\/index.php\/katsastus\/\">Katsastus<\/a> suoritetaan katsastusjaoston antamien ohjeiden mukaan juhannukseen menness\u00e4. Nokkalan satamassa olevilta veneilt\u00e4 edellytet\u00e4\u00e4n, ett\u00e4 ne l\u00e4p\u00e4isev\u00e4t katsastuksen. Katsastamisvelvollisuuden laiminly\u00f6nnist\u00e4 veloitetaan vuosikokouksen hyv\u00e4ksym\u00e4 katsastussakko. Veneille, joiden katsastus on toistuvasti laiminly\u00f6ty, ei my\u00f6nnet\u00e4 satamapaikkaa.<\/p>\n\n\n\n<h4 class=\"wp-block-heading\">Venevakuutus<\/h4>\n\n\n\n<p>Kaikkien seuran satamassa s\u00e4ilytett\u00e4vien veneiden on oltava vakuutettuja. Jokainen j\u00e4sen tai vuokralainen huolehtii, ett\u00e4 veneet ovat vakuutettuja mahdollisten havereiden varalle. My\u00f6s talvis\u00e4ilytyksess\u00e4 olevissa veneiss\u00e4 on oltava riitt\u00e4v\u00e4 vakuutusturva.Aina ajantasainen venepaikkakartta vene- ja omistajatietoineen l\u00f6ytyy j\u00e4sensivuilla <a href=\"https:\/\/venekerhot.fi\/em#\/berthsmap\" target=\"_blank\" rel=\"noreferrer noopener\">venekerhot.fi<\/a> -palvelussa.<\/p>\n\n\n\n<p>Alla kartta venepaikkanumeroista:<\/p>\n\n\n\n<figure class=\"wp-block-image size-large\"><img loading=\"lazy\" decoding=\"async\" width=\"1024\" height=\"604\" src=\"https:\/\/espoonmerenkulkijat.net\/wp-content\/uploads\/2025\/04\/laiturikartta-1024x604.png\" alt=\"\" class=\"wp-image-3104\" srcset=\"https:\/\/espoonmerenkulkijat.net\/wp-content\/uploads\/2025\/04\/laiturikartta-1024x604.png 1024w, https:\/\/espoonmerenkulkijat.net\/wp-content\/uploads\/2025\/04\/laiturikartta-300x177.png 300w, https:\/\/espoonmerenkulkijat.net\/wp-content\/uploads\/2025\/04\/laiturikartta-768x453.png 768w, https:\/\/espoonmerenkulkijat.net\/wp-content\/uploads\/2025\/04\/laiturikartta-1536x906.png 1536w, https:\/\/espoonmerenkulkijat.net\/wp-content\/uploads\/2025\/04\/laiturikartta-2048x1208.png 2048w\" sizes=\"auto, (max-width: 1024px) 100vw, 1024px\" \/><\/figure>\n\n\n\n<p>Trailereiden s\u00e4ilytys on Suomenojalla. EM:n trailerit voi vied\u00e4 alueille S, T, U tai V.<\/p>\n\n\n\n<p><\/p>\n","protected":false},"excerpt":{"rendered":"<p>Espoon Merenkulkijoiden satamaan sopii mainiosti keskikokoisia ja pieni\u00e4 veneit\u00e4. Purjeveneiss\u00e4 enimm\u00e4issyv\u00e4ys on reilu kaksi metri\u00e4. Veneiden paino voi olla korkeintaan Espoon kaupungin s\u00e4\u00e4nt\u00f6jen mukaan alle 10 000 kg. Veneen omistaja [&hellip;]<\/p>\n","protected":false},"author":3,"featured_media":0,"parent":0,"menu_order":0,"comment_status":"closed","ping_status":"closed","template":"","meta":{"site-sidebar-layout":"default","site-content-layout":"default","ast-site-content-layout":"default","site-content-style":"default","site-sidebar-style":"default","ast-global-header-display":"","ast-banner-title-visibility":"","ast-main-header-display":"","ast-hfb-above-header-display":"","ast-hfb-below-header-display":"","ast-hfb-mobile-header-display":"","site-post-title":"","ast-breadcrumbs-content":"","ast-featured-img":"","footer-sml-layout":"","ast-disable-related-posts":"","theme-transparent-header-meta":"default","adv-header-id-meta":"","stick-header-meta":"","header-above-stick-meta":"","header-main-stick-meta":"","header-below-stick-meta":"","astra-migrate-meta-layouts":"set","ast-page-background-enabled":"default","ast-page-background-meta":{"desktop":{"background-color":"","background-image":"","background-repeat":"repeat","background-position":"center center","background-size":"auto","background-attachment":"scroll","background-type":"","background-media":"","overlay-type":"","overlay-color":"","overlay-opacity":"","overlay-gradient":""},"tablet":{"background-color":"","background-image":"","background-repeat":"repeat","background-position":"center center","background-size":"auto","background-attachment":"scroll","background-type":"","background-media":"","overlay-type":"","overlay-color":"","overlay-opacity":"","overlay-gradient":""},"mobile":{"background-color":"","background-image":"","background-repeat":"repeat","background-position":"center center","background-size":"auto","background-attachment":"scroll","background-type":"","background-media":"","overlay-type":"","overlay-color":"","overlay-opacity":"","overlay-gradient":""}},"ast-content-background-meta":{"desktop":{"background-color":"var(--ast-global-color-5)","background-image":"","background-repeat":"repeat","background-position":"center center","background-size":"auto","background-attachment":"scroll","background-type":"","background-media":"","overlay-type":"","overlay-color":"","overlay-opacity":"","overlay-gradient":""},"tablet":{"background-color":"var(--ast-global-color-5)","background-image":"","background-repeat":"repeat","background-position":"center center","background-size":"auto","background-attachment":"scroll","background-type":"","background-media":"","overlay-type":"","overlay-color":"","overlay-opacity":"","overlay-gradient":""},"mobile":{"background-color":"var(--ast-global-color-5)","background-image":"","background-repeat":"repeat","background-position":"center center","background-size":"auto","background-attachment":"scroll","background-type":"","background-media":"","overlay-type":"","overlay-color":"","overlay-opacity":"","overlay-gradient":""}},"footnotes":""},"class_list":["post-112","page","type-page","status-publish","hentry"],"yoast_head":"<!-- This site is optimized with the Yoast SEO plugin v27.3 - https:\/\/yoast.com\/product\/yoast-seo-wordpress\/ -->\n<title>Veneet ja venepaikat - Espoon Merenkulkijat ry<\/title>\n<meta name=\"robots\" content=\"index, follow, max-snippet:-1, max-image-preview:large, max-video-preview:-1\" \/>\n<link rel=\"canonical\" href=\"https:\/\/espoonmerenkulkijat.net\/index.php\/venepaikat\/\" \/>\n<meta property=\"og:locale\" content=\"fi_FI\" \/>\n<meta property=\"og:type\" content=\"article\" \/>\n<meta property=\"og:title\" content=\"Veneet ja venepaikat - Espoon Merenkulkijat ry\" \/>\n<meta property=\"og:description\" content=\"Espoon Merenkulkijoiden satamaan sopii mainiosti keskikokoisia ja pieni\u00e4 veneit\u00e4. Purjeveneiss\u00e4 enimm\u00e4issyv\u00e4ys on reilu kaksi metri\u00e4. Veneiden paino voi olla korkeintaan Espoon kaupungin s\u00e4\u00e4nt\u00f6jen mukaan alle 10 000 kg. Veneen omistaja [&hellip;]\" \/>\n<meta property=\"og:url\" content=\"https:\/\/espoonmerenkulkijat.net\/index.php\/venepaikat\/\" \/>\n<meta property=\"og:site_name\" content=\"Espoon Merenkulkijat ry\" \/>\n<meta property=\"article:modified_time\" content=\"2026-01-07T15:55:27+00:00\" \/>\n<meta property=\"og:image\" content=\"https:\/\/espoonmerenkulkijat.net\/wp-content\/uploads\/2025\/04\/laiturikartta.png\" \/>\n\t<meta property=\"og:image:width\" content=\"3000\" \/>\n\t<meta property=\"og:image:height\" content=\"1770\" \/>\n\t<meta property=\"og:image:type\" content=\"image\/png\" \/>\n<meta name=\"twitter:card\" content=\"summary_large_image\" \/>\n<meta name=\"twitter:label1\" content=\"Arvioitu lukuaika\" \/>\n\t<meta name=\"twitter:data1\" content=\"2 minuuttia\" \/>\n<script type=\"application\/ld+json\" class=\"yoast-schema-graph\">{\"@context\":\"https:\\\/\\\/schema.org\",\"@graph\":[{\"@type\":\"WebPage\",\"@id\":\"https:\\\/\\\/espoonmerenkulkijat.net\\\/index.php\\\/venepaikat\\\/\",\"url\":\"https:\\\/\\\/espoonmerenkulkijat.net\\\/index.php\\\/venepaikat\\\/\",\"name\":\"Veneet ja venepaikat - Espoon Merenkulkijat ry\",\"isPartOf\":{\"@id\":\"https:\\\/\\\/espoonmerenkulkijat.net\\\/#website\"},\"primaryImageOfPage\":{\"@id\":\"https:\\\/\\\/espoonmerenkulkijat.net\\\/index.php\\\/venepaikat\\\/#primaryimage\"},\"image\":{\"@id\":\"https:\\\/\\\/espoonmerenkulkijat.net\\\/index.php\\\/venepaikat\\\/#primaryimage\"},\"thumbnailUrl\":\"https:\\\/\\\/espoonmerenkulkijat.net\\\/wp-content\\\/uploads\\\/2025\\\/04\\\/laiturikartta-1024x604.png\",\"datePublished\":\"2019-11-06T17:55:12+00:00\",\"dateModified\":\"2026-01-07T15:55:27+00:00\",\"breadcrumb\":{\"@id\":\"https:\\\/\\\/espoonmerenkulkijat.net\\\/index.php\\\/venepaikat\\\/#breadcrumb\"},\"inLanguage\":\"fi\",\"potentialAction\":[{\"@type\":\"ReadAction\",\"target\":[\"https:\\\/\\\/espoonmerenkulkijat.net\\\/index.php\\\/venepaikat\\\/\"]}]},{\"@type\":\"ImageObject\",\"inLanguage\":\"fi\",\"@id\":\"https:\\\/\\\/espoonmerenkulkijat.net\\\/index.php\\\/venepaikat\\\/#primaryimage\",\"url\":\"https:\\\/\\\/espoonmerenkulkijat.net\\\/wp-content\\\/uploads\\\/2025\\\/04\\\/laiturikartta.png\",\"contentUrl\":\"https:\\\/\\\/espoonmerenkulkijat.net\\\/wp-content\\\/uploads\\\/2025\\\/04\\\/laiturikartta.png\",\"width\":3000,\"height\":1770},{\"@type\":\"BreadcrumbList\",\"@id\":\"https:\\\/\\\/espoonmerenkulkijat.net\\\/index.php\\\/venepaikat\\\/#breadcrumb\",\"itemListElement\":[{\"@type\":\"ListItem\",\"position\":1,\"name\":\"Etusivu\",\"item\":\"https:\\\/\\\/espoonmerenkulkijat.net\\\/\"},{\"@type\":\"ListItem\",\"position\":2,\"name\":\"Veneet ja venepaikat\"}]},{\"@type\":\"WebSite\",\"@id\":\"https:\\\/\\\/espoonmerenkulkijat.net\\\/#website\",\"url\":\"https:\\\/\\\/espoonmerenkulkijat.net\\\/\",\"name\":\"Espoon Merenkulkijat ry\",\"description\":\"\",\"publisher\":{\"@id\":\"https:\\\/\\\/espoonmerenkulkijat.net\\\/#organization\"},\"potentialAction\":[{\"@type\":\"SearchAction\",\"target\":{\"@type\":\"EntryPoint\",\"urlTemplate\":\"https:\\\/\\\/espoonmerenkulkijat.net\\\/?s={search_term_string}\"},\"query-input\":{\"@type\":\"PropertyValueSpecification\",\"valueRequired\":true,\"valueName\":\"search_term_string\"}}],\"inLanguage\":\"fi\"},{\"@type\":\"Organization\",\"@id\":\"https:\\\/\\\/espoonmerenkulkijat.net\\\/#organization\",\"name\":\"Espoon Merenkulkijat ry\",\"url\":\"https:\\\/\\\/espoonmerenkulkijat.net\\\/\",\"logo\":{\"@type\":\"ImageObject\",\"inLanguage\":\"fi\",\"@id\":\"https:\\\/\\\/espoonmerenkulkijat.net\\\/#\\\/schema\\\/logo\\\/image\\\/\",\"url\":\"https:\\\/\\\/espoonmerenkulkijat.net\\\/wp-content\\\/uploads\\\/2023\\\/01\\\/cropped-EM_50_juhlalogo_320x320.png\",\"contentUrl\":\"https:\\\/\\\/espoonmerenkulkijat.net\\\/wp-content\\\/uploads\\\/2023\\\/01\\\/cropped-EM_50_juhlalogo_320x320.png\",\"width\":320,\"height\":320,\"caption\":\"Espoon Merenkulkijat ry\"},\"image\":{\"@id\":\"https:\\\/\\\/espoonmerenkulkijat.net\\\/#\\\/schema\\\/logo\\\/image\\\/\"}}]}<\/script>\n<!-- \/ Yoast SEO plugin. -->","yoast_head_json":{"title":"Veneet ja venepaikat - Espoon Merenkulkijat ry","robots":{"index":"index","follow":"follow","max-snippet":"max-snippet:-1","max-image-preview":"max-image-preview:large","max-video-preview":"max-video-preview:-1"},"canonical":"https:\/\/espoonmerenkulkijat.net\/index.php\/venepaikat\/","og_locale":"fi_FI","og_type":"article","og_title":"Veneet ja venepaikat - Espoon Merenkulkijat ry","og_description":"Espoon Merenkulkijoiden satamaan sopii mainiosti keskikokoisia ja pieni\u00e4 veneit\u00e4. Purjeveneiss\u00e4 enimm\u00e4issyv\u00e4ys on reilu kaksi metri\u00e4. Veneiden paino voi olla korkeintaan Espoon kaupungin s\u00e4\u00e4nt\u00f6jen mukaan alle 10 000 kg. Veneen omistaja [&hellip;]","og_url":"https:\/\/espoonmerenkulkijat.net\/index.php\/venepaikat\/","og_site_name":"Espoon Merenkulkijat ry","article_modified_time":"2026-01-07T15:55:27+00:00","og_image":[{"width":3000,"height":1770,"url":"https:\/\/espoonmerenkulkijat.net\/wp-content\/uploads\/2025\/04\/laiturikartta.png","type":"image\/png"}],"twitter_card":"summary_large_image","twitter_misc":{"Arvioitu lukuaika":"2 minuuttia"},"schema":{"@context":"https:\/\/schema.org","@graph":[{"@type":"WebPage","@id":"https:\/\/espoonmerenkulkijat.net\/index.php\/venepaikat\/","url":"https:\/\/espoonmerenkulkijat.net\/index.php\/venepaikat\/","name":"Veneet ja venepaikat - Espoon Merenkulkijat ry","isPartOf":{"@id":"https:\/\/espoonmerenkulkijat.net\/#website"},"primaryImageOfPage":{"@id":"https:\/\/espoonmerenkulkijat.net\/index.php\/venepaikat\/#primaryimage"},"image":{"@id":"https:\/\/espoonmerenkulkijat.net\/index.php\/venepaikat\/#primaryimage"},"thumbnailUrl":"https:\/\/espoonmerenkulkijat.net\/wp-content\/uploads\/2025\/04\/laiturikartta-1024x604.png","datePublished":"2019-11-06T17:55:12+00:00","dateModified":"2026-01-07T15:55:27+00:00","breadcrumb":{"@id":"https:\/\/espoonmerenkulkijat.net\/index.php\/venepaikat\/#breadcrumb"},"inLanguage":"fi","potentialAction":[{"@type":"ReadAction","target":["https:\/\/espoonmerenkulkijat.net\/index.php\/venepaikat\/"]}]},{"@type":"ImageObject","inLanguage":"fi","@id":"https:\/\/espoonmerenkulkijat.net\/index.php\/venepaikat\/#primaryimage","url":"https:\/\/espoonmerenkulkijat.net\/wp-content\/uploads\/2025\/04\/laiturikartta.png","contentUrl":"https:\/\/espoonmerenkulkijat.net\/wp-content\/uploads\/2025\/04\/laiturikartta.png","width":3000,"height":1770},{"@type":"BreadcrumbList","@id":"https:\/\/espoonmerenkulkijat.net\/index.php\/venepaikat\/#breadcrumb","itemListElement":[{"@type":"ListItem","position":1,"name":"Etusivu","item":"https:\/\/espoonmerenkulkijat.net\/"},{"@type":"ListItem","position":2,"name":"Veneet ja venepaikat"}]},{"@type":"WebSite","@id":"https:\/\/espoonmerenkulkijat.net\/#website","url":"https:\/\/espoonmerenkulkijat.net\/","name":"Espoon Merenkulkijat ry","description":"","publisher":{"@id":"https:\/\/espoonmerenkulkijat.net\/#organization"},"potentialAction":[{"@type":"SearchAction","target":{"@type":"EntryPoint","urlTemplate":"https:\/\/espoonmerenkulkijat.net\/?s={search_term_string}"},"query-input":{"@type":"PropertyValueSpecification","valueRequired":true,"valueName":"search_term_string"}}],"inLanguage":"fi"},{"@type":"Organization","@id":"https:\/\/espoonmerenkulkijat.net\/#organization","name":"Espoon Merenkulkijat ry","url":"https:\/\/espoonmerenkulkijat.net\/","logo":{"@type":"ImageObject","inLanguage":"fi","@id":"https:\/\/espoonmerenkulkijat.net\/#\/schema\/logo\/image\/","url":"https:\/\/espoonmerenkulkijat.net\/wp-content\/uploads\/2023\/01\/cropped-EM_50_juhlalogo_320x320.png","contentUrl":"https:\/\/espoonmerenkulkijat.net\/wp-content\/uploads\/2023\/01\/cropped-EM_50_juhlalogo_320x320.png","width":320,"height":320,"caption":"Espoon Merenkulkijat ry"},"image":{"@id":"https:\/\/espoonmerenkulkijat.net\/#\/schema\/logo\/image\/"}}]}},"_links":{"self":[{"href":"https:\/\/espoonmerenkulkijat.net\/index.php\/wp-json\/wp\/v2\/pages\/112","targetHints":{"allow":["GET"]}}],"collection":[{"href":"https:\/\/espoonmerenkulkijat.net\/index.php\/wp-json\/wp\/v2\/pages"}],"about":[{"href":"https:\/\/espoonmerenkulkijat.net\/index.php\/wp-json\/wp\/v2\/types\/page"}],"author":[{"embeddable":true,"href":"https:\/\/espoonmerenkulkijat.net\/index.php\/wp-json\/wp\/v2\/users\/3"}],"replies":[{"embeddable":true,"href":"https:\/\/espoonmerenkulkijat.net\/index.php\/wp-json\/wp\/v2\/comments?post=112"}],"version-history":[{"count":16,"href":"https:\/\/espoonmerenkulkijat.net\/index.php\/wp-json\/wp\/v2\/pages\/112\/revisions"}],"predecessor-version":[{"id":3317,"href":"https:\/\/espoonmerenkulkijat.net\/index.php\/wp-json\/wp\/v2\/pages\/112\/revisions\/3317"}],"wp:attachment":[{"href":"https:\/\/espoonmerenkulkijat.net\/index.php\/wp-json\/wp\/v2\/media?parent=112"}],"curies":[{"name":"wp","href":"https:\/\/api.w.org\/{rel}","templated":true}]}}