{"id":116,"date":"2019-11-06T17:55:13","date_gmt":"2019-11-06T17:55:13","guid":{"rendered":"http:\/\/temp.espoonmerenkulkijat.net\/?page_id=116"},"modified":"2026-01-07T17:51:16","modified_gmt":"2026-01-07T15:51:16","slug":"katsastus","status":"publish","type":"page","link":"https:\/\/espoonmerenkulkijat.net\/index.php\/katsastus\/","title":{"rendered":"Katsastus"},"content":{"rendered":"\n<p>Suomen Purjehdus ja Veneily ry:n alaisten seurojen veneet katsastetaan vuosittain SPV:n m\u00e4\u00e4r\u00e4ysten ja ohjeiden mukaisesti. Veneet on katsastettava 30.6.2026 menness\u00e4, mik\u00e4 on vuoden 2025 katsastuksen viimeinen voimassaolop\u00e4iv\u00e4. Seuramme satamasta venepaikan saaneet kaikki veneet katsastetaan samoilla kriteereill\u00e4. Veneen omistajan on itse huolehdittava siit\u00e4, ett\u00e4 vaadittu runkokatsastus on suoritettu ennen veneen veteen laskua. Runkokatsastuksen ajankohtaisuuden tarkastamisesta muistutetaan venepaikkahakemuksen yhteydess\u00e4.<\/p>\n\n\n\n<p>Vuosi<strong>katsastukseen ilmoittaudutaan <\/strong><a href=\"https:\/\/www.venekerhot.fi\/em\" target=\"_blank\" rel=\"noreferrer noopener\">venekerhot.fi -palvelussa: https:\/\/www.venekerhot.fi\/em<\/a>. Peruskatsastukseen ilmoittaudutaan s\u00e4hk\u00f6postitse katsastusp\u00e4\u00e4llik\u00f6lle.<\/p>\n\n\n\n<h5 class=\"wp-block-heading\">Peruskatsastus<\/h5>\n\n\n\n<ul class=\"wp-block-list\">\n<li><em>t<\/em><strong><em>ehd\u00e4\u00e4n joka viides vuosi tai<\/em><\/strong><\/li>\n\n\n\n<li><em>vene on vaihtanut omistajaa tai rekister\u00f6intiseuraa<\/em><\/li>\n\n\n\n<li><em>vene on vaurioitunut<\/em><\/li>\n\n\n\n<li>lis\u00e4ksi <em>seura voi vaatia peruskatsastusta my\u00f6s aina kun siihen katsotaan olevan aihetta.<\/em><\/li>\n<\/ul>\n\n\n\n<p><em>Peruskatsastus tehd\u00e4\u00e4n kaksivaiheisena: runkokatsastuksena veneen ollessa maissa ja vesill\u00e4 purjehdusvalmiina. Runkokatsastuksessa tarkastetaan ulkopuolelta veneen runko, ohjauslaitteet, voimansiirtolaitteet ja l\u00e4piviennit. Sis\u00e4puolelta tarkastetaan vastaavat kohteet ja moottori. Venett\u00e4, joka saapuu seuraan kesken kauden, ei tarvitse nostaa runkokatsastusta varten, vaan se suoritetaan seuraavana talvikautena.<\/em> <strong>Ilmoittaudu runkokatsastukseen s\u00e4hk\u00f6postitse katsastusp\u00e4\u00e4llik\u00f6lle viimeist\u00e4\u00e4n 18.4.<\/strong> Katsastaja ottaa yhteytt\u00e4 ja runkokatsastuksen p\u00e4iv\u00e4m\u00e4\u00e4r\u00e4 sovitaan henkil\u00f6kohtaisesti.<\/p>\n\n\n\n<h5 class=\"wp-block-heading\"><strong>Vuosikatsastukset<\/strong><\/h5>\n\n\n\n<p><strong><em>Vuosikatsastus tehd\u00e4\u00e4n vuosittain veneen ollessa veneilykunnossa<\/em><\/strong><em>, jolloin tarkastetaan turvallisuuteen vaikuttavat varusteet ja laitteet. <\/em>Veneet katsastetaan niiden rakenteen, varustuksen ja veneilyalueen mukaan nelj\u00e4\u00e4n eri luokkaan. EM tarjoaa nelj\u00e4 ajankohtaa katsastuksille Nokkalan satamassa. <strong>Ilmoittaudu vuosikatsastukseen viikkoa ennen katsastusta<\/strong> (linkki yll\u00e4).<\/p>\n\n\n\n<p>Muita ajankohtia ei l\u00e4ht\u00f6kohtaisesti tarjota. Ylitsep\u00e4\u00e4sem\u00e4tt\u00f6m\u00e4n esteen sattuessa, ota yhteytt\u00e4 katsastusp\u00e4\u00e4llikk\u00f6\u00f6n. Vuoden 2025 katsastuksen viimeinen voimassaolop\u00e4iv\u00e4 on 30.6.2026. Mik\u00e4li katsastutat veneesi muualla, toimita kopio todistuksesta katsastusp\u00e4\u00e4llik\u00f6lle viimeist\u00e4\u00e4n 30.6.2026.<\/p>\n\n\n\n<ul class=\"wp-block-list\">\n<li><strong>Katsastamatonta ja\/tai vakuuttamatonta venett\u00e4 ei saa pit\u00e4\u00e4 satamassamme.<\/strong><\/li>\n\n\n\n<li><strong>Katsastamaton vene ei saa k\u00e4ytt\u00e4\u00e4 seuran per\u00e4lippua.<\/strong><\/li>\n\n\n\n<li><strong>My\u00f6s vuokrapaikalla olevat seuraan kuulumattomat veneet tulee katsastuttaa n\u00e4iden ohjeiden mukaisesti.<\/strong><\/li>\n<\/ul>\n\n\n\n<p>Lue my\u00f6s tarkentavat ohjeet:<\/p>\n\n\n\n<ul class=\"wp-block-list\">\n<li><a href=\"https:\/\/spv.fi\/matkaveneily\/katsastus\/\" target=\"_blank\" rel=\"noreferrer noopener\">SPV:n katsastusinfo<\/a> (katsastusluokat, katsastuslistat ja SPV:n katsastusinfot)<\/li>\n<\/ul>\n\n\n\n<p>Veneen j\u00e4tt\u00e4minen katsastamatta m\u00e4\u00e4r\u00e4ajassa johtaa vuosikokouksen p\u00e4\u00e4tt\u00e4m\u00e4\u00e4n 100 euron sakkoon.<\/p>\n\n\n\n<h1 class=\"wp-block-heading\">Katsastusteemat<\/h1>\n\n\n\n<h3 class=\"wp-block-heading\" id=\"veneenkiinnitysvarusteet\">\u00a0Veneen kiinnitysvarusteet<\/h3>\n\n\n\n<ul class=\"wp-block-list\">\n<li>Tarkista ennen kautta, ett\u00e4 kiinnitysk\u00f6ydet, karabiinihaat ja poijukoukut ovat veneen koko huomioiden tarpeeksi vahvoja \u2013 kest\u00e4m\u00e4\u00e4n my\u00f6s myrskyis\u00e4\u00e4 s\u00e4\u00e4t\u00e4.<\/li>\n\n\n\n<li>Poijukoukkujen tulee ilmoittaa valmistajan murtolujuus. Jos lujuutta ei ole julkaistu, tuote soveltuu vain tilap\u00e4iseen, v\u00e4h\u00e4iseen k\u00e4ytt\u00f6\u00f6n hyviss\u00e4 olosuhteissa.<\/li>\n\n\n\n<li>K\u00e4yt\u00e4 poijuhakoissa huolellisuutta \u2013 vino asento poijun aisassa voi merkitt\u00e4v\u00e4sti heikent\u00e4\u00e4 vetolujuutta.<\/li>\n\n\n\n<li>Kiinnitysk\u00f6yden joustavuus esim. kumijoustimilla suojaa venett\u00e4 ja laituria iskeytymilt\u00e4.<\/li>\n\n\n\n<li>Fendareita eli laitasuojia tulee olla 4\u20136 kpl, veneen koon mukaan. Tarkista niiden kunto s\u00e4\u00e4nn\u00f6llisesti ja vaihda kuluneet.<\/li>\n\n\n\n<li>K\u00e4y veneell\u00e4 usein, erityisesti kovien tuulien aikana ja j\u00e4lkeen. N\u00e4in huomaat ajoissa vauriot ja puutteet.<\/li>\n<\/ul>\n\n\n\n<h4 class=\"wp-block-heading\" id=\"listietoa\">Lis\u00e4tietoa<\/h4>\n\n\n\n<p><a href=\"https:\/\/spv.fi\/wp-content\/uploads\/2025\/03\/Katsastussaannot_2025_verkkoon.pdf\" target=\"_blank\" rel=\"noreferrer noopener\">SPV:n katsastuss\u00e4\u00e4nt\u00f6jen<\/a>&nbsp;kohdasta 4 (\u201dVenevarusteet\u201d) l\u00f6yd\u00e4t tarkat ohjeet kuten montako laudatukea tarvitaan, kuinka pitk\u00e4t kiinnitysk\u00f6ydet pit\u00e4\u00e4 olla.<\/p>\n\n\n\n<hr class=\"wp-block-separator has-alpha-channel-opacity\"\/>\n\n\n\n<h3 class=\"wp-block-heading\" id=\"pelastusvarusteet\">Pelastusvarusteet<\/h3>\n\n\n\n<ul class=\"wp-block-list\">\n<li>Ilmat\u00e4ytteiset pelastusliivit pit\u00e4\u00e4 tarkastaa vuosittain maahantuojan ohjein ja merkit\u00e4 tarkastusta varten.<\/li>\n\n\n\n<li>Palonsammuttimien ja h\u00e4t\u00e4merkinantov\u00e4lineiden tulee olla kunnossa. Uusien s\u00e4\u00e4nt\u00f6jen mukaan valinta voidaan tehd\u00e4 omiin k\u00e4ytt\u00f6olosuhteisiin perustuen.<\/li>\n<\/ul>\n\n\n\n<hr class=\"wp-block-separator has-alpha-channel-opacity\"\/>\n\n\n\n<h3 class=\"wp-block-heading\" id=\"katsastuksenvaatimuksetjaaikataulu\">Katsastuksen vaatimukset ja aikataulu<\/h3>\n\n\n\n<ul class=\"wp-block-list\">\n<li>Vene ei l\u00e4p\u00e4ise katsastusta, elleiv\u00e4t turvavarusteet ole m\u00e4\u00e4r\u00e4ysten mukaiset. Katsastus voidaan hyv\u00e4ksy\u00e4 vasta, kun puutteet on korjattu.<\/li>\n\n\n\n<li>EM:n omat katsastajat ovat saatavilla\u00a0<strong>vain 11.6. asti<\/strong>.<\/li>\n\n\n\n<li>Jos tarvitset uusintakatsastusta 11.6. j\u00e4lkeen, sinun tulee hoitaa se itse joko kaupallisella palveluntarjoajalla tai jonkin toisen seuran katsastajalla.<\/li>\n<\/ul>\n\n\n\n<p>Lis\u00e4tiedot EM:n katsastusp\u00e4\u00e4llik\u00f6lt\u00e4, kts.  <a href=\"https:\/\/espoonmerenkulkijat.net\/index.php\/johtokunta\/\">Johtokunta ja toimihenkil\u00f6t<\/a> -sivu.<\/p>\n","protected":false},"excerpt":{"rendered":"<p>Suomen Purjehdus ja Veneily ry:n alaisten seurojen veneet katsastetaan vuosittain SPV:n m\u00e4\u00e4r\u00e4ysten ja ohjeiden mukaisesti. Veneet on katsastettava 30.6.2026 menness\u00e4, mik\u00e4 on vuoden 2025 katsastuksen viimeinen voimassaolop\u00e4iv\u00e4. Seuramme satamasta venepaikan [&hellip;]<\/p>\n","protected":false},"author":3,"featured_media":0,"parent":0,"menu_order":0,"comment_status":"closed","ping_status":"closed","template":"","meta":{"site-sidebar-layout":"default","site-content-layout":"default","ast-site-content-layout":"default","site-content-style":"default","site-sidebar-style":"default","ast-global-header-display":"","ast-banner-title-visibility":"","ast-main-header-display":"","ast-hfb-above-header-display":"","ast-hfb-below-header-display":"","ast-hfb-mobile-header-display":"","site-post-title":"","ast-breadcrumbs-content":"","ast-featured-img":"","footer-sml-layout":"","ast-disable-related-posts":"","theme-transparent-header-meta":"default","adv-header-id-meta":"","stick-header-meta":"","header-above-stick-meta":"","header-main-stick-meta":"","header-below-stick-meta":"","astra-migrate-meta-layouts":"set","ast-page-background-enabled":"default","ast-page-background-meta":{"desktop":{"background-color":"","background-image":"","background-repeat":"repeat","background-position":"center center","background-size":"auto","background-attachment":"scroll","background-type":"","background-media":"","overlay-type":"","overlay-color":"","overlay-opacity":"","overlay-gradient":""},"tablet":{"background-color":"","background-image":"","background-repeat":"repeat","background-position":"center center","background-size":"auto","background-attachment":"scroll","background-type":"","background-media":"","overlay-type":"","overlay-color":"","overlay-opacity":"","overlay-gradient":""},"mobile":{"background-color":"","background-image":"","background-repeat":"repeat","background-position":"center center","background-size":"auto","background-attachment":"scroll","background-type":"","background-media":"","overlay-type":"","overlay-color":"","overlay-opacity":"","overlay-gradient":""}},"ast-content-background-meta":{"desktop":{"background-color":"var(--ast-global-color-5)","background-image":"","background-repeat":"repeat","background-position":"center center","background-size":"auto","background-attachment":"scroll","background-type":"","background-media":"","overlay-type":"","overlay-color":"","overlay-opacity":"","overlay-gradient":""},"tablet":{"background-color":"var(--ast-global-color-5)","background-image":"","background-repeat":"repeat","background-position":"center center","background-size":"auto","background-attachment":"scroll","background-type":"","background-media":"","overlay-type":"","overlay-color":"","overlay-opacity":"","overlay-gradient":""},"mobile":{"background-color":"var(--ast-global-color-5)","background-image":"","background-repeat":"repeat","background-position":"center center","background-size":"auto","background-attachment":"scroll","background-type":"","background-media":"","overlay-type":"","overlay-color":"","overlay-opacity":"","overlay-gradient":""}},"footnotes":""},"class_list":["post-116","page","type-page","status-publish","hentry"],"yoast_head":"<!-- This site is optimized with the Yoast SEO plugin v27.3 - https:\/\/yoast.com\/product\/yoast-seo-wordpress\/ -->\n<title>Katsastus - Espoon Merenkulkijat ry<\/title>\n<meta name=\"description\" content=\"Espoon Merenkulkijoiden katsastus ja katsastusteemat, jotka p\u00e4ivitet\u00e4\u00e4n vuosittain. Seura noudattaa SPV ry:n ohjeita.\" \/>\n<meta name=\"robots\" content=\"index, follow, max-snippet:-1, max-image-preview:large, max-video-preview:-1\" \/>\n<link rel=\"canonical\" href=\"https:\/\/espoonmerenkulkijat.net\/index.php\/katsastus\/\" \/>\n<meta property=\"og:locale\" content=\"fi_FI\" \/>\n<meta property=\"og:type\" content=\"article\" \/>\n<meta property=\"og:title\" content=\"Katsastus - Espoon Merenkulkijat ry\" \/>\n<meta property=\"og:description\" content=\"Espoon Merenkulkijoiden katsastus ja katsastusteemat, jotka p\u00e4ivitet\u00e4\u00e4n vuosittain. Seura noudattaa SPV ry:n ohjeita.\" \/>\n<meta property=\"og:url\" content=\"https:\/\/espoonmerenkulkijat.net\/index.php\/katsastus\/\" \/>\n<meta property=\"og:site_name\" content=\"Espoon Merenkulkijat ry\" \/>\n<meta property=\"article:modified_time\" content=\"2026-01-07T15:51:16+00:00\" \/>\n<meta name=\"twitter:card\" content=\"summary_large_image\" \/>\n<meta name=\"twitter:label1\" content=\"Arvioitu lukuaika\" \/>\n\t<meta name=\"twitter:data1\" content=\"3 minuuttia\" \/>\n<script type=\"application\/ld+json\" class=\"yoast-schema-graph\">{\"@context\":\"https:\\\/\\\/schema.org\",\"@graph\":[{\"@type\":\"WebPage\",\"@id\":\"https:\\\/\\\/espoonmerenkulkijat.net\\\/index.php\\\/katsastus\\\/\",\"url\":\"https:\\\/\\\/espoonmerenkulkijat.net\\\/index.php\\\/katsastus\\\/\",\"name\":\"Katsastus - Espoon Merenkulkijat ry\",\"isPartOf\":{\"@id\":\"https:\\\/\\\/espoonmerenkulkijat.net\\\/#website\"},\"datePublished\":\"2019-11-06T17:55:13+00:00\",\"dateModified\":\"2026-01-07T15:51:16+00:00\",\"description\":\"Espoon Merenkulkijoiden katsastus ja katsastusteemat, jotka p\u00e4ivitet\u00e4\u00e4n vuosittain. Seura noudattaa SPV ry:n ohjeita.\",\"breadcrumb\":{\"@id\":\"https:\\\/\\\/espoonmerenkulkijat.net\\\/index.php\\\/katsastus\\\/#breadcrumb\"},\"inLanguage\":\"fi\",\"potentialAction\":[{\"@type\":\"ReadAction\",\"target\":[\"https:\\\/\\\/espoonmerenkulkijat.net\\\/index.php\\\/katsastus\\\/\"]}]},{\"@type\":\"BreadcrumbList\",\"@id\":\"https:\\\/\\\/espoonmerenkulkijat.net\\\/index.php\\\/katsastus\\\/#breadcrumb\",\"itemListElement\":[{\"@type\":\"ListItem\",\"position\":1,\"name\":\"Etusivu\",\"item\":\"https:\\\/\\\/espoonmerenkulkijat.net\\\/\"},{\"@type\":\"ListItem\",\"position\":2,\"name\":\"Katsastus\"}]},{\"@type\":\"WebSite\",\"@id\":\"https:\\\/\\\/espoonmerenkulkijat.net\\\/#website\",\"url\":\"https:\\\/\\\/espoonmerenkulkijat.net\\\/\",\"name\":\"Espoon Merenkulkijat ry\",\"description\":\"\",\"publisher\":{\"@id\":\"https:\\\/\\\/espoonmerenkulkijat.net\\\/#organization\"},\"potentialAction\":[{\"@type\":\"SearchAction\",\"target\":{\"@type\":\"EntryPoint\",\"urlTemplate\":\"https:\\\/\\\/espoonmerenkulkijat.net\\\/?s={search_term_string}\"},\"query-input\":{\"@type\":\"PropertyValueSpecification\",\"valueRequired\":true,\"valueName\":\"search_term_string\"}}],\"inLanguage\":\"fi\"},{\"@type\":\"Organization\",\"@id\":\"https:\\\/\\\/espoonmerenkulkijat.net\\\/#organization\",\"name\":\"Espoon Merenkulkijat ry\",\"url\":\"https:\\\/\\\/espoonmerenkulkijat.net\\\/\",\"logo\":{\"@type\":\"ImageObject\",\"inLanguage\":\"fi\",\"@id\":\"https:\\\/\\\/espoonmerenkulkijat.net\\\/#\\\/schema\\\/logo\\\/image\\\/\",\"url\":\"https:\\\/\\\/espoonmerenkulkijat.net\\\/wp-content\\\/uploads\\\/2023\\\/01\\\/cropped-EM_50_juhlalogo_320x320.png\",\"contentUrl\":\"https:\\\/\\\/espoonmerenkulkijat.net\\\/wp-content\\\/uploads\\\/2023\\\/01\\\/cropped-EM_50_juhlalogo_320x320.png\",\"width\":320,\"height\":320,\"caption\":\"Espoon Merenkulkijat ry\"},\"image\":{\"@id\":\"https:\\\/\\\/espoonmerenkulkijat.net\\\/#\\\/schema\\\/logo\\\/image\\\/\"}}]}<\/script>\n<!-- \/ Yoast SEO plugin. -->","yoast_head_json":{"title":"Katsastus - Espoon Merenkulkijat ry","description":"Espoon Merenkulkijoiden katsastus ja katsastusteemat, jotka p\u00e4ivitet\u00e4\u00e4n vuosittain. Seura noudattaa SPV ry:n ohjeita.","robots":{"index":"index","follow":"follow","max-snippet":"max-snippet:-1","max-image-preview":"max-image-preview:large","max-video-preview":"max-video-preview:-1"},"canonical":"https:\/\/espoonmerenkulkijat.net\/index.php\/katsastus\/","og_locale":"fi_FI","og_type":"article","og_title":"Katsastus - Espoon Merenkulkijat ry","og_description":"Espoon Merenkulkijoiden katsastus ja katsastusteemat, jotka p\u00e4ivitet\u00e4\u00e4n vuosittain. Seura noudattaa SPV ry:n ohjeita.","og_url":"https:\/\/espoonmerenkulkijat.net\/index.php\/katsastus\/","og_site_name":"Espoon Merenkulkijat ry","article_modified_time":"2026-01-07T15:51:16+00:00","twitter_card":"summary_large_image","twitter_misc":{"Arvioitu lukuaika":"3 minuuttia"},"schema":{"@context":"https:\/\/schema.org","@graph":[{"@type":"WebPage","@id":"https:\/\/espoonmerenkulkijat.net\/index.php\/katsastus\/","url":"https:\/\/espoonmerenkulkijat.net\/index.php\/katsastus\/","name":"Katsastus - Espoon Merenkulkijat ry","isPartOf":{"@id":"https:\/\/espoonmerenkulkijat.net\/#website"},"datePublished":"2019-11-06T17:55:13+00:00","dateModified":"2026-01-07T15:51:16+00:00","description":"Espoon Merenkulkijoiden katsastus ja katsastusteemat, jotka p\u00e4ivitet\u00e4\u00e4n vuosittain. Seura noudattaa SPV ry:n ohjeita.","breadcrumb":{"@id":"https:\/\/espoonmerenkulkijat.net\/index.php\/katsastus\/#breadcrumb"},"inLanguage":"fi","potentialAction":[{"@type":"ReadAction","target":["https:\/\/espoonmerenkulkijat.net\/index.php\/katsastus\/"]}]},{"@type":"BreadcrumbList","@id":"https:\/\/espoonmerenkulkijat.net\/index.php\/katsastus\/#breadcrumb","itemListElement":[{"@type":"ListItem","position":1,"name":"Etusivu","item":"https:\/\/espoonmerenkulkijat.net\/"},{"@type":"ListItem","position":2,"name":"Katsastus"}]},{"@type":"WebSite","@id":"https:\/\/espoonmerenkulkijat.net\/#website","url":"https:\/\/espoonmerenkulkijat.net\/","name":"Espoon Merenkulkijat ry","description":"","publisher":{"@id":"https:\/\/espoonmerenkulkijat.net\/#organization"},"potentialAction":[{"@type":"SearchAction","target":{"@type":"EntryPoint","urlTemplate":"https:\/\/espoonmerenkulkijat.net\/?s={search_term_string}"},"query-input":{"@type":"PropertyValueSpecification","valueRequired":true,"valueName":"search_term_string"}}],"inLanguage":"fi"},{"@type":"Organization","@id":"https:\/\/espoonmerenkulkijat.net\/#organization","name":"Espoon Merenkulkijat ry","url":"https:\/\/espoonmerenkulkijat.net\/","logo":{"@type":"ImageObject","inLanguage":"fi","@id":"https:\/\/espoonmerenkulkijat.net\/#\/schema\/logo\/image\/","url":"https:\/\/espoonmerenkulkijat.net\/wp-content\/uploads\/2023\/01\/cropped-EM_50_juhlalogo_320x320.png","contentUrl":"https:\/\/espoonmerenkulkijat.net\/wp-content\/uploads\/2023\/01\/cropped-EM_50_juhlalogo_320x320.png","width":320,"height":320,"caption":"Espoon Merenkulkijat ry"},"image":{"@id":"https:\/\/espoonmerenkulkijat.net\/#\/schema\/logo\/image\/"}}]}},"_links":{"self":[{"href":"https:\/\/espoonmerenkulkijat.net\/index.php\/wp-json\/wp\/v2\/pages\/116","targetHints":{"allow":["GET"]}}],"collection":[{"href":"https:\/\/espoonmerenkulkijat.net\/index.php\/wp-json\/wp\/v2\/pages"}],"about":[{"href":"https:\/\/espoonmerenkulkijat.net\/index.php\/wp-json\/wp\/v2\/types\/page"}],"author":[{"embeddable":true,"href":"https:\/\/espoonmerenkulkijat.net\/index.php\/wp-json\/wp\/v2\/users\/3"}],"replies":[{"embeddable":true,"href":"https:\/\/espoonmerenkulkijat.net\/index.php\/wp-json\/wp\/v2\/comments?post=116"}],"version-history":[{"count":25,"href":"https:\/\/espoonmerenkulkijat.net\/index.php\/wp-json\/wp\/v2\/pages\/116\/revisions"}],"predecessor-version":[{"id":3315,"href":"https:\/\/espoonmerenkulkijat.net\/index.php\/wp-json\/wp\/v2\/pages\/116\/revisions\/3315"}],"wp:attachment":[{"href":"https:\/\/espoonmerenkulkijat.net\/index.php\/wp-json\/wp\/v2\/media?parent=116"}],"curies":[{"name":"wp","href":"https:\/\/api.w.org\/{rel}","templated":true}]}}