{"id":117,"date":"2019-11-06T17:55:13","date_gmt":"2019-11-06T17:55:13","guid":{"rendered":"http:\/\/temp.espoonmerenkulkijat.net\/?page_id=117"},"modified":"2022-09-01T18:30:19","modified_gmt":"2022-09-01T15:30:19","slug":"ota-yhteytta","status":"publish","type":"page","link":"https:\/\/espoonmerenkulkijat.net\/index.php\/ota-yhteytta\/","title":{"rendered":"Yhteystiedot"},"content":{"rendered":"\n<p>Espoon Merenkulkijoiden sataman osoite on <br><a rel=\"noreferrer noopener\" aria-label=\"Nokkalanniemi 14 02230 Espoo (avautuu uudessa v\u00e4lilehdess\u00e4)\" href=\"https:\/\/www.google.com\/maps\/place\/Nokkalanniemi+14,+02230+Espoo\/@60.1482845,24.7513542,17z\/data=!3m1!4b1!4m5!3m4!1s0x468df53d9eeabdf7:0x4dbc375090bc0c4!8m2!3d60.1482818!4d24.7535429\" target=\"_blank\">Nokkalanniemi 14, 02230 Espoo<\/a>.<\/p>\n\n\n\n<p>Seuran s\u00e4hk\u00f6posti osoite on <a href=\"posti@espoonmerenkulkijat.net\">posti@espoonmerenkulkijat.net<\/a>.<\/p>\n\n\n\n<p>Voit laittaa palautetta ja terveisi\u00e4 seuran aktiiveilla oheisella lomakkeella.<\/p>\n\n\n\n<div class=\"wpcf7 no-js\" id=\"wpcf7-f151-o1\" lang=\"fi\" dir=\"ltr\" data-wpcf7-id=\"151\">\n<div class=\"screen-reader-response\"><p role=\"status\" aria-live=\"polite\" aria-atomic=\"true\"><\/p> <ul><\/ul><\/div>\n<form action=\"\/index.php\/wp-json\/wp\/v2\/pages\/117#wpcf7-f151-o1\" method=\"post\" class=\"wpcf7-form init\" aria-label=\"Yhteydenottolomake\" novalidate=\"novalidate\" data-status=\"init\">\n<fieldset class=\"hidden-fields-container\"><input type=\"hidden\" name=\"_wpcf7\" value=\"151\" \/><input type=\"hidden\" name=\"_wpcf7_version\" value=\"6.1.5\" \/><input type=\"hidden\" name=\"_wpcf7_locale\" value=\"fi\" \/><input type=\"hidden\" name=\"_wpcf7_unit_tag\" value=\"wpcf7-f151-o1\" \/><input type=\"hidden\" name=\"_wpcf7_container_post\" value=\"0\" \/><input type=\"hidden\" name=\"_wpcf7_posted_data_hash\" value=\"\" \/>\n<\/fieldset>\n<p><label> Nimi<br \/>\n<span class=\"wpcf7-form-control-wrap\" data-name=\"your-name\"><input size=\"40\" maxlength=\"400\" class=\"wpcf7-form-control wpcf7-text wpcf7-validates-as-required\" aria-required=\"true\" aria-invalid=\"false\" value=\"\" type=\"text\" name=\"your-name\" \/><\/span> <\/label>\n<\/p>\n<p><label> S\u00e4hk\u00f6posti<br \/>\n<span class=\"wpcf7-form-control-wrap\" data-name=\"your-email\"><input size=\"40\" maxlength=\"400\" class=\"wpcf7-form-control wpcf7-email wpcf7-validates-as-required wpcf7-text wpcf7-validates-as-email\" aria-required=\"true\" aria-invalid=\"false\" value=\"\" type=\"email\" name=\"your-email\" \/><\/span> <\/label>\n<\/p>\n<p><label> Aihe<br \/>\n<span class=\"wpcf7-form-control-wrap\" data-name=\"your-subject\"><input size=\"40\" maxlength=\"400\" class=\"wpcf7-form-control wpcf7-text\" aria-invalid=\"false\" value=\"\" type=\"text\" name=\"your-subject\" \/><\/span> <\/label>\n<\/p>\n<p><label> Viesti<br \/>\n<span class=\"wpcf7-form-control-wrap\" data-name=\"your-message\"><textarea cols=\"40\" rows=\"10\" maxlength=\"2000\" class=\"wpcf7-form-control wpcf7-textarea\" aria-invalid=\"false\" name=\"your-message\"><\/textarea><\/span> <\/label>\n<\/p>\n<p><input class=\"wpcf7-form-control wpcf7-submit has-spinner\" type=\"submit\" value=\"L\u00e4het\u00e4\" \/>\n<\/p><div class=\"wpcf7-response-output\" aria-hidden=\"true\"><\/div>\n<\/form>\n<\/div>\n\n","protected":false},"excerpt":{"rendered":"<p>Espoon Merenkulkijoiden sataman osoite on Nokkalanniemi 14, 02230 Espoo. Seuran s\u00e4hk\u00f6posti osoite on posti@espoonmerenkulkijat.net. Voit laittaa palautetta ja terveisi\u00e4 seuran aktiiveilla oheisella lomakkeella.<\/p>\n","protected":false},"author":3,"featured_media":0,"parent":0,"menu_order":0,"comment_status":"closed","ping_status":"closed","template":"","meta":{"site-sidebar-layout":"default","site-content-layout":"default","ast-site-content-layout":"default","site-content-style":"default","site-sidebar-style":"default","ast-global-header-display":"","ast-banner-title-visibility":"","ast-main-header-display":"","ast-hfb-above-header-display":"","ast-hfb-below-header-display":"","ast-hfb-mobile-header-display":"","site-post-title":"","ast-breadcrumbs-content":"","ast-featured-img":"","footer-sml-layout":"","ast-disable-related-posts":"","theme-transparent-header-meta":"default","adv-header-id-meta":"","stick-header-meta":"","header-above-stick-meta":"","header-main-stick-meta":"","header-below-stick-meta":"","astra-migrate-meta-layouts":"default","ast-page-background-enabled":"default","ast-page-background-meta":{"desktop":{"background-color":"","background-image":"","background-repeat":"repeat","background-position":"center center","background-size":"auto","background-attachment":"scroll","background-type":"","background-media":"","overlay-type":"","overlay-color":"","overlay-opacity":"","overlay-gradient":""},"tablet":{"background-color":"","background-image":"","background-repeat":"repeat","background-position":"center center","background-size":"auto","background-attachment":"scroll","background-type":"","background-media":"","overlay-type":"","overlay-color":"","overlay-opacity":"","overlay-gradient":""},"mobile":{"background-color":"","background-image":"","background-repeat":"repeat","background-position":"center center","background-size":"auto","background-attachment":"scroll","background-type":"","background-media":"","overlay-type":"","overlay-color":"","overlay-opacity":"","overlay-gradient":""}},"ast-content-background-meta":{"desktop":{"background-color":"var(--ast-global-color-5)","background-image":"","background-repeat":"repeat","background-position":"center center","background-size":"auto","background-attachment":"scroll","background-type":"","background-media":"","overlay-type":"","overlay-color":"","overlay-opacity":"","overlay-gradient":""},"tablet":{"background-color":"var(--ast-global-color-5)","background-image":"","background-repeat":"repeat","background-position":"center center","background-size":"auto","background-attachment":"scroll","background-type":"","background-media":"","overlay-type":"","overlay-color":"","overlay-opacity":"","overlay-gradient":""},"mobile":{"background-color":"var(--ast-global-color-5)","background-image":"","background-repeat":"repeat","background-position":"center center","background-size":"auto","background-attachment":"scroll","background-type":"","background-media":"","overlay-type":"","overlay-color":"","overlay-opacity":"","overlay-gradient":""}},"footnotes":""},"class_list":["post-117","page","type-page","status-publish","hentry"],"yoast_head":"<!-- This site is optimized with the Yoast SEO plugin v27.3 - https:\/\/yoast.com\/product\/yoast-seo-wordpress\/ -->\n<title>Yhteystiedot - Espoon Merenkulkijat ry<\/title>\n<meta name=\"robots\" content=\"index, follow, max-snippet:-1, max-image-preview:large, max-video-preview:-1\" \/>\n<link rel=\"canonical\" href=\"https:\/\/espoonmerenkulkijat.net\/index.php\/ota-yhteytta\/\" \/>\n<meta property=\"og:locale\" content=\"fi_FI\" \/>\n<meta property=\"og:type\" content=\"article\" \/>\n<meta property=\"og:title\" content=\"Yhteystiedot - Espoon Merenkulkijat ry\" \/>\n<meta property=\"og:description\" content=\"Espoon Merenkulkijoiden sataman osoite on Nokkalanniemi 14, 02230 Espoo. Seuran s\u00e4hk\u00f6posti osoite on posti@espoonmerenkulkijat.net. Voit laittaa palautetta ja terveisi\u00e4 seuran aktiiveilla oheisella lomakkeella.\" \/>\n<meta property=\"og:url\" content=\"https:\/\/espoonmerenkulkijat.net\/index.php\/ota-yhteytta\/\" \/>\n<meta property=\"og:site_name\" content=\"Espoon Merenkulkijat ry\" \/>\n<meta property=\"article:modified_time\" content=\"2022-09-01T15:30:19+00:00\" \/>\n<meta name=\"twitter:card\" content=\"summary_large_image\" \/>\n<script type=\"application\/ld+json\" class=\"yoast-schema-graph\">{\"@context\":\"https:\\\/\\\/schema.org\",\"@graph\":[{\"@type\":\"WebPage\",\"@id\":\"https:\\\/\\\/espoonmerenkulkijat.net\\\/index.php\\\/ota-yhteytta\\\/\",\"url\":\"https:\\\/\\\/espoonmerenkulkijat.net\\\/index.php\\\/ota-yhteytta\\\/\",\"name\":\"Yhteystiedot - Espoon Merenkulkijat ry\",\"isPartOf\":{\"@id\":\"https:\\\/\\\/espoonmerenkulkijat.net\\\/#website\"},\"datePublished\":\"2019-11-06T17:55:13+00:00\",\"dateModified\":\"2022-09-01T15:30:19+00:00\",\"breadcrumb\":{\"@id\":\"https:\\\/\\\/espoonmerenkulkijat.net\\\/index.php\\\/ota-yhteytta\\\/#breadcrumb\"},\"inLanguage\":\"fi\",\"potentialAction\":[{\"@type\":\"ReadAction\",\"target\":[\"https:\\\/\\\/espoonmerenkulkijat.net\\\/index.php\\\/ota-yhteytta\\\/\"]}]},{\"@type\":\"BreadcrumbList\",\"@id\":\"https:\\\/\\\/espoonmerenkulkijat.net\\\/index.php\\\/ota-yhteytta\\\/#breadcrumb\",\"itemListElement\":[{\"@type\":\"ListItem\",\"position\":1,\"name\":\"Etusivu\",\"item\":\"https:\\\/\\\/espoonmerenkulkijat.net\\\/\"},{\"@type\":\"ListItem\",\"position\":2,\"name\":\"Yhteystiedot\"}]},{\"@type\":\"WebSite\",\"@id\":\"https:\\\/\\\/espoonmerenkulkijat.net\\\/#website\",\"url\":\"https:\\\/\\\/espoonmerenkulkijat.net\\\/\",\"name\":\"Espoon Merenkulkijat ry\",\"description\":\"\",\"publisher\":{\"@id\":\"https:\\\/\\\/espoonmerenkulkijat.net\\\/#organization\"},\"potentialAction\":[{\"@type\":\"SearchAction\",\"target\":{\"@type\":\"EntryPoint\",\"urlTemplate\":\"https:\\\/\\\/espoonmerenkulkijat.net\\\/?s={search_term_string}\"},\"query-input\":{\"@type\":\"PropertyValueSpecification\",\"valueRequired\":true,\"valueName\":\"search_term_string\"}}],\"inLanguage\":\"fi\"},{\"@type\":\"Organization\",\"@id\":\"https:\\\/\\\/espoonmerenkulkijat.net\\\/#organization\",\"name\":\"Espoon Merenkulkijat ry\",\"url\":\"https:\\\/\\\/espoonmerenkulkijat.net\\\/\",\"logo\":{\"@type\":\"ImageObject\",\"inLanguage\":\"fi\",\"@id\":\"https:\\\/\\\/espoonmerenkulkijat.net\\\/#\\\/schema\\\/logo\\\/image\\\/\",\"url\":\"https:\\\/\\\/espoonmerenkulkijat.net\\\/wp-content\\\/uploads\\\/2023\\\/01\\\/cropped-EM_50_juhlalogo_320x320.png\",\"contentUrl\":\"https:\\\/\\\/espoonmerenkulkijat.net\\\/wp-content\\\/uploads\\\/2023\\\/01\\\/cropped-EM_50_juhlalogo_320x320.png\",\"width\":320,\"height\":320,\"caption\":\"Espoon Merenkulkijat ry\"},\"image\":{\"@id\":\"https:\\\/\\\/espoonmerenkulkijat.net\\\/#\\\/schema\\\/logo\\\/image\\\/\"}}]}<\/script>\n<!-- \/ Yoast SEO plugin. -->","yoast_head_json":{"title":"Yhteystiedot - Espoon Merenkulkijat ry","robots":{"index":"index","follow":"follow","max-snippet":"max-snippet:-1","max-image-preview":"max-image-preview:large","max-video-preview":"max-video-preview:-1"},"canonical":"https:\/\/espoonmerenkulkijat.net\/index.php\/ota-yhteytta\/","og_locale":"fi_FI","og_type":"article","og_title":"Yhteystiedot - Espoon Merenkulkijat ry","og_description":"Espoon Merenkulkijoiden sataman osoite on Nokkalanniemi 14, 02230 Espoo. Seuran s\u00e4hk\u00f6posti osoite on posti@espoonmerenkulkijat.net. Voit laittaa palautetta ja terveisi\u00e4 seuran aktiiveilla oheisella lomakkeella.","og_url":"https:\/\/espoonmerenkulkijat.net\/index.php\/ota-yhteytta\/","og_site_name":"Espoon Merenkulkijat ry","article_modified_time":"2022-09-01T15:30:19+00:00","twitter_card":"summary_large_image","schema":{"@context":"https:\/\/schema.org","@graph":[{"@type":"WebPage","@id":"https:\/\/espoonmerenkulkijat.net\/index.php\/ota-yhteytta\/","url":"https:\/\/espoonmerenkulkijat.net\/index.php\/ota-yhteytta\/","name":"Yhteystiedot - Espoon Merenkulkijat ry","isPartOf":{"@id":"https:\/\/espoonmerenkulkijat.net\/#website"},"datePublished":"2019-11-06T17:55:13+00:00","dateModified":"2022-09-01T15:30:19+00:00","breadcrumb":{"@id":"https:\/\/espoonmerenkulkijat.net\/index.php\/ota-yhteytta\/#breadcrumb"},"inLanguage":"fi","potentialAction":[{"@type":"ReadAction","target":["https:\/\/espoonmerenkulkijat.net\/index.php\/ota-yhteytta\/"]}]},{"@type":"BreadcrumbList","@id":"https:\/\/espoonmerenkulkijat.net\/index.php\/ota-yhteytta\/#breadcrumb","itemListElement":[{"@type":"ListItem","position":1,"name":"Etusivu","item":"https:\/\/espoonmerenkulkijat.net\/"},{"@type":"ListItem","position":2,"name":"Yhteystiedot"}]},{"@type":"WebSite","@id":"https:\/\/espoonmerenkulkijat.net\/#website","url":"https:\/\/espoonmerenkulkijat.net\/","name":"Espoon Merenkulkijat ry","description":"","publisher":{"@id":"https:\/\/espoonmerenkulkijat.net\/#organization"},"potentialAction":[{"@type":"SearchAction","target":{"@type":"EntryPoint","urlTemplate":"https:\/\/espoonmerenkulkijat.net\/?s={search_term_string}"},"query-input":{"@type":"PropertyValueSpecification","valueRequired":true,"valueName":"search_term_string"}}],"inLanguage":"fi"},{"@type":"Organization","@id":"https:\/\/espoonmerenkulkijat.net\/#organization","name":"Espoon Merenkulkijat ry","url":"https:\/\/espoonmerenkulkijat.net\/","logo":{"@type":"ImageObject","inLanguage":"fi","@id":"https:\/\/espoonmerenkulkijat.net\/#\/schema\/logo\/image\/","url":"https:\/\/espoonmerenkulkijat.net\/wp-content\/uploads\/2023\/01\/cropped-EM_50_juhlalogo_320x320.png","contentUrl":"https:\/\/espoonmerenkulkijat.net\/wp-content\/uploads\/2023\/01\/cropped-EM_50_juhlalogo_320x320.png","width":320,"height":320,"caption":"Espoon Merenkulkijat ry"},"image":{"@id":"https:\/\/espoonmerenkulkijat.net\/#\/schema\/logo\/image\/"}}]}},"_links":{"self":[{"href":"https:\/\/espoonmerenkulkijat.net\/index.php\/wp-json\/wp\/v2\/pages\/117","targetHints":{"allow":["GET"]}}],"collection":[{"href":"https:\/\/espoonmerenkulkijat.net\/index.php\/wp-json\/wp\/v2\/pages"}],"about":[{"href":"https:\/\/espoonmerenkulkijat.net\/index.php\/wp-json\/wp\/v2\/types\/page"}],"author":[{"embeddable":true,"href":"https:\/\/espoonmerenkulkijat.net\/index.php\/wp-json\/wp\/v2\/users\/3"}],"replies":[{"embeddable":true,"href":"https:\/\/espoonmerenkulkijat.net\/index.php\/wp-json\/wp\/v2\/comments?post=117"}],"version-history":[{"count":7,"href":"https:\/\/espoonmerenkulkijat.net\/index.php\/wp-json\/wp\/v2\/pages\/117\/revisions"}],"predecessor-version":[{"id":1243,"href":"https:\/\/espoonmerenkulkijat.net\/index.php\/wp-json\/wp\/v2\/pages\/117\/revisions\/1243"}],"wp:attachment":[{"href":"https:\/\/espoonmerenkulkijat.net\/index.php\/wp-json\/wp\/v2\/media?parent=117"}],"curies":[{"name":"wp","href":"https:\/\/api.w.org\/{rel}","templated":true}]}}