{"id":120,"date":"2019-11-06T17:55:13","date_gmt":"2019-11-06T17:55:13","guid":{"rendered":"http:\/\/temp.espoonmerenkulkijat.net\/?page_id=120"},"modified":"2023-05-23T19:48:57","modified_gmt":"2023-05-23T16:48:57","slug":"muut-aktiivit","status":"publish","type":"page","link":"https:\/\/espoonmerenkulkijat.net\/index.php\/muut-aktiivit\/","title":{"rendered":"Muut aktiivit"},"content":{"rendered":"\n<p><\/p>\n\n\n\n<p><strong>Seurassa toimivat jaostot, joihin seura ottaa mielell\u00e4\u00e4n aktiivisia j\u00e4seni\u00e4 mukaan j\u00e4rjest\u00e4m\u00e4\u00e4n ja kehitt\u00e4m\u00e4\u00e4n toimintaa. <\/strong>Johtokunnan tavoitat <a href=\"https:\/\/espoonmerenkulkijat.net\/index.php\/yhteystiedot\/\">Ota yhteytt\u00e4<\/a> -sivun kautta.<\/p>\n\n\n\n<ul class=\"wp-block-list\">\n<li>Ota yhteytt\u00e4, mik\u00e4li sinua kiinnostaa jokin seuraavista:\n<ul class=\"wp-block-list\">\n<li>katsastus,<\/li>\n\n\n\n<li>kilpapurjehdus,<\/li>\n\n\n\n<li>matkaveneily,<\/li>\n\n\n\n<li>sataman kehitt\u00e4minen tai<\/li>\n\n\n\n<li>virkistystoiminta.<\/li>\n<\/ul>\n<\/li>\n<\/ul>\n\n\n\n<p>Seuran junioreista huolehtii Markku Mikkola 0400 765 546 tai markku_mikkola(at)hotmail.com.<\/p>\n\n\n\n<p>Virkistyksest\u00e4 vastaa virkistysjaosto, jossa ovat mukana Markus, Siiri ja Harri. Virkistysjaoston saat kiinni osoitteesta markus.patila(at)gmail.com<\/p>\n","protected":false},"excerpt":{"rendered":"<p>Seurassa toimivat jaostot, joihin seura ottaa mielell\u00e4\u00e4n aktiivisia j\u00e4seni\u00e4 mukaan j\u00e4rjest\u00e4m\u00e4\u00e4n ja kehitt\u00e4m\u00e4\u00e4n toimintaa. Johtokunnan tavoitat Ota yhteytt\u00e4 -sivun kautta. Seuran junioreista huolehtii Markku Mikkola 0400 765 546 tai markku_mikkola(at)hotmail.com. [&hellip;]<\/p>\n","protected":false},"author":3,"featured_media":0,"parent":0,"menu_order":0,"comment_status":"closed","ping_status":"closed","template":"","meta":{"site-sidebar-layout":"default","site-content-layout":"default","ast-site-content-layout":"default","site-content-style":"default","site-sidebar-style":"default","ast-global-header-display":"","ast-banner-title-visibility":"","ast-main-header-display":"","ast-hfb-above-header-display":"","ast-hfb-below-header-display":"","ast-hfb-mobile-header-display":"","site-post-title":"","ast-breadcrumbs-content":"","ast-featured-img":"","footer-sml-layout":"","ast-disable-related-posts":"","theme-transparent-header-meta":"default","adv-header-id-meta":"","stick-header-meta":"","header-above-stick-meta":"","header-main-stick-meta":"","header-below-stick-meta":"","astra-migrate-meta-layouts":"default","ast-page-background-enabled":"default","ast-page-background-meta":{"desktop":{"background-color":"","background-image":"","background-repeat":"repeat","background-position":"center center","background-size":"auto","background-attachment":"scroll","background-type":"","background-media":"","overlay-type":"","overlay-color":"","overlay-opacity":"","overlay-gradient":""},"tablet":{"background-color":"","background-image":"","background-repeat":"repeat","background-position":"center center","background-size":"auto","background-attachment":"scroll","background-type":"","background-media":"","overlay-type":"","overlay-color":"","overlay-opacity":"","overlay-gradient":""},"mobile":{"background-color":"","background-image":"","background-repeat":"repeat","background-position":"center center","background-size":"auto","background-attachment":"scroll","background-type":"","background-media":"","overlay-type":"","overlay-color":"","overlay-opacity":"","overlay-gradient":""}},"ast-content-background-meta":{"desktop":{"background-color":"var(--ast-global-color-5)","background-image":"","background-repeat":"repeat","background-position":"center center","background-size":"auto","background-attachment":"scroll","background-type":"","background-media":"","overlay-type":"","overlay-color":"","overlay-opacity":"","overlay-gradient":""},"tablet":{"background-color":"var(--ast-global-color-5)","background-image":"","background-repeat":"repeat","background-position":"center center","background-size":"auto","background-attachment":"scroll","background-type":"","background-media":"","overlay-type":"","overlay-color":"","overlay-opacity":"","overlay-gradient":""},"mobile":{"background-color":"var(--ast-global-color-5)","background-image":"","background-repeat":"repeat","background-position":"center center","background-size":"auto","background-attachment":"scroll","background-type":"","background-media":"","overlay-type":"","overlay-color":"","overlay-opacity":"","overlay-gradient":""}},"footnotes":""},"class_list":["post-120","page","type-page","status-publish","hentry"],"yoast_head":"<!-- This site is optimized with the Yoast SEO plugin v27.3 - https:\/\/yoast.com\/product\/yoast-seo-wordpress\/ -->\n<title>Muut aktiivit - Espoon Merenkulkijat ry<\/title>\n<meta name=\"robots\" content=\"index, follow, max-snippet:-1, max-image-preview:large, max-video-preview:-1\" \/>\n<link rel=\"canonical\" href=\"https:\/\/espoonmerenkulkijat.net\/index.php\/muut-aktiivit\/\" \/>\n<meta property=\"og:locale\" content=\"fi_FI\" \/>\n<meta property=\"og:type\" content=\"article\" \/>\n<meta property=\"og:title\" content=\"Muut aktiivit - Espoon Merenkulkijat ry\" \/>\n<meta property=\"og:description\" content=\"Seurassa toimivat jaostot, joihin seura ottaa mielell\u00e4\u00e4n aktiivisia j\u00e4seni\u00e4 mukaan j\u00e4rjest\u00e4m\u00e4\u00e4n ja kehitt\u00e4m\u00e4\u00e4n toimintaa. Johtokunnan tavoitat Ota yhteytt\u00e4 -sivun kautta. Seuran junioreista huolehtii Markku Mikkola 0400 765 546 tai markku_mikkola(at)hotmail.com. [&hellip;]\" \/>\n<meta property=\"og:url\" content=\"https:\/\/espoonmerenkulkijat.net\/index.php\/muut-aktiivit\/\" \/>\n<meta property=\"og:site_name\" content=\"Espoon Merenkulkijat ry\" \/>\n<meta property=\"article:modified_time\" content=\"2023-05-23T16:48:57+00:00\" \/>\n<meta name=\"twitter:card\" content=\"summary_large_image\" \/>\n<meta name=\"twitter:label1\" content=\"Arvioitu lukuaika\" \/>\n\t<meta name=\"twitter:data1\" content=\"1 minuutti\" \/>\n<script type=\"application\/ld+json\" class=\"yoast-schema-graph\">{\"@context\":\"https:\\\/\\\/schema.org\",\"@graph\":[{\"@type\":\"WebPage\",\"@id\":\"https:\\\/\\\/espoonmerenkulkijat.net\\\/index.php\\\/muut-aktiivit\\\/\",\"url\":\"https:\\\/\\\/espoonmerenkulkijat.net\\\/index.php\\\/muut-aktiivit\\\/\",\"name\":\"Muut aktiivit - Espoon Merenkulkijat ry\",\"isPartOf\":{\"@id\":\"https:\\\/\\\/espoonmerenkulkijat.net\\\/#website\"},\"datePublished\":\"2019-11-06T17:55:13+00:00\",\"dateModified\":\"2023-05-23T16:48:57+00:00\",\"breadcrumb\":{\"@id\":\"https:\\\/\\\/espoonmerenkulkijat.net\\\/index.php\\\/muut-aktiivit\\\/#breadcrumb\"},\"inLanguage\":\"fi\",\"potentialAction\":[{\"@type\":\"ReadAction\",\"target\":[\"https:\\\/\\\/espoonmerenkulkijat.net\\\/index.php\\\/muut-aktiivit\\\/\"]}]},{\"@type\":\"BreadcrumbList\",\"@id\":\"https:\\\/\\\/espoonmerenkulkijat.net\\\/index.php\\\/muut-aktiivit\\\/#breadcrumb\",\"itemListElement\":[{\"@type\":\"ListItem\",\"position\":1,\"name\":\"Etusivu\",\"item\":\"https:\\\/\\\/espoonmerenkulkijat.net\\\/\"},{\"@type\":\"ListItem\",\"position\":2,\"name\":\"Muut aktiivit\"}]},{\"@type\":\"WebSite\",\"@id\":\"https:\\\/\\\/espoonmerenkulkijat.net\\\/#website\",\"url\":\"https:\\\/\\\/espoonmerenkulkijat.net\\\/\",\"name\":\"Espoon Merenkulkijat ry\",\"description\":\"\",\"publisher\":{\"@id\":\"https:\\\/\\\/espoonmerenkulkijat.net\\\/#organization\"},\"potentialAction\":[{\"@type\":\"SearchAction\",\"target\":{\"@type\":\"EntryPoint\",\"urlTemplate\":\"https:\\\/\\\/espoonmerenkulkijat.net\\\/?s={search_term_string}\"},\"query-input\":{\"@type\":\"PropertyValueSpecification\",\"valueRequired\":true,\"valueName\":\"search_term_string\"}}],\"inLanguage\":\"fi\"},{\"@type\":\"Organization\",\"@id\":\"https:\\\/\\\/espoonmerenkulkijat.net\\\/#organization\",\"name\":\"Espoon Merenkulkijat ry\",\"url\":\"https:\\\/\\\/espoonmerenkulkijat.net\\\/\",\"logo\":{\"@type\":\"ImageObject\",\"inLanguage\":\"fi\",\"@id\":\"https:\\\/\\\/espoonmerenkulkijat.net\\\/#\\\/schema\\\/logo\\\/image\\\/\",\"url\":\"https:\\\/\\\/espoonmerenkulkijat.net\\\/wp-content\\\/uploads\\\/2023\\\/01\\\/cropped-EM_50_juhlalogo_320x320.png\",\"contentUrl\":\"https:\\\/\\\/espoonmerenkulkijat.net\\\/wp-content\\\/uploads\\\/2023\\\/01\\\/cropped-EM_50_juhlalogo_320x320.png\",\"width\":320,\"height\":320,\"caption\":\"Espoon Merenkulkijat ry\"},\"image\":{\"@id\":\"https:\\\/\\\/espoonmerenkulkijat.net\\\/#\\\/schema\\\/logo\\\/image\\\/\"}}]}<\/script>\n<!-- \/ Yoast SEO plugin. -->","yoast_head_json":{"title":"Muut aktiivit - Espoon Merenkulkijat ry","robots":{"index":"index","follow":"follow","max-snippet":"max-snippet:-1","max-image-preview":"max-image-preview:large","max-video-preview":"max-video-preview:-1"},"canonical":"https:\/\/espoonmerenkulkijat.net\/index.php\/muut-aktiivit\/","og_locale":"fi_FI","og_type":"article","og_title":"Muut aktiivit - Espoon Merenkulkijat ry","og_description":"Seurassa toimivat jaostot, joihin seura ottaa mielell\u00e4\u00e4n aktiivisia j\u00e4seni\u00e4 mukaan j\u00e4rjest\u00e4m\u00e4\u00e4n ja kehitt\u00e4m\u00e4\u00e4n toimintaa. Johtokunnan tavoitat Ota yhteytt\u00e4 -sivun kautta. Seuran junioreista huolehtii Markku Mikkola 0400 765 546 tai markku_mikkola(at)hotmail.com. [&hellip;]","og_url":"https:\/\/espoonmerenkulkijat.net\/index.php\/muut-aktiivit\/","og_site_name":"Espoon Merenkulkijat ry","article_modified_time":"2023-05-23T16:48:57+00:00","twitter_card":"summary_large_image","twitter_misc":{"Arvioitu lukuaika":"1 minuutti"},"schema":{"@context":"https:\/\/schema.org","@graph":[{"@type":"WebPage","@id":"https:\/\/espoonmerenkulkijat.net\/index.php\/muut-aktiivit\/","url":"https:\/\/espoonmerenkulkijat.net\/index.php\/muut-aktiivit\/","name":"Muut aktiivit - Espoon Merenkulkijat ry","isPartOf":{"@id":"https:\/\/espoonmerenkulkijat.net\/#website"},"datePublished":"2019-11-06T17:55:13+00:00","dateModified":"2023-05-23T16:48:57+00:00","breadcrumb":{"@id":"https:\/\/espoonmerenkulkijat.net\/index.php\/muut-aktiivit\/#breadcrumb"},"inLanguage":"fi","potentialAction":[{"@type":"ReadAction","target":["https:\/\/espoonmerenkulkijat.net\/index.php\/muut-aktiivit\/"]}]},{"@type":"BreadcrumbList","@id":"https:\/\/espoonmerenkulkijat.net\/index.php\/muut-aktiivit\/#breadcrumb","itemListElement":[{"@type":"ListItem","position":1,"name":"Etusivu","item":"https:\/\/espoonmerenkulkijat.net\/"},{"@type":"ListItem","position":2,"name":"Muut aktiivit"}]},{"@type":"WebSite","@id":"https:\/\/espoonmerenkulkijat.net\/#website","url":"https:\/\/espoonmerenkulkijat.net\/","name":"Espoon Merenkulkijat ry","description":"","publisher":{"@id":"https:\/\/espoonmerenkulkijat.net\/#organization"},"potentialAction":[{"@type":"SearchAction","target":{"@type":"EntryPoint","urlTemplate":"https:\/\/espoonmerenkulkijat.net\/?s={search_term_string}"},"query-input":{"@type":"PropertyValueSpecification","valueRequired":true,"valueName":"search_term_string"}}],"inLanguage":"fi"},{"@type":"Organization","@id":"https:\/\/espoonmerenkulkijat.net\/#organization","name":"Espoon Merenkulkijat ry","url":"https:\/\/espoonmerenkulkijat.net\/","logo":{"@type":"ImageObject","inLanguage":"fi","@id":"https:\/\/espoonmerenkulkijat.net\/#\/schema\/logo\/image\/","url":"https:\/\/espoonmerenkulkijat.net\/wp-content\/uploads\/2023\/01\/cropped-EM_50_juhlalogo_320x320.png","contentUrl":"https:\/\/espoonmerenkulkijat.net\/wp-content\/uploads\/2023\/01\/cropped-EM_50_juhlalogo_320x320.png","width":320,"height":320,"caption":"Espoon Merenkulkijat ry"},"image":{"@id":"https:\/\/espoonmerenkulkijat.net\/#\/schema\/logo\/image\/"}}]}},"_links":{"self":[{"href":"https:\/\/espoonmerenkulkijat.net\/index.php\/wp-json\/wp\/v2\/pages\/120","targetHints":{"allow":["GET"]}}],"collection":[{"href":"https:\/\/espoonmerenkulkijat.net\/index.php\/wp-json\/wp\/v2\/pages"}],"about":[{"href":"https:\/\/espoonmerenkulkijat.net\/index.php\/wp-json\/wp\/v2\/types\/page"}],"author":[{"embeddable":true,"href":"https:\/\/espoonmerenkulkijat.net\/index.php\/wp-json\/wp\/v2\/users\/3"}],"replies":[{"embeddable":true,"href":"https:\/\/espoonmerenkulkijat.net\/index.php\/wp-json\/wp\/v2\/comments?post=120"}],"version-history":[{"count":7,"href":"https:\/\/espoonmerenkulkijat.net\/index.php\/wp-json\/wp\/v2\/pages\/120\/revisions"}],"predecessor-version":[{"id":2021,"href":"https:\/\/espoonmerenkulkijat.net\/index.php\/wp-json\/wp\/v2\/pages\/120\/revisions\/2021"}],"wp:attachment":[{"href":"https:\/\/espoonmerenkulkijat.net\/index.php\/wp-json\/wp\/v2\/media?parent=120"}],"curies":[{"name":"wp","href":"https:\/\/api.w.org\/{rel}","templated":true}]}}