{"id":2169,"date":"2023-09-18T17:42:51","date_gmt":"2023-09-18T14:42:51","guid":{"rendered":"https:\/\/espoonmerenkulkijat.net\/?page_id=2169"},"modified":"2025-04-04T17:11:32","modified_gmt":"2025-04-04T14:11:32","slug":"seuran-maja","status":"publish","type":"page","link":"https:\/\/espoonmerenkulkijat.net\/index.php\/seuran-maja\/","title":{"rendered":"Seuran Maja"},"content":{"rendered":"\n<p><em>Espoon Merenkulkijoiden Majan ja sen piha-alueen k\u00e4ytt\u00f6s\u00e4\u00e4nn\u00f6t<\/em><\/p>\n\n\n\n<p><strong>Maja, sen pihapiiri ja niiden k\u00e4ytt\u00f6tarkoitus<\/strong><\/p>\n\n\n\n<p>Pursiseura Espoon Merenkulkijat vuokraa Espoon kaupungilta sataman v\u00e4litt\u00f6m\u00e4ss\u00e4 l\u00e4heisyydess\u00e4 olevaa kiinteist\u00f6\u00e4. Pihapiiriss\u00e4 on kuusi rakennusta: <\/p>\n\n\n\n<ul class=\"wp-block-list\">\n<li>Maja (punainen talo)<\/li>\n\n\n\n<li>partiolaisten k\u00e4yt\u00f6ss\u00e4 olevat keltaiset talot<\/li>\n\n\n\n<li>Vaja (verstas)<\/li>\n\n\n\n<li>Pressuvaja <\/li>\n\n\n\n<li>\u201dBjarnen vaja\u201d, ja lis\u00e4ksi<\/li>\n\n\n\n<li>pihapiiriss\u00e4 on lis\u00e4ksi grillauspaikka p\u00f6ytineen.<\/li>\n<\/ul>\n\n\n\n<p>Maja toimii seuran tilana, jossa j\u00e4rjest\u00e4mme kokouksia ja seuran pienimuotoisia tilaisuuksia. Majaa vuokrataan j\u00e4senillemme yksityistilaisuuksia varten j\u00e4senhintaan. Majaa voidaan my\u00f6s vuokrata muuhun k\u00e4ytt\u00f6\u00f6n (esim. muille seuroille tai yhti\u00f6ille) erikseen m\u00e4\u00e4ritelt\u00e4v\u00e4\u00e4n p\u00e4iv\u00e4hintaan johtokunnan p\u00e4\u00e4t\u00f6ksell\u00e4.<\/p>\n\n\n\n<p>Vajarakennus toimii pienen\u00e4 verstaana, jossa j\u00e4senet voivat tehd\u00e4 pienimuotoisia t\u00f6it\u00e4. Vajan k\u00e4yt\u00f6st\u00e4 lis\u00e4tietoja saa johtokunnalta ja satamais\u00e4nn\u00e4lt\u00e4.<\/p>\n\n\n\n<p>Pressuvajassa venepaikan haltijat voivat omalla vastuulla s\u00e4ilytt\u00e4\u00e4 veneiden peitt\u00e4miseen k\u00e4ytett\u00e4vi\u00e4 peitteit\u00e4 (alkaen kes\u00e4 2024). <\/p>\n\n\n\n<p>Kulttuurihistoriallisesti arvokas ja suojeltu \u201dBjarnen vaja\u201d on ollut j\u00e4senten k\u00e4yt\u00f6ss\u00e4 mm. pressujen s\u00e4ilytykseen. Kes\u00e4n 2023 j\u00e4lkeen se ei ole en\u00e4\u00e4 j\u00e4senten k\u00e4yt\u00f6ss\u00e4 ja pressut s\u00e4ilytet\u00e4\u00e4n jatkossa viereisess\u00e4 pressuvajassa.<\/p>\n\n\n\n<p><strong>Majan varustus<\/strong><\/p>\n\n\n\n<p>Majan peruskunnostus saatiin p\u00e4\u00e4t\u00f6kseen vuoden 2023 aikana. Siin\u00e4 on pieni eteinen, tupakeitti\u00f6 ja \u201dper\u00e4kammari\u201d, jossa on jykev\u00e4 pitk\u00e4 p\u00f6yt\u00e4 ja siihen kuuluvat penkit ja tuolit. Tupakeitti\u00f6ss\u00e4 on pieni keitti\u00f6, joka on varustettu j\u00e4\u00e4kaapilla, kahvinkeittimill\u00e4 ja irtonaisilla induktiokeittotasoilla. Keitti\u00f6kaapeissa on lautaisia, kuppeja, laseja ja ruokailuv\u00e4lineit\u00e4 sek\u00e4 pieni m\u00e4\u00e4r\u00e4 ruoanlaittov\u00e4lineit\u00e4. Majassa on palosammutin ja sammutushuopa.<\/p>\n\n\n\n<p>Juoksevaa vett\u00e4 ja viem\u00e4r\u00f6inti\u00e4 ei alueella ole. Vesi haetaan satamasta tai on talven aikana tuotava itse. Bajamaja satamassa on k\u00e4yt\u00f6ss\u00e4 vuoden ymp\u00e4ri.<\/p>\n\n\n\n<hr class=\"wp-block-separator has-alpha-channel-opacity\"\/>\n\n\n\n<p><strong>Kun k\u00e4yt\u00e4t Majaa!<\/strong><\/p>\n\n\n\n<p>Vuokraajan on itse osallistuttava tilaisuuteen, jota varten h\u00e4n Majan vuokraa. Vuokraaja vastaa Majan asiallisesta k\u00e4yt\u00f6st\u00e4: siivous ja j\u00e4tteiden poisvienti. Huolehdi ettei irtaimistolle tai ymp\u00e4rist\u00f6lle aiheudu vahinkoa. Tiskaus on teht\u00e4v\u00e4 satamasta kannettavalla vedell\u00e4 tai kotona. WC:n\u00e4 k\u00e4ytet\u00e4\u00e4n Pookin (vartiorakennus) k\u00e4ym\u00e4l\u00e4\u00e4 kes\u00e4ll\u00e4. Majan k\u00e4ytt\u00f6 ei saa h\u00e4irit\u00e4 ymp\u00e4rist\u00f6n asukkaita tai yleist\u00e4 j\u00e4rjestyst\u00e4. Vuokraaja sitoutuu korjaamaan tai korvaamaan k\u00e4yt\u00f6n aiheuttamat vahingot. Tupakointi sis\u00e4tiloissa on ehdottomasti kielletty\u00e4!<\/p>\n\n\n\n<p>Majan lattia on uusittu perinteisi\u00e4 materiaaleja k\u00e4ytt\u00e4en. Lattialaudat ovat maalattua havupuuta, joten ne eiv\u00e4t kest\u00e4 kovaa painetta tai naarmuttamista. Keng\u00e4t on riisuttava eteisess\u00e4 tai puhdistettava huolellisesti ennen sis\u00e4lle astumista. Huonekaluja tai muita tavaroita ei saa raahata lattiaa my\u00f6ten. Kapeakorkoiset korkokeng\u00e4t aiheuttavat painaumia puuhun, joten sellaisten k\u00e4ytt\u00f6 on Majassa kielletty.<\/p>\n\n\n\n<p>Mahdollisista vahingoista vuokraajan on viivytyksett\u00e4 ilmoitettava seuran johtokunnalle.<\/p>\n\n\n\n<hr class=\"wp-block-separator has-alpha-channel-opacity\"\/>\n\n\n\n<p><strong>Pihapiirin grillauspaikka ja vastuukysymykset<\/strong><\/p>\n\n\n\n<p>Majan pihalla on peltinen iso avogrilli ja 3 ulkop\u00f6yt\u00e4\u00e4 penkkeineen. Pienille ryhmille grillauspaikka on vapaasti j\u00e4senten k\u00e4ytett\u00e4viss\u00e4. Suurempien ryhmien (10 henkil\u00f6\u00e4 tai useampi) osalta se on varattava seuralta samaan tapaan kuin Maja. Grilliss\u00e4 saa polttaa grillihiili\u00e4 tai Vajassa s\u00e4ilytett\u00e4v\u00e4\u00e4 puutavaraa. Grillin k\u00e4ytt\u00f6 on kielletty aina, kun alueella on mets\u00e4palovaroitus tai olosuhteet esim. kuivuuden takia eiv\u00e4t salli grillin turvallista k\u00e4ytt\u00f6\u00e4. Huolehdi, ett\u00e4 tuli ja hiillos ovat sammuneet ennen paikalta poistumista!<\/p>\n\n\n\n<p>J\u00e4senen on itse osallistuttava grillauspaikalla j\u00e4rjestett\u00e4v\u00e4\u00e4n tilaisuuteen. H\u00e4n vastaa grillauspaikan asiallisesta k\u00e4yt\u00f6st\u00e4 ja sen siivoamisesta ja j\u00e4tteiden poisviemisest\u00e4 k\u00e4yt\u00f6n j\u00e4lkeen sek\u00e4 siit\u00e4, ettei talolle, irtaimistolle tai ymp\u00e4rist\u00f6lle aiheudu vahinkoa sek\u00e4 siit\u00e4, ettei k\u00e4ytt\u00f6 h\u00e4iritse ymp\u00e4rist\u00f6n asukkaita tai yleist\u00e4 j\u00e4rjestyst\u00e4. Grillauspaikan k\u00e4ytt\u00e4j\u00e4 sitoutuu korjaamaan tai korvaamaan k\u00e4yt\u00f6n aiheuttamat vahingot.<\/p>\n\n\n\n<p>Mahdollisista vahingoista k\u00e4ytt\u00e4j\u00e4n on viivytyksett\u00e4 ilmoitettava seuran johtokunnalle.<\/p>\n\n\n\n<hr class=\"wp-block-separator has-alpha-channel-opacity\"\/>\n\n\n\n<p><strong>Majan ja grillauspaikan varaus ja vuokra<\/strong><\/p>\n\n\n\n<p>Majan varauspyynt\u00f6 tehd\u00e4\u00e4n j\u00e4sensivuilta <a href=\"https:\/\/venekerhot.fi\/em#\/reserve1\" target=\"_blank\" rel=\"noreferrer noopener\">venekerhot.fi<\/a> -palvelussa. Seuran sihteeri vahvistaa varauksen, mik\u00e4li esteit\u00e4 varaukselle ei ole. Vuokra j\u00e4senille ja muille ilmoitetaan seuran nettisivuilla <a href=\"https:\/\/espoonmerenkulkijat.net\/index.php\/hinnasto\/\">hinnastot-sivulla<\/a>. Taloudenhoitaja laskuttaa vuokran s\u00e4hk\u00f6postitse l\u00e4hetett\u00e4v\u00e4ll\u00e4 laskulla. Majan avaimen toimituksesta vuokraajalle sovitaan erikseen varausta tehdess\u00e4.<\/p>\n\n\n\n<p><strong>Muista, ett\u00e4 olet sitoutunut maksamaan tilavuokran ja noudattamaan t\u00e4ss\u00e4 esitettyj\u00e4 s\u00e4\u00e4nt\u00f6j\u00e4 seuran yhteisist\u00e4 tiloista!<\/strong><\/p>\n\n\n\n<div class=\"wp-block-group is-layout-constrained wp-block-group-is-layout-constrained\"><div class=\"wp-block-group__inner-container\"><\/div><\/div>\n\n\n\n<figure class=\"wp-block-image size-large\"><img loading=\"lazy\" decoding=\"async\" width=\"1024\" height=\"576\" src=\"https:\/\/espoonmerenkulkijat.net\/wp-content\/uploads\/2023\/09\/maja1-1024x576.jpg\" alt=\"\" class=\"wp-image-2172\" srcset=\"https:\/\/espoonmerenkulkijat.net\/wp-content\/uploads\/2023\/09\/maja1-1024x576.jpg 1024w, https:\/\/espoonmerenkulkijat.net\/wp-content\/uploads\/2023\/09\/maja1-300x169.jpg 300w, https:\/\/espoonmerenkulkijat.net\/wp-content\/uploads\/2023\/09\/maja1-768x432.jpg 768w, https:\/\/espoonmerenkulkijat.net\/wp-content\/uploads\/2023\/09\/maja1-1536x864.jpg 1536w, https:\/\/espoonmerenkulkijat.net\/wp-content\/uploads\/2023\/09\/maja1.jpg 2048w\" sizes=\"auto, (max-width: 1024px) 100vw, 1024px\" \/><\/figure>\n","protected":false},"excerpt":{"rendered":"<p>Espoon Merenkulkijoiden Majan ja sen piha-alueen k\u00e4ytt\u00f6s\u00e4\u00e4nn\u00f6t Maja, sen pihapiiri ja niiden k\u00e4ytt\u00f6tarkoitus Pursiseura Espoon Merenkulkijat vuokraa Espoon kaupungilta sataman v\u00e4litt\u00f6m\u00e4ss\u00e4 l\u00e4heisyydess\u00e4 olevaa kiinteist\u00f6\u00e4. Pihapiiriss\u00e4 on kuusi rakennusta: Maja toimii [&hellip;]<\/p>\n","protected":false},"author":4,"featured_media":0,"parent":0,"menu_order":0,"comment_status":"closed","ping_status":"closed","template":"","meta":{"site-sidebar-layout":"default","site-content-layout":"","ast-site-content-layout":"default","site-content-style":"default","site-sidebar-style":"default","ast-global-header-display":"","ast-banner-title-visibility":"","ast-main-header-display":"","ast-hfb-above-header-display":"","ast-hfb-below-header-display":"","ast-hfb-mobile-header-display":"","site-post-title":"","ast-breadcrumbs-content":"","ast-featured-img":"","footer-sml-layout":"","ast-disable-related-posts":"","theme-transparent-header-meta":"","adv-header-id-meta":"","stick-header-meta":"","header-above-stick-meta":"","header-main-stick-meta":"","header-below-stick-meta":"","astra-migrate-meta-layouts":"set","ast-page-background-enabled":"default","ast-page-background-meta":{"desktop":{"background-color":"","background-image":"","background-repeat":"repeat","background-position":"center center","background-size":"auto","background-attachment":"scroll","background-type":"","background-media":"","overlay-type":"","overlay-color":"","overlay-opacity":"","overlay-gradient":""},"tablet":{"background-color":"","background-image":"","background-repeat":"repeat","background-position":"center center","background-size":"auto","background-attachment":"scroll","background-type":"","background-media":"","overlay-type":"","overlay-color":"","overlay-opacity":"","overlay-gradient":""},"mobile":{"background-color":"","background-image":"","background-repeat":"repeat","background-position":"center center","background-size":"auto","background-attachment":"scroll","background-type":"","background-media":"","overlay-type":"","overlay-color":"","overlay-opacity":"","overlay-gradient":""}},"ast-content-background-meta":{"desktop":{"background-color":"var(--ast-global-color-5)","background-image":"","background-repeat":"repeat","background-position":"center center","background-size":"auto","background-attachment":"scroll","background-type":"","background-media":"","overlay-type":"","overlay-color":"","overlay-opacity":"","overlay-gradient":""},"tablet":{"background-color":"var(--ast-global-color-5)","background-image":"","background-repeat":"repeat","background-position":"center center","background-size":"auto","background-attachment":"scroll","background-type":"","background-media":"","overlay-type":"","overlay-color":"","overlay-opacity":"","overlay-gradient":""},"mobile":{"background-color":"var(--ast-global-color-5)","background-image":"","background-repeat":"repeat","background-position":"center center","background-size":"auto","background-attachment":"scroll","background-type":"","background-media":"","overlay-type":"","overlay-color":"","overlay-opacity":"","overlay-gradient":""}},"footnotes":""},"class_list":["post-2169","page","type-page","status-publish","hentry"],"yoast_head":"<!-- This site is optimized with the Yoast SEO plugin v27.3 - https:\/\/yoast.com\/product\/yoast-seo-wordpress\/ -->\n<title>Seuran Maja - Espoon Merenkulkijat ry<\/title>\n<meta name=\"robots\" content=\"index, follow, max-snippet:-1, max-image-preview:large, max-video-preview:-1\" \/>\n<link rel=\"canonical\" href=\"https:\/\/espoonmerenkulkijat.net\/index.php\/seuran-maja\/\" \/>\n<meta property=\"og:locale\" content=\"fi_FI\" \/>\n<meta property=\"og:type\" content=\"article\" \/>\n<meta property=\"og:title\" content=\"Seuran Maja - Espoon Merenkulkijat ry\" \/>\n<meta property=\"og:description\" content=\"Espoon Merenkulkijoiden Majan ja sen piha-alueen k\u00e4ytt\u00f6s\u00e4\u00e4nn\u00f6t Maja, sen pihapiiri ja niiden k\u00e4ytt\u00f6tarkoitus Pursiseura Espoon Merenkulkijat vuokraa Espoon kaupungilta sataman v\u00e4litt\u00f6m\u00e4ss\u00e4 l\u00e4heisyydess\u00e4 olevaa kiinteist\u00f6\u00e4. Pihapiiriss\u00e4 on kuusi rakennusta: Maja toimii [&hellip;]\" \/>\n<meta property=\"og:url\" content=\"https:\/\/espoonmerenkulkijat.net\/index.php\/seuran-maja\/\" \/>\n<meta property=\"og:site_name\" content=\"Espoon Merenkulkijat ry\" \/>\n<meta property=\"article:modified_time\" content=\"2025-04-04T14:11:32+00:00\" \/>\n<meta property=\"og:image\" content=\"https:\/\/espoonmerenkulkijat.net\/wp-content\/uploads\/2023\/09\/maja1.jpg\" \/>\n\t<meta property=\"og:image:width\" content=\"2048\" \/>\n\t<meta property=\"og:image:height\" content=\"1152\" \/>\n\t<meta property=\"og:image:type\" content=\"image\/jpeg\" \/>\n<meta name=\"twitter:card\" content=\"summary_large_image\" \/>\n<meta name=\"twitter:label1\" content=\"Arvioitu lukuaika\" \/>\n\t<meta name=\"twitter:data1\" content=\"4 minuuttia\" \/>\n<script type=\"application\/ld+json\" class=\"yoast-schema-graph\">{\"@context\":\"https:\\\/\\\/schema.org\",\"@graph\":[{\"@type\":\"WebPage\",\"@id\":\"https:\\\/\\\/espoonmerenkulkijat.net\\\/index.php\\\/seuran-maja\\\/\",\"url\":\"https:\\\/\\\/espoonmerenkulkijat.net\\\/index.php\\\/seuran-maja\\\/\",\"name\":\"Seuran Maja - Espoon Merenkulkijat ry\",\"isPartOf\":{\"@id\":\"https:\\\/\\\/espoonmerenkulkijat.net\\\/#website\"},\"primaryImageOfPage\":{\"@id\":\"https:\\\/\\\/espoonmerenkulkijat.net\\\/index.php\\\/seuran-maja\\\/#primaryimage\"},\"image\":{\"@id\":\"https:\\\/\\\/espoonmerenkulkijat.net\\\/index.php\\\/seuran-maja\\\/#primaryimage\"},\"thumbnailUrl\":\"https:\\\/\\\/espoonmerenkulkijat.net\\\/wp-content\\\/uploads\\\/2023\\\/09\\\/maja1-1024x576.jpg\",\"datePublished\":\"2023-09-18T14:42:51+00:00\",\"dateModified\":\"2025-04-04T14:11:32+00:00\",\"breadcrumb\":{\"@id\":\"https:\\\/\\\/espoonmerenkulkijat.net\\\/index.php\\\/seuran-maja\\\/#breadcrumb\"},\"inLanguage\":\"fi\",\"potentialAction\":[{\"@type\":\"ReadAction\",\"target\":[\"https:\\\/\\\/espoonmerenkulkijat.net\\\/index.php\\\/seuran-maja\\\/\"]}]},{\"@type\":\"ImageObject\",\"inLanguage\":\"fi\",\"@id\":\"https:\\\/\\\/espoonmerenkulkijat.net\\\/index.php\\\/seuran-maja\\\/#primaryimage\",\"url\":\"https:\\\/\\\/espoonmerenkulkijat.net\\\/wp-content\\\/uploads\\\/2023\\\/09\\\/maja1.jpg\",\"contentUrl\":\"https:\\\/\\\/espoonmerenkulkijat.net\\\/wp-content\\\/uploads\\\/2023\\\/09\\\/maja1.jpg\",\"width\":2048,\"height\":1152},{\"@type\":\"BreadcrumbList\",\"@id\":\"https:\\\/\\\/espoonmerenkulkijat.net\\\/index.php\\\/seuran-maja\\\/#breadcrumb\",\"itemListElement\":[{\"@type\":\"ListItem\",\"position\":1,\"name\":\"Etusivu\",\"item\":\"https:\\\/\\\/espoonmerenkulkijat.net\\\/\"},{\"@type\":\"ListItem\",\"position\":2,\"name\":\"Seuran Maja\"}]},{\"@type\":\"WebSite\",\"@id\":\"https:\\\/\\\/espoonmerenkulkijat.net\\\/#website\",\"url\":\"https:\\\/\\\/espoonmerenkulkijat.net\\\/\",\"name\":\"Espoon Merenkulkijat ry\",\"description\":\"\",\"publisher\":{\"@id\":\"https:\\\/\\\/espoonmerenkulkijat.net\\\/#organization\"},\"potentialAction\":[{\"@type\":\"SearchAction\",\"target\":{\"@type\":\"EntryPoint\",\"urlTemplate\":\"https:\\\/\\\/espoonmerenkulkijat.net\\\/?s={search_term_string}\"},\"query-input\":{\"@type\":\"PropertyValueSpecification\",\"valueRequired\":true,\"valueName\":\"search_term_string\"}}],\"inLanguage\":\"fi\"},{\"@type\":\"Organization\",\"@id\":\"https:\\\/\\\/espoonmerenkulkijat.net\\\/#organization\",\"name\":\"Espoon Merenkulkijat ry\",\"url\":\"https:\\\/\\\/espoonmerenkulkijat.net\\\/\",\"logo\":{\"@type\":\"ImageObject\",\"inLanguage\":\"fi\",\"@id\":\"https:\\\/\\\/espoonmerenkulkijat.net\\\/#\\\/schema\\\/logo\\\/image\\\/\",\"url\":\"https:\\\/\\\/espoonmerenkulkijat.net\\\/wp-content\\\/uploads\\\/2023\\\/01\\\/cropped-EM_50_juhlalogo_320x320.png\",\"contentUrl\":\"https:\\\/\\\/espoonmerenkulkijat.net\\\/wp-content\\\/uploads\\\/2023\\\/01\\\/cropped-EM_50_juhlalogo_320x320.png\",\"width\":320,\"height\":320,\"caption\":\"Espoon Merenkulkijat ry\"},\"image\":{\"@id\":\"https:\\\/\\\/espoonmerenkulkijat.net\\\/#\\\/schema\\\/logo\\\/image\\\/\"}}]}<\/script>\n<!-- \/ Yoast SEO plugin. -->","yoast_head_json":{"title":"Seuran Maja - Espoon Merenkulkijat ry","robots":{"index":"index","follow":"follow","max-snippet":"max-snippet:-1","max-image-preview":"max-image-preview:large","max-video-preview":"max-video-preview:-1"},"canonical":"https:\/\/espoonmerenkulkijat.net\/index.php\/seuran-maja\/","og_locale":"fi_FI","og_type":"article","og_title":"Seuran Maja - Espoon Merenkulkijat ry","og_description":"Espoon Merenkulkijoiden Majan ja sen piha-alueen k\u00e4ytt\u00f6s\u00e4\u00e4nn\u00f6t Maja, sen pihapiiri ja niiden k\u00e4ytt\u00f6tarkoitus Pursiseura Espoon Merenkulkijat vuokraa Espoon kaupungilta sataman v\u00e4litt\u00f6m\u00e4ss\u00e4 l\u00e4heisyydess\u00e4 olevaa kiinteist\u00f6\u00e4. Pihapiiriss\u00e4 on kuusi rakennusta: Maja toimii [&hellip;]","og_url":"https:\/\/espoonmerenkulkijat.net\/index.php\/seuran-maja\/","og_site_name":"Espoon Merenkulkijat ry","article_modified_time":"2025-04-04T14:11:32+00:00","og_image":[{"width":2048,"height":1152,"url":"https:\/\/espoonmerenkulkijat.net\/wp-content\/uploads\/2023\/09\/maja1.jpg","type":"image\/jpeg"}],"twitter_card":"summary_large_image","twitter_misc":{"Arvioitu lukuaika":"4 minuuttia"},"schema":{"@context":"https:\/\/schema.org","@graph":[{"@type":"WebPage","@id":"https:\/\/espoonmerenkulkijat.net\/index.php\/seuran-maja\/","url":"https:\/\/espoonmerenkulkijat.net\/index.php\/seuran-maja\/","name":"Seuran Maja - Espoon Merenkulkijat ry","isPartOf":{"@id":"https:\/\/espoonmerenkulkijat.net\/#website"},"primaryImageOfPage":{"@id":"https:\/\/espoonmerenkulkijat.net\/index.php\/seuran-maja\/#primaryimage"},"image":{"@id":"https:\/\/espoonmerenkulkijat.net\/index.php\/seuran-maja\/#primaryimage"},"thumbnailUrl":"https:\/\/espoonmerenkulkijat.net\/wp-content\/uploads\/2023\/09\/maja1-1024x576.jpg","datePublished":"2023-09-18T14:42:51+00:00","dateModified":"2025-04-04T14:11:32+00:00","breadcrumb":{"@id":"https:\/\/espoonmerenkulkijat.net\/index.php\/seuran-maja\/#breadcrumb"},"inLanguage":"fi","potentialAction":[{"@type":"ReadAction","target":["https:\/\/espoonmerenkulkijat.net\/index.php\/seuran-maja\/"]}]},{"@type":"ImageObject","inLanguage":"fi","@id":"https:\/\/espoonmerenkulkijat.net\/index.php\/seuran-maja\/#primaryimage","url":"https:\/\/espoonmerenkulkijat.net\/wp-content\/uploads\/2023\/09\/maja1.jpg","contentUrl":"https:\/\/espoonmerenkulkijat.net\/wp-content\/uploads\/2023\/09\/maja1.jpg","width":2048,"height":1152},{"@type":"BreadcrumbList","@id":"https:\/\/espoonmerenkulkijat.net\/index.php\/seuran-maja\/#breadcrumb","itemListElement":[{"@type":"ListItem","position":1,"name":"Etusivu","item":"https:\/\/espoonmerenkulkijat.net\/"},{"@type":"ListItem","position":2,"name":"Seuran Maja"}]},{"@type":"WebSite","@id":"https:\/\/espoonmerenkulkijat.net\/#website","url":"https:\/\/espoonmerenkulkijat.net\/","name":"Espoon Merenkulkijat ry","description":"","publisher":{"@id":"https:\/\/espoonmerenkulkijat.net\/#organization"},"potentialAction":[{"@type":"SearchAction","target":{"@type":"EntryPoint","urlTemplate":"https:\/\/espoonmerenkulkijat.net\/?s={search_term_string}"},"query-input":{"@type":"PropertyValueSpecification","valueRequired":true,"valueName":"search_term_string"}}],"inLanguage":"fi"},{"@type":"Organization","@id":"https:\/\/espoonmerenkulkijat.net\/#organization","name":"Espoon Merenkulkijat ry","url":"https:\/\/espoonmerenkulkijat.net\/","logo":{"@type":"ImageObject","inLanguage":"fi","@id":"https:\/\/espoonmerenkulkijat.net\/#\/schema\/logo\/image\/","url":"https:\/\/espoonmerenkulkijat.net\/wp-content\/uploads\/2023\/01\/cropped-EM_50_juhlalogo_320x320.png","contentUrl":"https:\/\/espoonmerenkulkijat.net\/wp-content\/uploads\/2023\/01\/cropped-EM_50_juhlalogo_320x320.png","width":320,"height":320,"caption":"Espoon Merenkulkijat ry"},"image":{"@id":"https:\/\/espoonmerenkulkijat.net\/#\/schema\/logo\/image\/"}}]}},"_links":{"self":[{"href":"https:\/\/espoonmerenkulkijat.net\/index.php\/wp-json\/wp\/v2\/pages\/2169","targetHints":{"allow":["GET"]}}],"collection":[{"href":"https:\/\/espoonmerenkulkijat.net\/index.php\/wp-json\/wp\/v2\/pages"}],"about":[{"href":"https:\/\/espoonmerenkulkijat.net\/index.php\/wp-json\/wp\/v2\/types\/page"}],"author":[{"embeddable":true,"href":"https:\/\/espoonmerenkulkijat.net\/index.php\/wp-json\/wp\/v2\/users\/4"}],"replies":[{"embeddable":true,"href":"https:\/\/espoonmerenkulkijat.net\/index.php\/wp-json\/wp\/v2\/comments?post=2169"}],"version-history":[{"count":13,"href":"https:\/\/espoonmerenkulkijat.net\/index.php\/wp-json\/wp\/v2\/pages\/2169\/revisions"}],"predecessor-version":[{"id":3071,"href":"https:\/\/espoonmerenkulkijat.net\/index.php\/wp-json\/wp\/v2\/pages\/2169\/revisions\/3071"}],"wp:attachment":[{"href":"https:\/\/espoonmerenkulkijat.net\/index.php\/wp-json\/wp\/v2\/media?parent=2169"}],"curies":[{"name":"wp","href":"https:\/\/api.w.org\/{rel}","templated":true}]}}