{"id":220,"date":"2020-01-22T17:01:56","date_gmt":"2020-01-22T17:01:56","guid":{"rendered":"http:\/\/temp.espoonmerenkulkijat.net\/?page_id=220"},"modified":"2026-04-10T10:43:01","modified_gmt":"2026-04-10T07:43:01","slug":"tervetuloa-espoon-merenkulkijoiden-sivuille","status":"publish","type":"page","link":"https:\/\/espoonmerenkulkijat.net\/","title":{"rendered":"Espoon Merenkulkijat"},"content":{"rendered":"\n<p>Olemme pieni, l\u00e4mminhenkinen veneseura Matinkyl\u00e4ss\u00e4 Nokkalassa. Seuramme ilo on toimiva satama, josta on helppo l\u00e4hte\u00e4 l\u00e4nteen ja it\u00e4\u00e4n. Tervetuloa meille!<\/p>\n\n\n\n<blockquote class=\"wp-block-quote is-layout-flow wp-block-quote-is-layout-flow\">\n<h3 class=\"wp-block-heading\">Viel\u00e4 muutama venepaikka j\u00e4ljell\u00e4 veneilykaudelle 2026!<a href=\"https:\/\/espoonmerenkulkijat.net\/index.php\/2026\/04\/10\/venepaikkoja-vapaana-talle-veneilykaudelle\/\"> Katso lis\u00e4tietoja <\/a><a href=\"https:\/\/espoonmerenkulkijat.net\/index.php\/2026\/04\/10\/venepaikkoja-vapaana-talle-veneilykaudelle\/\" target=\"_blank\" rel=\"noreferrer noopener\">t\u00e4st\u00e4<\/a><\/h3>\n<\/blockquote>\n\n\n\n<figure class=\"wp-block-image size-large\"><img loading=\"lazy\" decoding=\"async\" width=\"1024\" height=\"556\" src=\"https:\/\/espoonmerenkulkijat.net\/wp-content\/uploads\/2021\/02\/IMG_5454-Custom-e1765994234688-1024x556.jpg\" alt=\"\" class=\"wp-image-851\" srcset=\"https:\/\/espoonmerenkulkijat.net\/wp-content\/uploads\/2021\/02\/IMG_5454-Custom-e1765994234688-1024x556.jpg 1024w, https:\/\/espoonmerenkulkijat.net\/wp-content\/uploads\/2021\/02\/IMG_5454-Custom-e1765994234688-300x163.jpg 300w, https:\/\/espoonmerenkulkijat.net\/wp-content\/uploads\/2021\/02\/IMG_5454-Custom-e1765994234688-768x417.jpg 768w, https:\/\/espoonmerenkulkijat.net\/wp-content\/uploads\/2021\/02\/IMG_5454-Custom-e1765994234688-1536x834.jpg 1536w, https:\/\/espoonmerenkulkijat.net\/wp-content\/uploads\/2021\/02\/IMG_5454-Custom-e1765994234688-2048x1112.jpg 2048w\" sizes=\"auto, (max-width: 1024px) 100vw, 1024px\" \/><\/figure>\n","protected":false},"excerpt":{"rendered":"<p>Olemme pieni, l\u00e4mminhenkinen veneseura Matinkyl\u00e4ss\u00e4 Nokkalassa. Seuramme ilo on toimiva satama, josta on helppo l\u00e4hte\u00e4 l\u00e4nteen ja it\u00e4\u00e4n. Tervetuloa meille! Viel\u00e4 muutama venepaikka j\u00e4ljell\u00e4 veneilykaudelle 2026! Katso lis\u00e4tietoja t\u00e4st\u00e4<\/p>\n","protected":false},"author":4,"featured_media":0,"parent":0,"menu_order":0,"comment_status":"closed","ping_status":"closed","template":"","meta":{"site-sidebar-layout":"default","site-content-layout":"default","ast-site-content-layout":"default","site-content-style":"default","site-sidebar-style":"default","ast-global-header-display":"","ast-banner-title-visibility":"","ast-main-header-display":"","ast-hfb-above-header-display":"","ast-hfb-below-header-display":"","ast-hfb-mobile-header-display":"","site-post-title":"","ast-breadcrumbs-content":"","ast-featured-img":"","footer-sml-layout":"","ast-disable-related-posts":"","theme-transparent-header-meta":"default","adv-header-id-meta":"","stick-header-meta":"","header-above-stick-meta":"","header-main-stick-meta":"","header-below-stick-meta":"","astra-migrate-meta-layouts":"set","ast-page-background-enabled":"default","ast-page-background-meta":{"desktop":{"background-color":"","background-image":"","background-repeat":"repeat","background-position":"center center","background-size":"auto","background-attachment":"scroll","background-type":"","background-media":"","overlay-type":"","overlay-color":"","overlay-opacity":"","overlay-gradient":""},"tablet":{"background-color":"","background-image":"","background-repeat":"repeat","background-position":"center center","background-size":"auto","background-attachment":"scroll","background-type":"","background-media":"","overlay-type":"","overlay-color":"","overlay-opacity":"","overlay-gradient":""},"mobile":{"background-color":"","background-image":"","background-repeat":"repeat","background-position":"center center","background-size":"auto","background-attachment":"scroll","background-type":"","background-media":"","overlay-type":"","overlay-color":"","overlay-opacity":"","overlay-gradient":""}},"ast-content-background-meta":{"desktop":{"background-color":"var(--ast-global-color-5)","background-image":"","background-repeat":"repeat","background-position":"center center","background-size":"auto","background-attachment":"scroll","background-type":"","background-media":"","overlay-type":"","overlay-color":"","overlay-opacity":"","overlay-gradient":""},"tablet":{"background-color":"var(--ast-global-color-5)","background-image":"","background-repeat":"repeat","background-position":"center center","background-size":"auto","background-attachment":"scroll","background-type":"","background-media":"","overlay-type":"","overlay-color":"","overlay-opacity":"","overlay-gradient":""},"mobile":{"background-color":"var(--ast-global-color-5)","background-image":"","background-repeat":"repeat","background-position":"center center","background-size":"auto","background-attachment":"scroll","background-type":"","background-media":"","overlay-type":"","overlay-color":"","overlay-opacity":"","overlay-gradient":""}},"footnotes":""},"class_list":["post-220","page","type-page","status-publish","hentry"],"yoast_head":"<!-- This site is optimized with the Yoast SEO plugin v27.3 - https:\/\/yoast.com\/product\/yoast-seo-wordpress\/ -->\n<title>Espoon Merenkulkijat - Espoon Merenkulkijat ry<\/title>\n<meta name=\"description\" content=\"Espoon Merenkulkijat olemme pieni ja l\u00e4mminhenkinen seura, sijaitsemme keskeisell\u00e4 ja rauhallisella paikalla Espoon Nokkalanniemess\u00e4.\" \/>\n<meta name=\"robots\" content=\"index, follow, max-snippet:-1, max-image-preview:large, max-video-preview:-1\" \/>\n<link rel=\"canonical\" href=\"https:\/\/espoonmerenkulkijat.net\/\" \/>\n<meta property=\"og:locale\" content=\"fi_FI\" \/>\n<meta property=\"og:type\" content=\"article\" \/>\n<meta property=\"og:title\" content=\"Espoon Merenkulkijat - Espoon Merenkulkijat ry\" \/>\n<meta property=\"og:description\" content=\"Espoon Merenkulkijat olemme pieni ja l\u00e4mminhenkinen seura, sijaitsemme keskeisell\u00e4 ja rauhallisella paikalla Espoon Nokkalanniemess\u00e4.\" \/>\n<meta property=\"og:url\" content=\"https:\/\/espoonmerenkulkijat.net\/\" \/>\n<meta property=\"og:site_name\" content=\"Espoon Merenkulkijat ry\" \/>\n<meta property=\"article:modified_time\" content=\"2026-04-10T07:43:01+00:00\" \/>\n<meta property=\"og:image\" content=\"https:\/\/espoonmerenkulkijat.net\/wp-content\/uploads\/2021\/02\/IMG_5454-Custom-e1765994234688.jpg\" \/>\n\t<meta property=\"og:image:width\" content=\"2500\" \/>\n\t<meta property=\"og:image:height\" content=\"1358\" \/>\n\t<meta property=\"og:image:type\" content=\"image\/jpeg\" \/>\n<meta name=\"twitter:card\" content=\"summary_large_image\" \/>\n<meta name=\"twitter:label1\" content=\"Arvioitu lukuaika\" \/>\n\t<meta name=\"twitter:data1\" content=\"1 minuutti\" \/>\n<script type=\"application\/ld+json\" class=\"yoast-schema-graph\">{\"@context\":\"https:\\\/\\\/schema.org\",\"@graph\":[{\"@type\":\"WebPage\",\"@id\":\"https:\\\/\\\/espoonmerenkulkijat.net\\\/\",\"url\":\"https:\\\/\\\/espoonmerenkulkijat.net\\\/\",\"name\":\"Espoon Merenkulkijat - Espoon Merenkulkijat ry\",\"isPartOf\":{\"@id\":\"https:\\\/\\\/espoonmerenkulkijat.net\\\/#website\"},\"primaryImageOfPage\":{\"@id\":\"https:\\\/\\\/espoonmerenkulkijat.net\\\/#primaryimage\"},\"image\":{\"@id\":\"https:\\\/\\\/espoonmerenkulkijat.net\\\/#primaryimage\"},\"thumbnailUrl\":\"https:\\\/\\\/espoonmerenkulkijat.net\\\/wp-content\\\/uploads\\\/2021\\\/02\\\/IMG_5454-Custom-e1765994234688-1024x556.jpg\",\"datePublished\":\"2020-01-22T17:01:56+00:00\",\"dateModified\":\"2026-04-10T07:43:01+00:00\",\"description\":\"Espoon Merenkulkijat olemme pieni ja l\u00e4mminhenkinen seura, sijaitsemme keskeisell\u00e4 ja rauhallisella paikalla Espoon Nokkalanniemess\u00e4.\",\"breadcrumb\":{\"@id\":\"https:\\\/\\\/espoonmerenkulkijat.net\\\/#breadcrumb\"},\"inLanguage\":\"fi\",\"potentialAction\":[{\"@type\":\"ReadAction\",\"target\":[\"https:\\\/\\\/espoonmerenkulkijat.net\\\/\"]}]},{\"@type\":\"ImageObject\",\"inLanguage\":\"fi\",\"@id\":\"https:\\\/\\\/espoonmerenkulkijat.net\\\/#primaryimage\",\"url\":\"https:\\\/\\\/espoonmerenkulkijat.net\\\/wp-content\\\/uploads\\\/2021\\\/02\\\/IMG_5454-Custom-e1765994234688.jpg\",\"contentUrl\":\"https:\\\/\\\/espoonmerenkulkijat.net\\\/wp-content\\\/uploads\\\/2021\\\/02\\\/IMG_5454-Custom-e1765994234688.jpg\",\"width\":2500,\"height\":1358},{\"@type\":\"BreadcrumbList\",\"@id\":\"https:\\\/\\\/espoonmerenkulkijat.net\\\/#breadcrumb\",\"itemListElement\":[{\"@type\":\"ListItem\",\"position\":1,\"name\":\"Etusivu\",\"item\":\"https:\\\/\\\/espoonmerenkulkijat.net\\\/\"},{\"@type\":\"ListItem\",\"position\":2,\"name\":\"Espoon Merenkulkijat\"}]},{\"@type\":\"WebSite\",\"@id\":\"https:\\\/\\\/espoonmerenkulkijat.net\\\/#website\",\"url\":\"https:\\\/\\\/espoonmerenkulkijat.net\\\/\",\"name\":\"Espoon Merenkulkijat ry\",\"description\":\"\",\"publisher\":{\"@id\":\"https:\\\/\\\/espoonmerenkulkijat.net\\\/#organization\"},\"potentialAction\":[{\"@type\":\"SearchAction\",\"target\":{\"@type\":\"EntryPoint\",\"urlTemplate\":\"https:\\\/\\\/espoonmerenkulkijat.net\\\/?s={search_term_string}\"},\"query-input\":{\"@type\":\"PropertyValueSpecification\",\"valueRequired\":true,\"valueName\":\"search_term_string\"}}],\"inLanguage\":\"fi\"},{\"@type\":\"Organization\",\"@id\":\"https:\\\/\\\/espoonmerenkulkijat.net\\\/#organization\",\"name\":\"Espoon Merenkulkijat ry\",\"url\":\"https:\\\/\\\/espoonmerenkulkijat.net\\\/\",\"logo\":{\"@type\":\"ImageObject\",\"inLanguage\":\"fi\",\"@id\":\"https:\\\/\\\/espoonmerenkulkijat.net\\\/#\\\/schema\\\/logo\\\/image\\\/\",\"url\":\"https:\\\/\\\/espoonmerenkulkijat.net\\\/wp-content\\\/uploads\\\/2023\\\/01\\\/cropped-EM_50_juhlalogo_320x320.png\",\"contentUrl\":\"https:\\\/\\\/espoonmerenkulkijat.net\\\/wp-content\\\/uploads\\\/2023\\\/01\\\/cropped-EM_50_juhlalogo_320x320.png\",\"width\":320,\"height\":320,\"caption\":\"Espoon Merenkulkijat ry\"},\"image\":{\"@id\":\"https:\\\/\\\/espoonmerenkulkijat.net\\\/#\\\/schema\\\/logo\\\/image\\\/\"}}]}<\/script>\n<!-- \/ Yoast SEO plugin. -->","yoast_head_json":{"title":"Espoon Merenkulkijat - Espoon Merenkulkijat ry","description":"Espoon Merenkulkijat olemme pieni ja l\u00e4mminhenkinen seura, sijaitsemme keskeisell\u00e4 ja rauhallisella paikalla Espoon Nokkalanniemess\u00e4.","robots":{"index":"index","follow":"follow","max-snippet":"max-snippet:-1","max-image-preview":"max-image-preview:large","max-video-preview":"max-video-preview:-1"},"canonical":"https:\/\/espoonmerenkulkijat.net\/","og_locale":"fi_FI","og_type":"article","og_title":"Espoon Merenkulkijat - Espoon Merenkulkijat ry","og_description":"Espoon Merenkulkijat olemme pieni ja l\u00e4mminhenkinen seura, sijaitsemme keskeisell\u00e4 ja rauhallisella paikalla Espoon Nokkalanniemess\u00e4.","og_url":"https:\/\/espoonmerenkulkijat.net\/","og_site_name":"Espoon Merenkulkijat ry","article_modified_time":"2026-04-10T07:43:01+00:00","og_image":[{"width":2500,"height":1358,"url":"https:\/\/espoonmerenkulkijat.net\/wp-content\/uploads\/2021\/02\/IMG_5454-Custom-e1765994234688.jpg","type":"image\/jpeg"}],"twitter_card":"summary_large_image","twitter_misc":{"Arvioitu lukuaika":"1 minuutti"},"schema":{"@context":"https:\/\/schema.org","@graph":[{"@type":"WebPage","@id":"https:\/\/espoonmerenkulkijat.net\/","url":"https:\/\/espoonmerenkulkijat.net\/","name":"Espoon Merenkulkijat - Espoon Merenkulkijat ry","isPartOf":{"@id":"https:\/\/espoonmerenkulkijat.net\/#website"},"primaryImageOfPage":{"@id":"https:\/\/espoonmerenkulkijat.net\/#primaryimage"},"image":{"@id":"https:\/\/espoonmerenkulkijat.net\/#primaryimage"},"thumbnailUrl":"https:\/\/espoonmerenkulkijat.net\/wp-content\/uploads\/2021\/02\/IMG_5454-Custom-e1765994234688-1024x556.jpg","datePublished":"2020-01-22T17:01:56+00:00","dateModified":"2026-04-10T07:43:01+00:00","description":"Espoon Merenkulkijat olemme pieni ja l\u00e4mminhenkinen seura, sijaitsemme keskeisell\u00e4 ja rauhallisella paikalla Espoon Nokkalanniemess\u00e4.","breadcrumb":{"@id":"https:\/\/espoonmerenkulkijat.net\/#breadcrumb"},"inLanguage":"fi","potentialAction":[{"@type":"ReadAction","target":["https:\/\/espoonmerenkulkijat.net\/"]}]},{"@type":"ImageObject","inLanguage":"fi","@id":"https:\/\/espoonmerenkulkijat.net\/#primaryimage","url":"https:\/\/espoonmerenkulkijat.net\/wp-content\/uploads\/2021\/02\/IMG_5454-Custom-e1765994234688.jpg","contentUrl":"https:\/\/espoonmerenkulkijat.net\/wp-content\/uploads\/2021\/02\/IMG_5454-Custom-e1765994234688.jpg","width":2500,"height":1358},{"@type":"BreadcrumbList","@id":"https:\/\/espoonmerenkulkijat.net\/#breadcrumb","itemListElement":[{"@type":"ListItem","position":1,"name":"Etusivu","item":"https:\/\/espoonmerenkulkijat.net\/"},{"@type":"ListItem","position":2,"name":"Espoon Merenkulkijat"}]},{"@type":"WebSite","@id":"https:\/\/espoonmerenkulkijat.net\/#website","url":"https:\/\/espoonmerenkulkijat.net\/","name":"Espoon Merenkulkijat ry","description":"","publisher":{"@id":"https:\/\/espoonmerenkulkijat.net\/#organization"},"potentialAction":[{"@type":"SearchAction","target":{"@type":"EntryPoint","urlTemplate":"https:\/\/espoonmerenkulkijat.net\/?s={search_term_string}"},"query-input":{"@type":"PropertyValueSpecification","valueRequired":true,"valueName":"search_term_string"}}],"inLanguage":"fi"},{"@type":"Organization","@id":"https:\/\/espoonmerenkulkijat.net\/#organization","name":"Espoon Merenkulkijat ry","url":"https:\/\/espoonmerenkulkijat.net\/","logo":{"@type":"ImageObject","inLanguage":"fi","@id":"https:\/\/espoonmerenkulkijat.net\/#\/schema\/logo\/image\/","url":"https:\/\/espoonmerenkulkijat.net\/wp-content\/uploads\/2023\/01\/cropped-EM_50_juhlalogo_320x320.png","contentUrl":"https:\/\/espoonmerenkulkijat.net\/wp-content\/uploads\/2023\/01\/cropped-EM_50_juhlalogo_320x320.png","width":320,"height":320,"caption":"Espoon Merenkulkijat ry"},"image":{"@id":"https:\/\/espoonmerenkulkijat.net\/#\/schema\/logo\/image\/"}}]}},"_links":{"self":[{"href":"https:\/\/espoonmerenkulkijat.net\/index.php\/wp-json\/wp\/v2\/pages\/220","targetHints":{"allow":["GET"]}}],"collection":[{"href":"https:\/\/espoonmerenkulkijat.net\/index.php\/wp-json\/wp\/v2\/pages"}],"about":[{"href":"https:\/\/espoonmerenkulkijat.net\/index.php\/wp-json\/wp\/v2\/types\/page"}],"author":[{"embeddable":true,"href":"https:\/\/espoonmerenkulkijat.net\/index.php\/wp-json\/wp\/v2\/users\/4"}],"replies":[{"embeddable":true,"href":"https:\/\/espoonmerenkulkijat.net\/index.php\/wp-json\/wp\/v2\/comments?post=220"}],"version-history":[{"count":21,"href":"https:\/\/espoonmerenkulkijat.net\/index.php\/wp-json\/wp\/v2\/pages\/220\/revisions"}],"predecessor-version":[{"id":3495,"href":"https:\/\/espoonmerenkulkijat.net\/index.php\/wp-json\/wp\/v2\/pages\/220\/revisions\/3495"}],"wp:attachment":[{"href":"https:\/\/espoonmerenkulkijat.net\/index.php\/wp-json\/wp\/v2\/media?parent=220"}],"curies":[{"name":"wp","href":"https:\/\/api.w.org\/{rel}","templated":true}]}}