{"id":223,"date":"2020-01-22T17:04:27","date_gmt":"2020-01-22T17:04:27","guid":{"rendered":"http:\/\/temp.espoonmerenkulkijat.net\/?page_id=223"},"modified":"2025-12-16T14:28:55","modified_gmt":"2025-12-16T12:28:55","slug":"rekisteriseloste","status":"publish","type":"page","link":"https:\/\/espoonmerenkulkijat.net\/index.php\/rekisteriseloste\/","title":{"rendered":"Rekisteriselosteet"},"content":{"rendered":"\n<p><strong><strong>Tietosuojalain (1050\/2018) mukainen rekisteriseloste <\/strong><\/strong>tietojenk\u00e4sittelyst\u00e4 Espoon Merenkulkijoiden toiminnan mahdollistamiseksi.<\/p>\n\n\n\n<p>Espoon Merenkulkijat ry:n j\u00e4sen- ja venerekisteri on toteutettu Suomen Purjehdus ja Veneily ry:n (SPV) tarjoaman SUULI-rekisteripalvelun sek\u00e4 Venekerhot.fi -palvelun avulla.\u00a0<\/p>\n\n\n\n<ol class=\"wp-block-list\">\n<li>Rekisterinpit\u00e4j\u00e4<br>Espoon Merenkulkijat Ry (EM)<br>Y-tunnus: 0351638-7<br>Nokkalanniemi 2, 02230 ESPOO&nbsp;<br>posti(at)espoonmerenkulkijat.net&nbsp;<br><\/li>\n\n\n\n<li>Yhteyshenkil\u00f6 rekisteri\u00e4 koskevissa asioissa<br>Kommodori Pekka Salmenhaara<br>Puhelin 0400 414531<br><\/li>\n\n\n\n<li>Rekisterin nimi:<br>Espoon Merenkulkijat ry:n j\u00e4sen- ja venerekisteri&nbsp;<br><\/li>\n\n\n\n<li>Henkil\u00f6- ja venetietojen k\u00e4sittelyn tarkoitus<br>Espoon Merenkulkijat ry:n hallinto pit\u00e4\u00e4 yll\u00e4 j\u00e4senrekisteri\u00e4 seuran toiminnan ja talouden vuoksi. Seura k\u00e4ytt\u00e4\u00e4 j\u00e4sen- ja venetietoja seuraaviin tarkoituksiin.<br>&#8211; seuran j\u00e4senmaksujen ja venepaikkamaksujen postitus (nimi, osoite, s\u00e4hk\u00f6posti)<br>&#8211; seuran kokouskutsujen postitus (nimi, osoite, s\u00e4hk\u00f6posti)<br>&#8211; seuran tiedotteiden postitus (nimi ja osoite tai s\u00e4hk\u00f6posti)<br>&#8211; venepaikka- ja talvis\u00e4ilytyskartat (nimi, venepaikka)<br>&#8211; vartiomajan puhelinluettelo (nimi ja puhelinnumero)<br>&#8211; veneiden katsastustoiminta (omistaja, venepaikka, veneen tiedot)&nbsp;<br>&#8211; tapahtumien j\u00e4rjest\u00e4miseen<br><\/li>\n\n\n\n<li>Rekisterintietosis\u00e4lt\u00f6<br>Seuralla on mahdollisuus tallentaa henkil\u00f6ist\u00e4 seuraavat tiedot SUULiin sek\u00e4 Venekerhot.fi -palveluun.<br>&#8211; nimi, syntym\u00e4aika, osoite, s\u00e4hk\u00f6posti, puhelinnumero, tiedotevalinta<br>&#8211; sukupuoli, koulutus*, ammatti*, ISAF-numero*<br>&#8211; j\u00e4senluokka, j\u00e4sennumero, liittymisp\u00e4iv\u00e4, koontij\u00e4senyys, j\u00e4senmaksutiedot &#8211; toimihenkil\u00f6rooli*, luottamustoimet, kunniamerkit<br>&#8211; kurssit*, tutkinnot*, p\u00e4tevyydet*<br>&#8211; veneen omistus, tietojen luovutuskielto**<br>Seura ei talleta j\u00e4senrekisteriin henkil\u00f6tunnusta. Henkil\u00f6tunnus talletetaan, mik\u00e4li j\u00e4sen tarvitsee SPV:n venep\u00e4\u00e4llikk\u00f6p\u00e4tevyytt\u00e4.<br>* Seura ei yll\u00e4pid\u00e4 t\u00e4hdell\u00e4 merkittyj\u00e4 tietoja SUULIssa tai Venekerhot.fi -palvelussa.<br>** Seura ei oletusarvoisesti luovuta tietoja. J\u00e4sen voi t\u00e4m\u00e4n muuttaa.\u00a0<\/li>\n<\/ol>\n\n\n\n<p>Seuralla on mahdollisuus tallentaa veneist\u00e4 seuraavat tiedot SUULIin ja Venekerhot.fi -palveluun.<br>&#8211; tyyppi*, rekisterinumero*, purjenumero*, valmistusvuosi*, valmistaja*<br>&#8211; materiaali, rungon v\u00e4ri\/numero, pituus*, leveys*, syv\u00e4ys*, paino, uppouma &#8211; purjepinta-ala, maston korkeus<br>&#8211; moottorin tyyppi, teho, vuosimalli, radiovarustus, septij\u00e4rjestelm\u00e4,<br>&#8211; katsastusluokka*, peruskatsastusvuosi*, vuosikatsastusvuosi*<br>&#8211; nimi*, omistaja*, vakuutusyhti\u00f6, venepaikka*, talvis\u00e4ilytyspaikka*<br>* Seura yll\u00e4pit\u00e4\u00e4 p\u00e4\u00e4s\u00e4\u00e4nt\u00f6isesti t\u00e4hdell\u00e4 merkittyj\u00e4 tietoja SUULI:ssa ja Venekerhot.fi -palvelussa.<\/p>\n\n\n\n<ol class=\"wp-block-list\">\n<li>S\u00e4\u00e4nn\u00f6nmukaiset tietol\u00e4hteet<br>&#8211; hallitukselle toimitetut j\u00e4senhakemukset<br>&#8211; hallitukselle toimitetut venepaikkahakemukset<br>&#8211; hallitukselle toimitetut osoitemuutokset<br>&#8211; j\u00e4senten omat p\u00e4ivitykset yhteystietoihin tai ISAF-numeroon &#8211; j\u00e4senten omat p\u00e4ivitykset tietojen luovutuskieltoon&nbsp;<br><\/li>\n\n\n\n<li>Tietojen s\u00e4\u00e4nn\u00f6nmukaiset luovutukset<br>&#8211; SPV:n j\u00e4senlaskutukseen EM:lle<br>&#8211; SPV:n tekem\u00e4\u00e4n tilastointiin<br>&#8211; SPV:n j\u00e4senpostituksiin (Nautic-lehti)<br>&#8211; SPV:n kunniamerkkien, koulutustietojen ja p\u00e4tevyyksien seurantaan<br>&#8211; EM ei luovuta tietoja kolmansille osapuolille teknisen\u00e4 tallenteena&nbsp;<br><\/li>\n\n\n\n<li>Espoon Merenkulkijat ry ei luovuta j\u00e4sen- ja venerekisterin tietoja EU:n eik\u00e4 ETA:n ulkopuolelle.&nbsp;<br><\/li>\n\n\n\n<li>Rekisterinsuojauksenperiaatteet<br>Kohdassa 4 mainitut tahot voivat koostaa s\u00e4hk\u00f6isist\u00e4 j\u00e4rjestelmist\u00e4 tulostettuja versioita j\u00e4sen- ja\/tai venerekisterist\u00e4 vain seuratoimintaan liittyvi\u00e4 tarkoitusperi\u00e4 varten. Jokainen tietojen k\u00e4sittelij\u00e4 huolehtii osaltaan tietojen huolellisesta k\u00e4sittelyst\u00e4 ja siit\u00e4, ett\u00e4 tiedot eiv\u00e4t joudu aiheettomasti kolmannen osapuolen saataville sek\u00e4 siit\u00e4, ett\u00e4 tiedot tuhotaan, kun niit\u00e4 ei en\u00e4\u00e4 tarvita. J\u00e4sen- tai venerekisterist\u00e4 ei tehd\u00e4 paperisia versioita ilman erityist\u00e4 syyt\u00e4.&nbsp;<\/li>\n<\/ol>\n\n\n\n<p>J\u00e4sen- ja venerekisterin tietokanta sijaitsee Suomen purjehdus ja veneily ry:n yll\u00e4pit\u00e4m\u00e4ss\u00e4 j\u00e4sen- ja venerekisteriss\u00e4 SUULissa sek\u00e4 Venekerhot.fi -palvelussa. Suomen purjehdus ja veneily ry vastaa omien j\u00e4rjestelmiens\u00e4 tietoturvasta ja k\u00e4ytett\u00e4vyydest\u00e4 omien tietoturvaperiaatteiden sek\u00e4 palvelutasovaatimustensa mukaisesti. Venekerhot.fi -palvelu vastaa omien j\u00e4rjestelmiens\u00e4 tietoturvasta ja k\u00e4ytett\u00e4vyydest\u00e4 omien tietoturvaperiaatteiden sek\u00e4 palvelutasovaatimustensa mukaisesti. Espoon Merenkulkijat ry vastaa web-hotellin ja s\u00e4hk\u00f6postin tietoturvasta palvelutoimittajan tietoturvaperiaatteiden mukaisesti.\u00a0<\/p>\n\n\n\n<p>J\u00e4sen- ja venerekisterist\u00e4 voidaan koostaa tiedostoja erilaisiin tarpeisiin, jolloin ker\u00e4t\u00e4\u00e4n tapauskohtaisesti tietoa vain erikseen m\u00e4\u00e4ritellysti kulloinkin olevia tarkoitusperi\u00e4 varten.&nbsp;<\/p>\n\n\n\n<p>J\u00e4sen- ja venerekisterin tietokantoihin ja tiedostoihin p\u00e4\u00e4syyn tarvitaan rekisteriss\u00e4 m\u00e4\u00e4ritellyt k\u00e4ytt\u00f6oikeudet, jotka my\u00f6nt\u00e4\u00e4 ja poistaa seuran hallitus ja joita hallinnoi Espoon Merenkulkijoiden rekisterinhoitaja.&nbsp;<\/p>\n\n\n\n<ol class=\"wp-block-list\">\n<li>Tarkastusoikeus<br>Rekister\u00f6idyll\u00e4 on oikeus tarkastaa itse\u00e4\u00e4n koskevat henkil\u00f6rekisteritiedot (HetiL 26 \u00a7). Tarkastuspyynt\u00f6 l\u00e4hetet\u00e4\u00e4n s\u00e4hk\u00f6postilla osoitteeseen&nbsp;posti@espoonmerenkulkijat.net. Pyynn\u00f6n k\u00e4sittelee johtokunta seuraavassa kokouksessaan.<br><\/li>\n<\/ol>\n\n\n\n<p>Oikeus vaatia tiedon korjaamista<br>Rekister\u00f6idyll\u00e4 on oikeus vaatia j\u00e4sen- ja venerekisteriss\u00e4 olevien tietojensa korjaamista. Korjauspyynt\u00f6 on teht\u00e4v\u00e4 kirjallisesti s\u00e4hk\u00f6postilla osoitteeseen&nbsp;posti@espoonmerenkulkijat.net&nbsp;tai seuran sivustolta l\u00f6ytyv\u00e4ll\u00e4 <a href=\"https:\/\/espoonmerenkulkijat.net\/index.php\/ota-yhteytta\/\" data-type=\"page\" data-id=\"117\" target=\"_blank\" rel=\"noreferrer noopener\">palautelomakkeella<\/a>.<\/p>\n\n\n\n<hr class=\"wp-block-separator has-alpha-channel-opacity\"\/>\n\n\n\n<h2 class=\"wp-block-heading\">Espoon Merenkulkijat ry rekisteriseloste tallentava kameravalvonta<\/h2>\n\n\n\n<h6 class=\"wp-block-heading\"><strong>Tietosuojalain (1050\/2018) mukainen rekisteriseloste tallentavasta kameravalvonnasta.<\/strong><\/h6>\n\n\n\n<ol class=\"wp-block-list\">\n<li><strong>Rekisterinpit\u00e4j\u00e4&nbsp;<\/strong><br>Espoon Merenkulkijat Ry (EM)<\/li>\n<\/ol>\n\n\n\n<p>Y-tunnus: 0351638-7<br>Nokkalanniemi 2, 02230 Espoo.&nbsp;<\/p>\n\n\n\n<p><strong>2. Rekisteriasioista vastaava henkil\u00f6&nbsp;<\/strong><br>Rekisterinhoitaja Pekka Salmenhaara<br>Puhelin: 0400 414531<br>S\u00e4hk\u00f6posti: posti@espoonmerenkulkijat.net<\/p>\n\n\n\n<p><strong>3. Rekisterin nimi&nbsp;<\/strong>Espoon Merenkulkijat ry:n kameravalvonta.<\/p>\n\n\n\n<p><strong>4. Rekisterin k\u00e4ytt\u00f6tarkoitus ja k\u00e4sittelyn perusteet<\/strong><br>Tallentavan kameravalvontaj\u00e4rjestelm\u00e4n tarkoituksena on suojata Espoon Merenkulkijoiden&nbsp; ja seuran j\u00e4senten omaisuutta, seuran hallinnassa olevaa omaisuutta, ennaltaehk\u00e4ist\u00e4 rikoksia ja auttaa viranomaisia tapahtuneiden rikosten selvitt\u00e4misess\u00e4 Espoon kaupungin omistamassa satamassa, jolta Espoon Merenkulkijat Ry vuokraa maata ja laituripaikkoja k\u00e4ytt\u00f6\u00f6ns\u00e4. Rekisteritietoja k\u00e4ytet\u00e4\u00e4n rikos- ja vahinkotapahtumien selvittelyyn, sek\u00e4 tarvittaessa alueella liikkuneiden henkil\u00f6iden ja ajoneuvojen tunnistamiseen.<\/p>\n\n\n\n<p><strong>5. Rekisterin tietosis\u00e4lt\u00f6&nbsp;<\/strong><br>Rekisteriin tallentuvat tiedot kameroiden valvonta-alueella liikkuvista henkil\u00f6ist\u00e4 ja ajoneuvoista. Kuvan lis\u00e4ksi tallentuu tapahtumien p\u00e4iv\u00e4m\u00e4\u00e4r\u00e4 ja kellonaika. \u00c4\u00e4nt\u00e4, esimerkiksi henkil\u00f6iden puhetta, ei tallenneta.&nbsp;<\/p>\n\n\n\n<p><strong>6. S\u00e4\u00e4nn\u00f6nmukaiset tietol\u00e4hteet&nbsp;<\/strong><br>Rekisteri muodostuu EM:n tarpeellisiksi katsomiinsa paikkoihin asennettujen valvontakameroiden v\u00e4litt\u00e4m\u00e4st\u00e4 ja tallentamasta digitaalisesta kuvatallenteesta.&nbsp;<\/p>\n\n\n\n<p>Seuramajan pihapiiriss\u00e4 tallentavat valvontakamerat kuvaavat ja tallentavat Majan pihapiirin tapahtumia tarkoituksena ehk\u00e4ist\u00e4 ilkivaltaa, ja turvata seuran hallinnassa olevat rakennukset sek\u00e4 omaisuus. Kamerat tallentavat muistikorteille paikallisesti. Tallenteita p\u00e4\u00e4see katsomaan vain rekisteriasioista vastaava henkil\u00f6 sek\u00e4 seuran johtokunnan valtuuttama valvontakameravastaava, joita koskevat rekisteritietojen osalta vaitiolovelvollisuus. Tallenteiden katsominen vaatii salasanan.<\/p>\n\n\n\n<p>Talvis\u00e4ilytysalueen ja laitureiden valvontakamerat kuvaavat ja tallentavat veneiden talvis\u00e4ilytysaluetta ja laitureita tarkoituksenaan ehk\u00e4ist\u00e4 ilkivaltaa ja varkauksia. Kamerat tallentavat muistikorteille paikallisesti. Tallenteita p\u00e4\u00e4see katsomaan vain rekisteriasioista vastaava henkil\u00f6 sek\u00e4 seuran johtokunnan valtuuttama valvontakameravastaava. Tallenteiden katsominen vaatii salasanan. Talvis\u00e4ilytysalueen ja laitureiden kameroiden livekuvaa v\u00e4litet\u00e4\u00e4n seuran web-sivuilta kaikkien n\u00e4ht\u00e4v\u00e4ksi ilman salasanaa.<br>Kohteessa tallentavasta kameravalvonnasta on ilmoitettu alueella asiasta kertovilla kylteill\u00e4.<\/p>\n\n\n\n<p><strong>7. S\u00e4\u00e4nn\u00f6nmukaiset tietojen luovutukset ja tietojen siirto EU:n tai Euroopan talousalueen ulkopuolelle&nbsp;<\/strong><br>Kameravalvonnan rekisteritietoja ei luovuteta s\u00e4\u00e4nn\u00f6llisesti mihink\u00e4\u00e4n. Tietoja luovutetaan poliisiviranomaisille rikosten tutkintaa varten tarpeen mukaan. Tietoja ei siirret\u00e4 EU:n tai Euroopan talousalueen ulkopuolelle. Tietoja ei luovuteta Espoon Merenkulkijoiden omaan k\u00e4ytt\u00f6\u00f6n.<\/p>\n\n\n\n<p><strong>8. Rekisterin suojauksen periaatteet&nbsp;<\/strong><br>Valvontakameroiden ohjauskeskukset sijaitsevat Espoon Merenkulkijoiden seuramajassa ja vartiomajassa, joihin on p\u00e4\u00e4sy vain seuran j\u00e4senill\u00e4. Talvis\u00e4ilytysalueen ja laitureiden kamerat ja tallentimet sijaitsevat alueen valaisintolpissa noin 5 metrin korkeudessa. Tallenteisiin p\u00e4\u00e4sy on digitaalisesti suojattu k\u00e4ytt\u00e4j\u00e4tunnuksilla ja salasanoilla. P\u00e4\u00e4sy on rajoitettu rekisteriasioista vastaavalle henkil\u00f6lle sek\u00e4 seuran johtokunnan valtuuttamalle valvontakameravastaavalla. Tallennettua valvontakameran digitaalista materiaalia s\u00e4ilytet\u00e4\u00e4n muistikorteilla noin 2-4 viikkoa, jonka j\u00e4lkeen materiaalin p\u00e4\u00e4lle tallennetaan uutta materiaalia.&nbsp;<\/p>\n\n\n\n<p><strong>9. Rekisteriin tallennettavien informointi&nbsp;<\/strong><br>Espoon Merenkulkijoiden k\u00e4ytt\u00e4m\u00e4n sataman valvontakameroiden kattamalla alueella tallentavasta kameravalvonnasta ilmoitetaan Tallentava kameravalvonta -kyltein.<\/p>\n","protected":false},"excerpt":{"rendered":"<p>Tietosuojalain (1050\/2018) mukainen rekisteriseloste tietojenk\u00e4sittelyst\u00e4 Espoon Merenkulkijoiden toiminnan mahdollistamiseksi. Espoon Merenkulkijat ry:n j\u00e4sen- ja venerekisteri on toteutettu Suomen Purjehdus ja Veneily ry:n (SPV) tarjoaman SUULI-rekisteripalvelun sek\u00e4 Venekerhot.fi -palvelun avulla.\u00a0 Seuralla [&hellip;]<\/p>\n","protected":false},"author":3,"featured_media":0,"parent":0,"menu_order":0,"comment_status":"closed","ping_status":"closed","template":"","meta":{"site-sidebar-layout":"default","site-content-layout":"default","ast-site-content-layout":"default","site-content-style":"default","site-sidebar-style":"default","ast-global-header-display":"","ast-banner-title-visibility":"","ast-main-header-display":"","ast-hfb-above-header-display":"","ast-hfb-below-header-display":"","ast-hfb-mobile-header-display":"","site-post-title":"","ast-breadcrumbs-content":"","ast-featured-img":"","footer-sml-layout":"","ast-disable-related-posts":"","theme-transparent-header-meta":"default","adv-header-id-meta":"","stick-header-meta":"","header-above-stick-meta":"","header-main-stick-meta":"","header-below-stick-meta":"","astra-migrate-meta-layouts":"set","ast-page-background-enabled":"default","ast-page-background-meta":{"desktop":{"background-color":"","background-image":"","background-repeat":"repeat","background-position":"center center","background-size":"auto","background-attachment":"scroll","background-type":"","background-media":"","overlay-type":"","overlay-color":"","overlay-opacity":"","overlay-gradient":""},"tablet":{"background-color":"","background-image":"","background-repeat":"repeat","background-position":"center center","background-size":"auto","background-attachment":"scroll","background-type":"","background-media":"","overlay-type":"","overlay-color":"","overlay-opacity":"","overlay-gradient":""},"mobile":{"background-color":"","background-image":"","background-repeat":"repeat","background-position":"center center","background-size":"auto","background-attachment":"scroll","background-type":"","background-media":"","overlay-type":"","overlay-color":"","overlay-opacity":"","overlay-gradient":""}},"ast-content-background-meta":{"desktop":{"background-color":"var(--ast-global-color-5)","background-image":"","background-repeat":"repeat","background-position":"center center","background-size":"auto","background-attachment":"scroll","background-type":"","background-media":"","overlay-type":"","overlay-color":"","overlay-opacity":"","overlay-gradient":""},"tablet":{"background-color":"var(--ast-global-color-5)","background-image":"","background-repeat":"repeat","background-position":"center center","background-size":"auto","background-attachment":"scroll","background-type":"","background-media":"","overlay-type":"","overlay-color":"","overlay-opacity":"","overlay-gradient":""},"mobile":{"background-color":"var(--ast-global-color-5)","background-image":"","background-repeat":"repeat","background-position":"center center","background-size":"auto","background-attachment":"scroll","background-type":"","background-media":"","overlay-type":"","overlay-color":"","overlay-opacity":"","overlay-gradient":""}},"footnotes":""},"class_list":["post-223","page","type-page","status-publish","hentry"],"yoast_head":"<!-- This site is optimized with the Yoast SEO plugin v27.3 - https:\/\/yoast.com\/product\/yoast-seo-wordpress\/ -->\n<title>Rekisteriselosteet - Espoon Merenkulkijat ry<\/title>\n<meta name=\"description\" content=\"Espoon Merenkulkijoiden rekisteriselosteet koskien seuran tiedonhallintaa ja kameravalvontaa seuran toiminnan toteuttamiseksi.\" \/>\n<meta name=\"robots\" content=\"index, follow, max-snippet:-1, max-image-preview:large, max-video-preview:-1\" \/>\n<link rel=\"canonical\" href=\"https:\/\/espoonmerenkulkijat.net\/index.php\/rekisteriseloste\/\" \/>\n<meta property=\"og:locale\" content=\"fi_FI\" \/>\n<meta property=\"og:type\" content=\"article\" \/>\n<meta property=\"og:title\" content=\"Rekisteriselosteet - Espoon Merenkulkijat ry\" \/>\n<meta property=\"og:description\" content=\"Espoon Merenkulkijoiden rekisteriselosteet koskien seuran tiedonhallintaa ja kameravalvontaa seuran toiminnan toteuttamiseksi.\" \/>\n<meta property=\"og:url\" content=\"https:\/\/espoonmerenkulkijat.net\/index.php\/rekisteriseloste\/\" \/>\n<meta property=\"og:site_name\" content=\"Espoon Merenkulkijat ry\" \/>\n<meta property=\"article:modified_time\" content=\"2025-12-16T12:28:55+00:00\" \/>\n<meta name=\"twitter:card\" content=\"summary_large_image\" \/>\n<meta name=\"twitter:label1\" content=\"Arvioitu lukuaika\" \/>\n\t<meta name=\"twitter:data1\" content=\"6 minuuttia\" \/>\n<script type=\"application\/ld+json\" class=\"yoast-schema-graph\">{\"@context\":\"https:\\\/\\\/schema.org\",\"@graph\":[{\"@type\":\"WebPage\",\"@id\":\"https:\\\/\\\/espoonmerenkulkijat.net\\\/index.php\\\/rekisteriseloste\\\/\",\"url\":\"https:\\\/\\\/espoonmerenkulkijat.net\\\/index.php\\\/rekisteriseloste\\\/\",\"name\":\"Rekisteriselosteet - Espoon Merenkulkijat ry\",\"isPartOf\":{\"@id\":\"https:\\\/\\\/espoonmerenkulkijat.net\\\/#website\"},\"datePublished\":\"2020-01-22T17:04:27+00:00\",\"dateModified\":\"2025-12-16T12:28:55+00:00\",\"description\":\"Espoon Merenkulkijoiden rekisteriselosteet koskien seuran tiedonhallintaa ja kameravalvontaa seuran toiminnan toteuttamiseksi.\",\"breadcrumb\":{\"@id\":\"https:\\\/\\\/espoonmerenkulkijat.net\\\/index.php\\\/rekisteriseloste\\\/#breadcrumb\"},\"inLanguage\":\"fi\",\"potentialAction\":[{\"@type\":\"ReadAction\",\"target\":[\"https:\\\/\\\/espoonmerenkulkijat.net\\\/index.php\\\/rekisteriseloste\\\/\"]}]},{\"@type\":\"BreadcrumbList\",\"@id\":\"https:\\\/\\\/espoonmerenkulkijat.net\\\/index.php\\\/rekisteriseloste\\\/#breadcrumb\",\"itemListElement\":[{\"@type\":\"ListItem\",\"position\":1,\"name\":\"Etusivu\",\"item\":\"https:\\\/\\\/espoonmerenkulkijat.net\\\/\"},{\"@type\":\"ListItem\",\"position\":2,\"name\":\"Rekisteriselosteet\"}]},{\"@type\":\"WebSite\",\"@id\":\"https:\\\/\\\/espoonmerenkulkijat.net\\\/#website\",\"url\":\"https:\\\/\\\/espoonmerenkulkijat.net\\\/\",\"name\":\"Espoon Merenkulkijat ry\",\"description\":\"\",\"publisher\":{\"@id\":\"https:\\\/\\\/espoonmerenkulkijat.net\\\/#organization\"},\"potentialAction\":[{\"@type\":\"SearchAction\",\"target\":{\"@type\":\"EntryPoint\",\"urlTemplate\":\"https:\\\/\\\/espoonmerenkulkijat.net\\\/?s={search_term_string}\"},\"query-input\":{\"@type\":\"PropertyValueSpecification\",\"valueRequired\":true,\"valueName\":\"search_term_string\"}}],\"inLanguage\":\"fi\"},{\"@type\":\"Organization\",\"@id\":\"https:\\\/\\\/espoonmerenkulkijat.net\\\/#organization\",\"name\":\"Espoon Merenkulkijat ry\",\"url\":\"https:\\\/\\\/espoonmerenkulkijat.net\\\/\",\"logo\":{\"@type\":\"ImageObject\",\"inLanguage\":\"fi\",\"@id\":\"https:\\\/\\\/espoonmerenkulkijat.net\\\/#\\\/schema\\\/logo\\\/image\\\/\",\"url\":\"https:\\\/\\\/espoonmerenkulkijat.net\\\/wp-content\\\/uploads\\\/2023\\\/01\\\/cropped-EM_50_juhlalogo_320x320.png\",\"contentUrl\":\"https:\\\/\\\/espoonmerenkulkijat.net\\\/wp-content\\\/uploads\\\/2023\\\/01\\\/cropped-EM_50_juhlalogo_320x320.png\",\"width\":320,\"height\":320,\"caption\":\"Espoon Merenkulkijat ry\"},\"image\":{\"@id\":\"https:\\\/\\\/espoonmerenkulkijat.net\\\/#\\\/schema\\\/logo\\\/image\\\/\"}}]}<\/script>\n<!-- \/ Yoast SEO plugin. -->","yoast_head_json":{"title":"Rekisteriselosteet - Espoon Merenkulkijat ry","description":"Espoon Merenkulkijoiden rekisteriselosteet koskien seuran tiedonhallintaa ja kameravalvontaa seuran toiminnan toteuttamiseksi.","robots":{"index":"index","follow":"follow","max-snippet":"max-snippet:-1","max-image-preview":"max-image-preview:large","max-video-preview":"max-video-preview:-1"},"canonical":"https:\/\/espoonmerenkulkijat.net\/index.php\/rekisteriseloste\/","og_locale":"fi_FI","og_type":"article","og_title":"Rekisteriselosteet - Espoon Merenkulkijat ry","og_description":"Espoon Merenkulkijoiden rekisteriselosteet koskien seuran tiedonhallintaa ja kameravalvontaa seuran toiminnan toteuttamiseksi.","og_url":"https:\/\/espoonmerenkulkijat.net\/index.php\/rekisteriseloste\/","og_site_name":"Espoon Merenkulkijat ry","article_modified_time":"2025-12-16T12:28:55+00:00","twitter_card":"summary_large_image","twitter_misc":{"Arvioitu lukuaika":"6 minuuttia"},"schema":{"@context":"https:\/\/schema.org","@graph":[{"@type":"WebPage","@id":"https:\/\/espoonmerenkulkijat.net\/index.php\/rekisteriseloste\/","url":"https:\/\/espoonmerenkulkijat.net\/index.php\/rekisteriseloste\/","name":"Rekisteriselosteet - Espoon Merenkulkijat ry","isPartOf":{"@id":"https:\/\/espoonmerenkulkijat.net\/#website"},"datePublished":"2020-01-22T17:04:27+00:00","dateModified":"2025-12-16T12:28:55+00:00","description":"Espoon Merenkulkijoiden rekisteriselosteet koskien seuran tiedonhallintaa ja kameravalvontaa seuran toiminnan toteuttamiseksi.","breadcrumb":{"@id":"https:\/\/espoonmerenkulkijat.net\/index.php\/rekisteriseloste\/#breadcrumb"},"inLanguage":"fi","potentialAction":[{"@type":"ReadAction","target":["https:\/\/espoonmerenkulkijat.net\/index.php\/rekisteriseloste\/"]}]},{"@type":"BreadcrumbList","@id":"https:\/\/espoonmerenkulkijat.net\/index.php\/rekisteriseloste\/#breadcrumb","itemListElement":[{"@type":"ListItem","position":1,"name":"Etusivu","item":"https:\/\/espoonmerenkulkijat.net\/"},{"@type":"ListItem","position":2,"name":"Rekisteriselosteet"}]},{"@type":"WebSite","@id":"https:\/\/espoonmerenkulkijat.net\/#website","url":"https:\/\/espoonmerenkulkijat.net\/","name":"Espoon Merenkulkijat ry","description":"","publisher":{"@id":"https:\/\/espoonmerenkulkijat.net\/#organization"},"potentialAction":[{"@type":"SearchAction","target":{"@type":"EntryPoint","urlTemplate":"https:\/\/espoonmerenkulkijat.net\/?s={search_term_string}"},"query-input":{"@type":"PropertyValueSpecification","valueRequired":true,"valueName":"search_term_string"}}],"inLanguage":"fi"},{"@type":"Organization","@id":"https:\/\/espoonmerenkulkijat.net\/#organization","name":"Espoon Merenkulkijat ry","url":"https:\/\/espoonmerenkulkijat.net\/","logo":{"@type":"ImageObject","inLanguage":"fi","@id":"https:\/\/espoonmerenkulkijat.net\/#\/schema\/logo\/image\/","url":"https:\/\/espoonmerenkulkijat.net\/wp-content\/uploads\/2023\/01\/cropped-EM_50_juhlalogo_320x320.png","contentUrl":"https:\/\/espoonmerenkulkijat.net\/wp-content\/uploads\/2023\/01\/cropped-EM_50_juhlalogo_320x320.png","width":320,"height":320,"caption":"Espoon Merenkulkijat ry"},"image":{"@id":"https:\/\/espoonmerenkulkijat.net\/#\/schema\/logo\/image\/"}}]}},"_links":{"self":[{"href":"https:\/\/espoonmerenkulkijat.net\/index.php\/wp-json\/wp\/v2\/pages\/223","targetHints":{"allow":["GET"]}}],"collection":[{"href":"https:\/\/espoonmerenkulkijat.net\/index.php\/wp-json\/wp\/v2\/pages"}],"about":[{"href":"https:\/\/espoonmerenkulkijat.net\/index.php\/wp-json\/wp\/v2\/types\/page"}],"author":[{"embeddable":true,"href":"https:\/\/espoonmerenkulkijat.net\/index.php\/wp-json\/wp\/v2\/users\/3"}],"replies":[{"embeddable":true,"href":"https:\/\/espoonmerenkulkijat.net\/index.php\/wp-json\/wp\/v2\/comments?post=223"}],"version-history":[{"count":16,"href":"https:\/\/espoonmerenkulkijat.net\/index.php\/wp-json\/wp\/v2\/pages\/223\/revisions"}],"predecessor-version":[{"id":3219,"href":"https:\/\/espoonmerenkulkijat.net\/index.php\/wp-json\/wp\/v2\/pages\/223\/revisions\/3219"}],"wp:attachment":[{"href":"https:\/\/espoonmerenkulkijat.net\/index.php\/wp-json\/wp\/v2\/media?parent=223"}],"curies":[{"name":"wp","href":"https:\/\/api.w.org\/{rel}","templated":true}]}}