{"id":2536,"date":"2024-04-08T19:34:57","date_gmt":"2024-04-08T16:34:57","guid":{"rendered":"https:\/\/espoonmerenkulkijat.net\/?page_id=2536"},"modified":"2025-04-04T17:08:28","modified_gmt":"2025-04-04T14:08:28","slug":"kesasailytys","status":"publish","type":"page","link":"https:\/\/espoonmerenkulkijat.net\/index.php\/kesasailytys\/","title":{"rendered":"Kes\u00e4s\u00e4ilytys"},"content":{"rendered":"\n<p>Kes\u00e4s\u00e4ilytyst\u00e4 ovat pukkien ja pressujen varastointi, trailerien s\u00e4ilytys ja mahdollinen veneen nosto kes\u00e4n aikana. Alla on ohjeet, joihin pyyd\u00e4mme tutustumaan. Voit kysy\u00e4 lis\u00e4tietoja tarvittaessa seuran satama-asioista vastaavilta henkil\u00f6ilt\u00e4.<\/p>\n\n\n\n<p><strong>Venepukit<\/strong><\/p>\n\n\n\n<p>Pukkien siirto pukkiaitaukseen on omistajan vastuulla. Se voidaan hoitaa joko omatoimisesti tai hy\u00f6dynt\u00e4m\u00e4ll\u00e4 Hiab-autoa, joka on paikalla kev\u00e4ttalkoop\u00e4iv\u00e4n\u00e4. Mik\u00e4li hoidat pukin siirron omatoimisesti, sijoita se purettuna pukkiaitauksessa sille osoitetulle alueelle.<\/p>\n\n\n\n<p>Pukkiaitaukseen maalataan omat alueet purjevenepukeille, kolmijaloille, moottorivenepukeille, pressutelineille sek\u00e4 oma alue Nokkalan Venekerholle. Jos et ole varma pukkisi tai muun materiaalin sijoittamisesta, kysy asiasta satamavastaavalta.&nbsp;<\/p>\n\n\n\n<p><img loading=\"lazy\" decoding=\"async\" width=\"516\" height=\"375\" src=\"https:\/\/lh7-us.googleusercontent.com\/bH2H-PYzo1UesLbWUa7vD96Gdd4Ah6OiSd1PtsrkImmDKRSVrp1jV3E2sh6swBcv0LH0EuAf1J9ky5UC-zYuYbcWIiA4kD3pzWNxklc1slpXDMmm9l3X3H94cGm1v6vaQ1AGihdUp-k8mRFaAkbHzg\"><\/p>\n\n\n\n<p>Mik\u00e4li hy\u00f6dynn\u00e4t Hiab-autoa siirrossa, pura pukit sek\u00e4 niputa kasat siirtovalmiiksi kev\u00e4ttalkoo-p\u00e4iv\u00e4\u00e4n menness\u00e4 noudattaen seuraavia ohjeita:<\/p>\n\n\n\n<ol class=\"wp-block-list\">\n<li>Kaada tai irrota pukkien pystytuet<\/li>\n\n\n\n<li>Jos sinulla on teline\/pukkinippu, sido se tukevasti liinoilla<\/li>\n\n\n\n<li>Kiinnit\u00e4 pukkiin\/nippuun A5-kokoinen s\u00e4\u00e4n- ja siirronkest\u00e4v\u00e4 tunnistelappu<\/li>\n\n\n\n<li>Lapusta tulee selv\u00e4sti k\u00e4yd\u00e4 ilmi omistajan nimi ja talvis\u00e4ilytyspaikan numero<\/li>\n\n\n\n<li>\u00c4l\u00e4 j\u00e4t\u00e4 pukkien p\u00e4\u00e4lle irtotavaraa kuten lautoja, pressuja tms<\/li>\n<\/ol>\n\n\n\n<p>Hiab-auton k\u00e4yt\u00f6st\u00e4 perit\u00e4\u00e4n maksu, joka ilmoitetaan kev\u00e4ttiedotteessa vuosittain.<\/p>\n\n\n\n<p><strong>Pressut<\/strong><br>Pressut voidaan s\u00e4ilytt\u00e4\u00e4 kes\u00e4kauden pressuvajassa (keskimm\u00e4inen vajarakennus Majan pihapiiriss\u00e4). Pressuvajaan p\u00e4\u00e4see laiturien avaimella. Lue ja noudata vajassa olevia ohjeita pressujen s\u00e4ilytykseen liittyen.<\/p>\n\n\n\n<p><strong>Trailereiden kes\u00e4s\u00e4ilytys<\/strong><br>Trailereita ei saa kes\u00e4kaudella s\u00e4ilytt\u00e4\u00e4 Nokkalan sataman alueella. Espoon kaupunki on varannut seuramme trailereille paikan Suomenojan satamasta.<\/p>\n\n\n\n<p><strong>Veneen nosto kesken purjehduskautta<\/strong><br>Mik\u00e4li vene t\u00e4ytyy nostaa yl\u00f6s kesken purjehduskautta esim. korjaamista varten, tulee pukki nostaa omatoimisesti aitauksesta ja palauttaa samaan paikkaan. Ota yhteytt\u00e4 seuran satamavastaavaan, mik\u00e4li tarvitset satama-alueelta paikan veneilykauden aikana.<\/p>\n","protected":false},"excerpt":{"rendered":"<p>Kes\u00e4s\u00e4ilytyst\u00e4 ovat pukkien ja pressujen varastointi, trailerien s\u00e4ilytys ja mahdollinen veneen nosto kes\u00e4n aikana. Alla on ohjeet, joihin pyyd\u00e4mme tutustumaan. Voit kysy\u00e4 lis\u00e4tietoja tarvittaessa seuran satama-asioista vastaavilta henkil\u00f6ilt\u00e4. Venepukit Pukkien [&hellip;]<\/p>\n","protected":false},"author":3,"featured_media":0,"parent":0,"menu_order":0,"comment_status":"closed","ping_status":"closed","template":"","meta":{"site-sidebar-layout":"default","site-content-layout":"","ast-site-content-layout":"default","site-content-style":"default","site-sidebar-style":"default","ast-global-header-display":"","ast-banner-title-visibility":"","ast-main-header-display":"","ast-hfb-above-header-display":"","ast-hfb-below-header-display":"","ast-hfb-mobile-header-display":"","site-post-title":"","ast-breadcrumbs-content":"","ast-featured-img":"","footer-sml-layout":"","ast-disable-related-posts":"","theme-transparent-header-meta":"","adv-header-id-meta":"","stick-header-meta":"","header-above-stick-meta":"","header-main-stick-meta":"","header-below-stick-meta":"","astra-migrate-meta-layouts":"set","ast-page-background-enabled":"default","ast-page-background-meta":{"desktop":{"background-color":"","background-image":"","background-repeat":"repeat","background-position":"center center","background-size":"auto","background-attachment":"scroll","background-type":"","background-media":"","overlay-type":"","overlay-color":"","overlay-opacity":"","overlay-gradient":""},"tablet":{"background-color":"","background-image":"","background-repeat":"repeat","background-position":"center center","background-size":"auto","background-attachment":"scroll","background-type":"","background-media":"","overlay-type":"","overlay-color":"","overlay-opacity":"","overlay-gradient":""},"mobile":{"background-color":"","background-image":"","background-repeat":"repeat","background-position":"center center","background-size":"auto","background-attachment":"scroll","background-type":"","background-media":"","overlay-type":"","overlay-color":"","overlay-opacity":"","overlay-gradient":""}},"ast-content-background-meta":{"desktop":{"background-color":"var(--ast-global-color-5)","background-image":"","background-repeat":"repeat","background-position":"center center","background-size":"auto","background-attachment":"scroll","background-type":"","background-media":"","overlay-type":"","overlay-color":"","overlay-opacity":"","overlay-gradient":""},"tablet":{"background-color":"var(--ast-global-color-5)","background-image":"","background-repeat":"repeat","background-position":"center center","background-size":"auto","background-attachment":"scroll","background-type":"","background-media":"","overlay-type":"","overlay-color":"","overlay-opacity":"","overlay-gradient":""},"mobile":{"background-color":"var(--ast-global-color-5)","background-image":"","background-repeat":"repeat","background-position":"center center","background-size":"auto","background-attachment":"scroll","background-type":"","background-media":"","overlay-type":"","overlay-color":"","overlay-opacity":"","overlay-gradient":""}},"footnotes":""},"class_list":["post-2536","page","type-page","status-publish","hentry"],"yoast_head":"<!-- This site is optimized with the Yoast SEO plugin v27.3 - https:\/\/yoast.com\/product\/yoast-seo-wordpress\/ -->\n<title>Kes\u00e4s\u00e4ilytys - Espoon Merenkulkijat ry<\/title>\n<meta name=\"robots\" content=\"index, follow, max-snippet:-1, max-image-preview:large, max-video-preview:-1\" \/>\n<link rel=\"canonical\" href=\"https:\/\/espoonmerenkulkijat.net\/index.php\/kesasailytys\/\" \/>\n<meta property=\"og:locale\" content=\"fi_FI\" \/>\n<meta property=\"og:type\" content=\"article\" \/>\n<meta property=\"og:title\" content=\"Kes\u00e4s\u00e4ilytys - Espoon Merenkulkijat ry\" \/>\n<meta property=\"og:description\" content=\"Kes\u00e4s\u00e4ilytyst\u00e4 ovat pukkien ja pressujen varastointi, trailerien s\u00e4ilytys ja mahdollinen veneen nosto kes\u00e4n aikana. Alla on ohjeet, joihin pyyd\u00e4mme tutustumaan. Voit kysy\u00e4 lis\u00e4tietoja tarvittaessa seuran satama-asioista vastaavilta henkil\u00f6ilt\u00e4. Venepukit Pukkien [&hellip;]\" \/>\n<meta property=\"og:url\" content=\"https:\/\/espoonmerenkulkijat.net\/index.php\/kesasailytys\/\" \/>\n<meta property=\"og:site_name\" content=\"Espoon Merenkulkijat ry\" \/>\n<meta property=\"article:modified_time\" content=\"2025-04-04T14:08:28+00:00\" \/>\n<meta property=\"og:image\" content=\"https:\/\/lh7-us.googleusercontent.com\/bH2H-PYzo1UesLbWUa7vD96Gdd4Ah6OiSd1PtsrkImmDKRSVrp1jV3E2sh6swBcv0LH0EuAf1J9ky5UC-zYuYbcWIiA4kD3pzWNxklc1slpXDMmm9l3X3H94cGm1v6vaQ1AGihdUp-k8mRFaAkbHzg\" \/>\n<meta name=\"twitter:card\" content=\"summary_large_image\" \/>\n<meta name=\"twitter:label1\" content=\"Arvioitu lukuaika\" \/>\n\t<meta name=\"twitter:data1\" content=\"2 minuuttia\" \/>\n<script type=\"application\/ld+json\" class=\"yoast-schema-graph\">{\"@context\":\"https:\\\/\\\/schema.org\",\"@graph\":[{\"@type\":\"WebPage\",\"@id\":\"https:\\\/\\\/espoonmerenkulkijat.net\\\/index.php\\\/kesasailytys\\\/\",\"url\":\"https:\\\/\\\/espoonmerenkulkijat.net\\\/index.php\\\/kesasailytys\\\/\",\"name\":\"Kes\u00e4s\u00e4ilytys - Espoon Merenkulkijat ry\",\"isPartOf\":{\"@id\":\"https:\\\/\\\/espoonmerenkulkijat.net\\\/#website\"},\"primaryImageOfPage\":{\"@id\":\"https:\\\/\\\/espoonmerenkulkijat.net\\\/index.php\\\/kesasailytys\\\/#primaryimage\"},\"image\":{\"@id\":\"https:\\\/\\\/espoonmerenkulkijat.net\\\/index.php\\\/kesasailytys\\\/#primaryimage\"},\"thumbnailUrl\":\"https:\\\/\\\/lh7-us.googleusercontent.com\\\/bH2H-PYzo1UesLbWUa7vD96Gdd4Ah6OiSd1PtsrkImmDKRSVrp1jV3E2sh6swBcv0LH0EuAf1J9ky5UC-zYuYbcWIiA4kD3pzWNxklc1slpXDMmm9l3X3H94cGm1v6vaQ1AGihdUp-k8mRFaAkbHzg\",\"datePublished\":\"2024-04-08T16:34:57+00:00\",\"dateModified\":\"2025-04-04T14:08:28+00:00\",\"breadcrumb\":{\"@id\":\"https:\\\/\\\/espoonmerenkulkijat.net\\\/index.php\\\/kesasailytys\\\/#breadcrumb\"},\"inLanguage\":\"fi\",\"potentialAction\":[{\"@type\":\"ReadAction\",\"target\":[\"https:\\\/\\\/espoonmerenkulkijat.net\\\/index.php\\\/kesasailytys\\\/\"]}]},{\"@type\":\"ImageObject\",\"inLanguage\":\"fi\",\"@id\":\"https:\\\/\\\/espoonmerenkulkijat.net\\\/index.php\\\/kesasailytys\\\/#primaryimage\",\"url\":\"https:\\\/\\\/lh7-us.googleusercontent.com\\\/bH2H-PYzo1UesLbWUa7vD96Gdd4Ah6OiSd1PtsrkImmDKRSVrp1jV3E2sh6swBcv0LH0EuAf1J9ky5UC-zYuYbcWIiA4kD3pzWNxklc1slpXDMmm9l3X3H94cGm1v6vaQ1AGihdUp-k8mRFaAkbHzg\",\"contentUrl\":\"https:\\\/\\\/lh7-us.googleusercontent.com\\\/bH2H-PYzo1UesLbWUa7vD96Gdd4Ah6OiSd1PtsrkImmDKRSVrp1jV3E2sh6swBcv0LH0EuAf1J9ky5UC-zYuYbcWIiA4kD3pzWNxklc1slpXDMmm9l3X3H94cGm1v6vaQ1AGihdUp-k8mRFaAkbHzg\"},{\"@type\":\"BreadcrumbList\",\"@id\":\"https:\\\/\\\/espoonmerenkulkijat.net\\\/index.php\\\/kesasailytys\\\/#breadcrumb\",\"itemListElement\":[{\"@type\":\"ListItem\",\"position\":1,\"name\":\"Etusivu\",\"item\":\"https:\\\/\\\/espoonmerenkulkijat.net\\\/\"},{\"@type\":\"ListItem\",\"position\":2,\"name\":\"Kes\u00e4s\u00e4ilytys\"}]},{\"@type\":\"WebSite\",\"@id\":\"https:\\\/\\\/espoonmerenkulkijat.net\\\/#website\",\"url\":\"https:\\\/\\\/espoonmerenkulkijat.net\\\/\",\"name\":\"Espoon Merenkulkijat ry\",\"description\":\"\",\"publisher\":{\"@id\":\"https:\\\/\\\/espoonmerenkulkijat.net\\\/#organization\"},\"potentialAction\":[{\"@type\":\"SearchAction\",\"target\":{\"@type\":\"EntryPoint\",\"urlTemplate\":\"https:\\\/\\\/espoonmerenkulkijat.net\\\/?s={search_term_string}\"},\"query-input\":{\"@type\":\"PropertyValueSpecification\",\"valueRequired\":true,\"valueName\":\"search_term_string\"}}],\"inLanguage\":\"fi\"},{\"@type\":\"Organization\",\"@id\":\"https:\\\/\\\/espoonmerenkulkijat.net\\\/#organization\",\"name\":\"Espoon Merenkulkijat ry\",\"url\":\"https:\\\/\\\/espoonmerenkulkijat.net\\\/\",\"logo\":{\"@type\":\"ImageObject\",\"inLanguage\":\"fi\",\"@id\":\"https:\\\/\\\/espoonmerenkulkijat.net\\\/#\\\/schema\\\/logo\\\/image\\\/\",\"url\":\"https:\\\/\\\/espoonmerenkulkijat.net\\\/wp-content\\\/uploads\\\/2023\\\/01\\\/cropped-EM_50_juhlalogo_320x320.png\",\"contentUrl\":\"https:\\\/\\\/espoonmerenkulkijat.net\\\/wp-content\\\/uploads\\\/2023\\\/01\\\/cropped-EM_50_juhlalogo_320x320.png\",\"width\":320,\"height\":320,\"caption\":\"Espoon Merenkulkijat ry\"},\"image\":{\"@id\":\"https:\\\/\\\/espoonmerenkulkijat.net\\\/#\\\/schema\\\/logo\\\/image\\\/\"}}]}<\/script>\n<!-- \/ Yoast SEO plugin. -->","yoast_head_json":{"title":"Kes\u00e4s\u00e4ilytys - Espoon Merenkulkijat ry","robots":{"index":"index","follow":"follow","max-snippet":"max-snippet:-1","max-image-preview":"max-image-preview:large","max-video-preview":"max-video-preview:-1"},"canonical":"https:\/\/espoonmerenkulkijat.net\/index.php\/kesasailytys\/","og_locale":"fi_FI","og_type":"article","og_title":"Kes\u00e4s\u00e4ilytys - Espoon Merenkulkijat ry","og_description":"Kes\u00e4s\u00e4ilytyst\u00e4 ovat pukkien ja pressujen varastointi, trailerien s\u00e4ilytys ja mahdollinen veneen nosto kes\u00e4n aikana. Alla on ohjeet, joihin pyyd\u00e4mme tutustumaan. Voit kysy\u00e4 lis\u00e4tietoja tarvittaessa seuran satama-asioista vastaavilta henkil\u00f6ilt\u00e4. Venepukit Pukkien [&hellip;]","og_url":"https:\/\/espoonmerenkulkijat.net\/index.php\/kesasailytys\/","og_site_name":"Espoon Merenkulkijat ry","article_modified_time":"2025-04-04T14:08:28+00:00","og_image":[{"url":"https:\/\/lh7-us.googleusercontent.com\/bH2H-PYzo1UesLbWUa7vD96Gdd4Ah6OiSd1PtsrkImmDKRSVrp1jV3E2sh6swBcv0LH0EuAf1J9ky5UC-zYuYbcWIiA4kD3pzWNxklc1slpXDMmm9l3X3H94cGm1v6vaQ1AGihdUp-k8mRFaAkbHzg","type":"","width":"","height":""}],"twitter_card":"summary_large_image","twitter_misc":{"Arvioitu lukuaika":"2 minuuttia"},"schema":{"@context":"https:\/\/schema.org","@graph":[{"@type":"WebPage","@id":"https:\/\/espoonmerenkulkijat.net\/index.php\/kesasailytys\/","url":"https:\/\/espoonmerenkulkijat.net\/index.php\/kesasailytys\/","name":"Kes\u00e4s\u00e4ilytys - Espoon Merenkulkijat ry","isPartOf":{"@id":"https:\/\/espoonmerenkulkijat.net\/#website"},"primaryImageOfPage":{"@id":"https:\/\/espoonmerenkulkijat.net\/index.php\/kesasailytys\/#primaryimage"},"image":{"@id":"https:\/\/espoonmerenkulkijat.net\/index.php\/kesasailytys\/#primaryimage"},"thumbnailUrl":"https:\/\/lh7-us.googleusercontent.com\/bH2H-PYzo1UesLbWUa7vD96Gdd4Ah6OiSd1PtsrkImmDKRSVrp1jV3E2sh6swBcv0LH0EuAf1J9ky5UC-zYuYbcWIiA4kD3pzWNxklc1slpXDMmm9l3X3H94cGm1v6vaQ1AGihdUp-k8mRFaAkbHzg","datePublished":"2024-04-08T16:34:57+00:00","dateModified":"2025-04-04T14:08:28+00:00","breadcrumb":{"@id":"https:\/\/espoonmerenkulkijat.net\/index.php\/kesasailytys\/#breadcrumb"},"inLanguage":"fi","potentialAction":[{"@type":"ReadAction","target":["https:\/\/espoonmerenkulkijat.net\/index.php\/kesasailytys\/"]}]},{"@type":"ImageObject","inLanguage":"fi","@id":"https:\/\/espoonmerenkulkijat.net\/index.php\/kesasailytys\/#primaryimage","url":"https:\/\/lh7-us.googleusercontent.com\/bH2H-PYzo1UesLbWUa7vD96Gdd4Ah6OiSd1PtsrkImmDKRSVrp1jV3E2sh6swBcv0LH0EuAf1J9ky5UC-zYuYbcWIiA4kD3pzWNxklc1slpXDMmm9l3X3H94cGm1v6vaQ1AGihdUp-k8mRFaAkbHzg","contentUrl":"https:\/\/lh7-us.googleusercontent.com\/bH2H-PYzo1UesLbWUa7vD96Gdd4Ah6OiSd1PtsrkImmDKRSVrp1jV3E2sh6swBcv0LH0EuAf1J9ky5UC-zYuYbcWIiA4kD3pzWNxklc1slpXDMmm9l3X3H94cGm1v6vaQ1AGihdUp-k8mRFaAkbHzg"},{"@type":"BreadcrumbList","@id":"https:\/\/espoonmerenkulkijat.net\/index.php\/kesasailytys\/#breadcrumb","itemListElement":[{"@type":"ListItem","position":1,"name":"Etusivu","item":"https:\/\/espoonmerenkulkijat.net\/"},{"@type":"ListItem","position":2,"name":"Kes\u00e4s\u00e4ilytys"}]},{"@type":"WebSite","@id":"https:\/\/espoonmerenkulkijat.net\/#website","url":"https:\/\/espoonmerenkulkijat.net\/","name":"Espoon Merenkulkijat ry","description":"","publisher":{"@id":"https:\/\/espoonmerenkulkijat.net\/#organization"},"potentialAction":[{"@type":"SearchAction","target":{"@type":"EntryPoint","urlTemplate":"https:\/\/espoonmerenkulkijat.net\/?s={search_term_string}"},"query-input":{"@type":"PropertyValueSpecification","valueRequired":true,"valueName":"search_term_string"}}],"inLanguage":"fi"},{"@type":"Organization","@id":"https:\/\/espoonmerenkulkijat.net\/#organization","name":"Espoon Merenkulkijat ry","url":"https:\/\/espoonmerenkulkijat.net\/","logo":{"@type":"ImageObject","inLanguage":"fi","@id":"https:\/\/espoonmerenkulkijat.net\/#\/schema\/logo\/image\/","url":"https:\/\/espoonmerenkulkijat.net\/wp-content\/uploads\/2023\/01\/cropped-EM_50_juhlalogo_320x320.png","contentUrl":"https:\/\/espoonmerenkulkijat.net\/wp-content\/uploads\/2023\/01\/cropped-EM_50_juhlalogo_320x320.png","width":320,"height":320,"caption":"Espoon Merenkulkijat ry"},"image":{"@id":"https:\/\/espoonmerenkulkijat.net\/#\/schema\/logo\/image\/"}}]}},"_links":{"self":[{"href":"https:\/\/espoonmerenkulkijat.net\/index.php\/wp-json\/wp\/v2\/pages\/2536","targetHints":{"allow":["GET"]}}],"collection":[{"href":"https:\/\/espoonmerenkulkijat.net\/index.php\/wp-json\/wp\/v2\/pages"}],"about":[{"href":"https:\/\/espoonmerenkulkijat.net\/index.php\/wp-json\/wp\/v2\/types\/page"}],"author":[{"embeddable":true,"href":"https:\/\/espoonmerenkulkijat.net\/index.php\/wp-json\/wp\/v2\/users\/3"}],"replies":[{"embeddable":true,"href":"https:\/\/espoonmerenkulkijat.net\/index.php\/wp-json\/wp\/v2\/comments?post=2536"}],"version-history":[{"count":9,"href":"https:\/\/espoonmerenkulkijat.net\/index.php\/wp-json\/wp\/v2\/pages\/2536\/revisions"}],"predecessor-version":[{"id":3069,"href":"https:\/\/espoonmerenkulkijat.net\/index.php\/wp-json\/wp\/v2\/pages\/2536\/revisions\/3069"}],"wp:attachment":[{"href":"https:\/\/espoonmerenkulkijat.net\/index.php\/wp-json\/wp\/v2\/media?parent=2536"}],"curies":[{"name":"wp","href":"https:\/\/api.w.org\/{rel}","templated":true}]}}