{"id":351,"date":"2020-03-15T18:25:23","date_gmt":"2020-03-15T16:25:23","guid":{"rendered":"http:\/\/espoonmerenkulkijat.net\/?page_id=351"},"modified":"2026-04-10T10:10:46","modified_gmt":"2026-04-10T07:10:46","slug":"espoon-merenkulkijoiden-hinnasto","status":"publish","type":"page","link":"https:\/\/espoonmerenkulkijat.net\/index.php\/espoon-merenkulkijoiden-hinnasto\/","title":{"rendered":"Hinnasto 2026"},"content":{"rendered":"\n<p><\/p>\n\n\n\n<h4 class=\"wp-block-heading\"><strong>Seuran vuosikokous 12.3.2026 hyv\u00e4ksyi seuraavat maksut vuoden 2027 vuosikokoukseen saakka:<br><\/strong><\/h4>\n\n\n\n<p><\/p>\n\n\n\n<ul class=\"wp-block-list\">\n<li>Liittymismaksu\u00a0 250 \u20ac (kampanjahinta)<\/li>\n\n\n\n<li>Liittymismaksu 5 vuoden nuoriso\/perhej\u00e4senyyden j\u00e4lkeen\u00a0 125 \u20ac (kampanjahinta)<\/li>\n\n\n\n<li>J\u00e4senmaksu (sis\u00e4lt\u00e4\u00e4 SPV:n maksun)\u00a080 \u20ac<\/li>\n\n\n\n<li>Perhej\u00e4senmaksu\u00a0 20 \u20ac<\/li>\n\n\n\n<li>Nuorisoj\u00e4senmaksu\u00a0 10 \u20ac<\/li>\n\n\n\n<li>Kannatusj\u00e4senmaksu\u00a0 120 \u20ac<\/li>\n\n\n\n<li>Satamanhoitomaksu\u00a0 0 \u20ac \/ vene (2026 erikoishinta)<\/li>\n<\/ul>\n\n\n\n<p><\/p>\n\n\n\n<p><\/p>\n\n\n\n<figure class=\"wp-block-image size-full\"><img loading=\"lazy\" decoding=\"async\" width=\"509\" height=\"272\" src=\"https:\/\/espoonmerenkulkijat.net\/wp-content\/uploads\/2026\/04\/image.png\" alt=\"\" class=\"wp-image-3471\" srcset=\"https:\/\/espoonmerenkulkijat.net\/wp-content\/uploads\/2026\/04\/image.png 509w, https:\/\/espoonmerenkulkijat.net\/wp-content\/uploads\/2026\/04\/image-300x160.png 300w\" sizes=\"auto, (max-width: 509px) 100vw, 509px\" \/><\/figure>\n\n\n\n<p><\/p>\n\n\n\n<div style=\"height:100px\" aria-hidden=\"true\" class=\"wp-block-spacer\"><\/div>\n\n\n\n<figure class=\"wp-block-image size-full\"><img loading=\"lazy\" decoding=\"async\" width=\"495\" height=\"305\" src=\"https:\/\/espoonmerenkulkijat.net\/wp-content\/uploads\/2026\/04\/image-1.png\" alt=\"\" class=\"wp-image-3472\" srcset=\"https:\/\/espoonmerenkulkijat.net\/wp-content\/uploads\/2026\/04\/image-1.png 495w, https:\/\/espoonmerenkulkijat.net\/wp-content\/uploads\/2026\/04\/image-1-300x185.png 300w\" sizes=\"auto, (max-width: 495px) 100vw, 495px\" \/><\/figure>\n\n\n\n<div style=\"height:100px\" aria-hidden=\"true\" class=\"wp-block-spacer\"><\/div>\n\n\n\n<h4 class=\"wp-block-heading\"><strong>Sakkomaksut<\/strong><\/h4>\n\n\n\n<ul class=\"wp-block-list\">\n<li>Vartiovelvollisuuden laiminly\u00f6nti 100 \u20ac per vartiovuoro<\/li>\n\n\n\n<li>Veneen katsastusvelvollisuuden laiminly\u00f6nti 100 \u20ac<\/li>\n\n\n\n<li>Veneen, pukin, maston tai muun irtaimiston s\u00e4ilytt\u00e4minen sataman alueella ohjeiden vastaisesti 100\u20ac, tai toteutuneet siirtokustannukset, mik\u00e4li korkeammat.<\/li>\n<\/ul>\n\n\n\n<p>*Huom! Sakkomaksut eiv\u00e4t ole vaihtoehto ohjeiden vastaiselle toiminnalle, vaan toistuvista rikkeist\u00e4 seurauksena voi olla venepaikan ev\u00e4\u00e4minen.<\/p>\n\n\n\n<div style=\"height:100px\" aria-hidden=\"true\" class=\"wp-block-spacer\"><\/div>\n\n\n\n<h4 class=\"wp-block-heading\"><strong>Muut hinnat<\/strong><\/h4>\n\n\n\n<ul class=\"wp-block-list\">\n<li>Majaa vuokrataan j\u00e4senten omiin tilaisuuksiin. Vuokra on 30 \u20ac\/p\u00e4iv\u00e4.<\/li>\n\n\n\n<li>Per\u00e4liput: 33 * 54 cm (30 \u20ac), 44 * 72 cm (35 \u20ac), 55 * 90 cm (40 \u20ac) ja 66 *108 cm (45 \u20ac),<br>kysy muita kokoja.<\/li>\n\n\n\n<li>Pipo EM-logolla (punainen tai tummansininen)\u00a0 35 \u20ac<\/li>\n<\/ul>\n\n\n\n<p>Venepaikka- ja j\u00e4senmaksujen er\u00e4p\u00e4iv\u00e4 on 15.4.2026.<\/p>\n\n\n\n<p><\/p>\n","protected":false},"excerpt":{"rendered":"<p>Seuran vuosikokous 12.3.2026 hyv\u00e4ksyi seuraavat maksut vuoden 2027 vuosikokoukseen saakka: Sakkomaksut *Huom! Sakkomaksut eiv\u00e4t ole vaihtoehto ohjeiden vastaiselle toiminnalle, vaan toistuvista rikkeist\u00e4 seurauksena voi olla venepaikan ev\u00e4\u00e4minen. Muut hinnat Venepaikka- [&hellip;]<\/p>\n","protected":false},"author":3,"featured_media":0,"parent":0,"menu_order":0,"comment_status":"closed","ping_status":"closed","template":"","meta":{"site-sidebar-layout":"default","site-content-layout":"default","ast-site-content-layout":"default","site-content-style":"default","site-sidebar-style":"default","ast-global-header-display":"","ast-banner-title-visibility":"","ast-main-header-display":"","ast-hfb-above-header-display":"","ast-hfb-below-header-display":"","ast-hfb-mobile-header-display":"","site-post-title":"","ast-breadcrumbs-content":"","ast-featured-img":"","footer-sml-layout":"","ast-disable-related-posts":"","theme-transparent-header-meta":"default","adv-header-id-meta":"","stick-header-meta":"","header-above-stick-meta":"","header-main-stick-meta":"","header-below-stick-meta":"","astra-migrate-meta-layouts":"set","ast-page-background-enabled":"default","ast-page-background-meta":{"desktop":{"background-color":"","background-image":"","background-repeat":"repeat","background-position":"center center","background-size":"auto","background-attachment":"scroll","background-type":"","background-media":"","overlay-type":"","overlay-color":"","overlay-opacity":"","overlay-gradient":""},"tablet":{"background-color":"","background-image":"","background-repeat":"repeat","background-position":"center center","background-size":"auto","background-attachment":"scroll","background-type":"","background-media":"","overlay-type":"","overlay-color":"","overlay-opacity":"","overlay-gradient":""},"mobile":{"background-color":"","background-image":"","background-repeat":"repeat","background-position":"center center","background-size":"auto","background-attachment":"scroll","background-type":"","background-media":"","overlay-type":"","overlay-color":"","overlay-opacity":"","overlay-gradient":""}},"ast-content-background-meta":{"desktop":{"background-color":"var(--ast-global-color-5)","background-image":"","background-repeat":"repeat","background-position":"center center","background-size":"auto","background-attachment":"scroll","background-type":"","background-media":"","overlay-type":"","overlay-color":"","overlay-opacity":"","overlay-gradient":""},"tablet":{"background-color":"var(--ast-global-color-5)","background-image":"","background-repeat":"repeat","background-position":"center center","background-size":"auto","background-attachment":"scroll","background-type":"","background-media":"","overlay-type":"","overlay-color":"","overlay-opacity":"","overlay-gradient":""},"mobile":{"background-color":"var(--ast-global-color-5)","background-image":"","background-repeat":"repeat","background-position":"center center","background-size":"auto","background-attachment":"scroll","background-type":"","background-media":"","overlay-type":"","overlay-color":"","overlay-opacity":"","overlay-gradient":""}},"footnotes":""},"class_list":["post-351","page","type-page","status-publish","hentry"],"yoast_head":"<!-- This site is optimized with the Yoast SEO plugin v27.3 - https:\/\/yoast.com\/product\/yoast-seo-wordpress\/ -->\n<title>Hinnasto 2026 - Espoon Merenkulkijat ry<\/title>\n<meta name=\"description\" content=\"Espoon Merenkulkijoiden hinnasto, joka sis\u00e4lt\u00e4\u00e4 eri j\u00e4senmaksut, venepaikkamaksut ja liittymismaksut seuraan.\" \/>\n<meta name=\"robots\" content=\"index, follow, max-snippet:-1, max-image-preview:large, max-video-preview:-1\" \/>\n<link rel=\"canonical\" href=\"https:\/\/espoonmerenkulkijat.net\/index.php\/espoon-merenkulkijoiden-hinnasto\/\" \/>\n<meta property=\"og:locale\" content=\"fi_FI\" \/>\n<meta property=\"og:type\" content=\"article\" \/>\n<meta property=\"og:title\" content=\"Hinnasto 2026 - Espoon Merenkulkijat ry\" \/>\n<meta property=\"og:description\" content=\"Espoon Merenkulkijoiden hinnasto, joka sis\u00e4lt\u00e4\u00e4 eri j\u00e4senmaksut, venepaikkamaksut ja liittymismaksut seuraan.\" \/>\n<meta property=\"og:url\" content=\"https:\/\/espoonmerenkulkijat.net\/index.php\/espoon-merenkulkijoiden-hinnasto\/\" \/>\n<meta property=\"og:site_name\" content=\"Espoon Merenkulkijat ry\" \/>\n<meta property=\"article:modified_time\" content=\"2026-04-10T07:10:46+00:00\" \/>\n<meta property=\"og:image\" content=\"https:\/\/espoonmerenkulkijat.net\/wp-content\/uploads\/2026\/04\/image.png\" \/>\n\t<meta property=\"og:image:width\" content=\"509\" \/>\n\t<meta property=\"og:image:height\" content=\"272\" \/>\n\t<meta property=\"og:image:type\" content=\"image\/png\" \/>\n<meta name=\"twitter:card\" content=\"summary_large_image\" \/>\n<meta name=\"twitter:label1\" content=\"Arvioitu lukuaika\" \/>\n\t<meta name=\"twitter:data1\" content=\"2 minuuttia\" \/>\n<script type=\"application\/ld+json\" class=\"yoast-schema-graph\">{\"@context\":\"https:\\\/\\\/schema.org\",\"@graph\":[{\"@type\":\"WebPage\",\"@id\":\"https:\\\/\\\/espoonmerenkulkijat.net\\\/index.php\\\/espoon-merenkulkijoiden-hinnasto\\\/\",\"url\":\"https:\\\/\\\/espoonmerenkulkijat.net\\\/index.php\\\/espoon-merenkulkijoiden-hinnasto\\\/\",\"name\":\"Hinnasto 2026 - Espoon Merenkulkijat ry\",\"isPartOf\":{\"@id\":\"https:\\\/\\\/espoonmerenkulkijat.net\\\/#website\"},\"primaryImageOfPage\":{\"@id\":\"https:\\\/\\\/espoonmerenkulkijat.net\\\/index.php\\\/espoon-merenkulkijoiden-hinnasto\\\/#primaryimage\"},\"image\":{\"@id\":\"https:\\\/\\\/espoonmerenkulkijat.net\\\/index.php\\\/espoon-merenkulkijoiden-hinnasto\\\/#primaryimage\"},\"thumbnailUrl\":\"https:\\\/\\\/espoonmerenkulkijat.net\\\/wp-content\\\/uploads\\\/2026\\\/04\\\/image.png\",\"datePublished\":\"2020-03-15T16:25:23+00:00\",\"dateModified\":\"2026-04-10T07:10:46+00:00\",\"description\":\"Espoon Merenkulkijoiden hinnasto, joka sis\u00e4lt\u00e4\u00e4 eri j\u00e4senmaksut, venepaikkamaksut ja liittymismaksut seuraan.\",\"breadcrumb\":{\"@id\":\"https:\\\/\\\/espoonmerenkulkijat.net\\\/index.php\\\/espoon-merenkulkijoiden-hinnasto\\\/#breadcrumb\"},\"inLanguage\":\"fi\",\"potentialAction\":[{\"@type\":\"ReadAction\",\"target\":[\"https:\\\/\\\/espoonmerenkulkijat.net\\\/index.php\\\/espoon-merenkulkijoiden-hinnasto\\\/\"]}]},{\"@type\":\"ImageObject\",\"inLanguage\":\"fi\",\"@id\":\"https:\\\/\\\/espoonmerenkulkijat.net\\\/index.php\\\/espoon-merenkulkijoiden-hinnasto\\\/#primaryimage\",\"url\":\"https:\\\/\\\/espoonmerenkulkijat.net\\\/wp-content\\\/uploads\\\/2026\\\/04\\\/image.png\",\"contentUrl\":\"https:\\\/\\\/espoonmerenkulkijat.net\\\/wp-content\\\/uploads\\\/2026\\\/04\\\/image.png\",\"width\":509,\"height\":272},{\"@type\":\"BreadcrumbList\",\"@id\":\"https:\\\/\\\/espoonmerenkulkijat.net\\\/index.php\\\/espoon-merenkulkijoiden-hinnasto\\\/#breadcrumb\",\"itemListElement\":[{\"@type\":\"ListItem\",\"position\":1,\"name\":\"Etusivu\",\"item\":\"https:\\\/\\\/espoonmerenkulkijat.net\\\/\"},{\"@type\":\"ListItem\",\"position\":2,\"name\":\"Hinnasto 2026\"}]},{\"@type\":\"WebSite\",\"@id\":\"https:\\\/\\\/espoonmerenkulkijat.net\\\/#website\",\"url\":\"https:\\\/\\\/espoonmerenkulkijat.net\\\/\",\"name\":\"Espoon Merenkulkijat ry\",\"description\":\"\",\"publisher\":{\"@id\":\"https:\\\/\\\/espoonmerenkulkijat.net\\\/#organization\"},\"potentialAction\":[{\"@type\":\"SearchAction\",\"target\":{\"@type\":\"EntryPoint\",\"urlTemplate\":\"https:\\\/\\\/espoonmerenkulkijat.net\\\/?s={search_term_string}\"},\"query-input\":{\"@type\":\"PropertyValueSpecification\",\"valueRequired\":true,\"valueName\":\"search_term_string\"}}],\"inLanguage\":\"fi\"},{\"@type\":\"Organization\",\"@id\":\"https:\\\/\\\/espoonmerenkulkijat.net\\\/#organization\",\"name\":\"Espoon Merenkulkijat ry\",\"url\":\"https:\\\/\\\/espoonmerenkulkijat.net\\\/\",\"logo\":{\"@type\":\"ImageObject\",\"inLanguage\":\"fi\",\"@id\":\"https:\\\/\\\/espoonmerenkulkijat.net\\\/#\\\/schema\\\/logo\\\/image\\\/\",\"url\":\"https:\\\/\\\/espoonmerenkulkijat.net\\\/wp-content\\\/uploads\\\/2023\\\/01\\\/cropped-EM_50_juhlalogo_320x320.png\",\"contentUrl\":\"https:\\\/\\\/espoonmerenkulkijat.net\\\/wp-content\\\/uploads\\\/2023\\\/01\\\/cropped-EM_50_juhlalogo_320x320.png\",\"width\":320,\"height\":320,\"caption\":\"Espoon Merenkulkijat ry\"},\"image\":{\"@id\":\"https:\\\/\\\/espoonmerenkulkijat.net\\\/#\\\/schema\\\/logo\\\/image\\\/\"}}]}<\/script>\n<!-- \/ Yoast SEO plugin. -->","yoast_head_json":{"title":"Hinnasto 2026 - Espoon Merenkulkijat ry","description":"Espoon Merenkulkijoiden hinnasto, joka sis\u00e4lt\u00e4\u00e4 eri j\u00e4senmaksut, venepaikkamaksut ja liittymismaksut seuraan.","robots":{"index":"index","follow":"follow","max-snippet":"max-snippet:-1","max-image-preview":"max-image-preview:large","max-video-preview":"max-video-preview:-1"},"canonical":"https:\/\/espoonmerenkulkijat.net\/index.php\/espoon-merenkulkijoiden-hinnasto\/","og_locale":"fi_FI","og_type":"article","og_title":"Hinnasto 2026 - Espoon Merenkulkijat ry","og_description":"Espoon Merenkulkijoiden hinnasto, joka sis\u00e4lt\u00e4\u00e4 eri j\u00e4senmaksut, venepaikkamaksut ja liittymismaksut seuraan.","og_url":"https:\/\/espoonmerenkulkijat.net\/index.php\/espoon-merenkulkijoiden-hinnasto\/","og_site_name":"Espoon Merenkulkijat ry","article_modified_time":"2026-04-10T07:10:46+00:00","og_image":[{"width":509,"height":272,"url":"https:\/\/espoonmerenkulkijat.net\/wp-content\/uploads\/2026\/04\/image.png","type":"image\/png"}],"twitter_card":"summary_large_image","twitter_misc":{"Arvioitu lukuaika":"2 minuuttia"},"schema":{"@context":"https:\/\/schema.org","@graph":[{"@type":"WebPage","@id":"https:\/\/espoonmerenkulkijat.net\/index.php\/espoon-merenkulkijoiden-hinnasto\/","url":"https:\/\/espoonmerenkulkijat.net\/index.php\/espoon-merenkulkijoiden-hinnasto\/","name":"Hinnasto 2026 - Espoon Merenkulkijat ry","isPartOf":{"@id":"https:\/\/espoonmerenkulkijat.net\/#website"},"primaryImageOfPage":{"@id":"https:\/\/espoonmerenkulkijat.net\/index.php\/espoon-merenkulkijoiden-hinnasto\/#primaryimage"},"image":{"@id":"https:\/\/espoonmerenkulkijat.net\/index.php\/espoon-merenkulkijoiden-hinnasto\/#primaryimage"},"thumbnailUrl":"https:\/\/espoonmerenkulkijat.net\/wp-content\/uploads\/2026\/04\/image.png","datePublished":"2020-03-15T16:25:23+00:00","dateModified":"2026-04-10T07:10:46+00:00","description":"Espoon Merenkulkijoiden hinnasto, joka sis\u00e4lt\u00e4\u00e4 eri j\u00e4senmaksut, venepaikkamaksut ja liittymismaksut seuraan.","breadcrumb":{"@id":"https:\/\/espoonmerenkulkijat.net\/index.php\/espoon-merenkulkijoiden-hinnasto\/#breadcrumb"},"inLanguage":"fi","potentialAction":[{"@type":"ReadAction","target":["https:\/\/espoonmerenkulkijat.net\/index.php\/espoon-merenkulkijoiden-hinnasto\/"]}]},{"@type":"ImageObject","inLanguage":"fi","@id":"https:\/\/espoonmerenkulkijat.net\/index.php\/espoon-merenkulkijoiden-hinnasto\/#primaryimage","url":"https:\/\/espoonmerenkulkijat.net\/wp-content\/uploads\/2026\/04\/image.png","contentUrl":"https:\/\/espoonmerenkulkijat.net\/wp-content\/uploads\/2026\/04\/image.png","width":509,"height":272},{"@type":"BreadcrumbList","@id":"https:\/\/espoonmerenkulkijat.net\/index.php\/espoon-merenkulkijoiden-hinnasto\/#breadcrumb","itemListElement":[{"@type":"ListItem","position":1,"name":"Etusivu","item":"https:\/\/espoonmerenkulkijat.net\/"},{"@type":"ListItem","position":2,"name":"Hinnasto 2026"}]},{"@type":"WebSite","@id":"https:\/\/espoonmerenkulkijat.net\/#website","url":"https:\/\/espoonmerenkulkijat.net\/","name":"Espoon Merenkulkijat ry","description":"","publisher":{"@id":"https:\/\/espoonmerenkulkijat.net\/#organization"},"potentialAction":[{"@type":"SearchAction","target":{"@type":"EntryPoint","urlTemplate":"https:\/\/espoonmerenkulkijat.net\/?s={search_term_string}"},"query-input":{"@type":"PropertyValueSpecification","valueRequired":true,"valueName":"search_term_string"}}],"inLanguage":"fi"},{"@type":"Organization","@id":"https:\/\/espoonmerenkulkijat.net\/#organization","name":"Espoon Merenkulkijat ry","url":"https:\/\/espoonmerenkulkijat.net\/","logo":{"@type":"ImageObject","inLanguage":"fi","@id":"https:\/\/espoonmerenkulkijat.net\/#\/schema\/logo\/image\/","url":"https:\/\/espoonmerenkulkijat.net\/wp-content\/uploads\/2023\/01\/cropped-EM_50_juhlalogo_320x320.png","contentUrl":"https:\/\/espoonmerenkulkijat.net\/wp-content\/uploads\/2023\/01\/cropped-EM_50_juhlalogo_320x320.png","width":320,"height":320,"caption":"Espoon Merenkulkijat ry"},"image":{"@id":"https:\/\/espoonmerenkulkijat.net\/#\/schema\/logo\/image\/"}}]}},"_links":{"self":[{"href":"https:\/\/espoonmerenkulkijat.net\/index.php\/wp-json\/wp\/v2\/pages\/351","targetHints":{"allow":["GET"]}}],"collection":[{"href":"https:\/\/espoonmerenkulkijat.net\/index.php\/wp-json\/wp\/v2\/pages"}],"about":[{"href":"https:\/\/espoonmerenkulkijat.net\/index.php\/wp-json\/wp\/v2\/types\/page"}],"author":[{"embeddable":true,"href":"https:\/\/espoonmerenkulkijat.net\/index.php\/wp-json\/wp\/v2\/users\/3"}],"replies":[{"embeddable":true,"href":"https:\/\/espoonmerenkulkijat.net\/index.php\/wp-json\/wp\/v2\/comments?post=351"}],"version-history":[{"count":20,"href":"https:\/\/espoonmerenkulkijat.net\/index.php\/wp-json\/wp\/v2\/pages\/351\/revisions"}],"predecessor-version":[{"id":3480,"href":"https:\/\/espoonmerenkulkijat.net\/index.php\/wp-json\/wp\/v2\/pages\/351\/revisions\/3480"}],"wp:attachment":[{"href":"https:\/\/espoonmerenkulkijat.net\/index.php\/wp-json\/wp\/v2\/media?parent=351"}],"curies":[{"name":"wp","href":"https:\/\/api.w.org\/{rel}","templated":true}]}}