{"id":462,"date":"2020-04-08T21:35:18","date_gmt":"2020-04-08T18:35:18","guid":{"rendered":"https:\/\/espoonmerenkulkijat.net\/?page_id=462"},"modified":"2026-04-16T15:26:39","modified_gmt":"2026-04-16T12:26:39","slug":"vartiointi-2","status":"publish","type":"page","link":"https:\/\/espoonmerenkulkijat.net\/index.php\/vartiointi-2\/","title":{"rendered":"Vartiointi"},"content":{"rendered":"\n<p>Espoon Merenkulkijoiden satamaa vartioidaan veneilykauden aikana sek\u00e4 venepaikan haltijoiden toimesta talkooty\u00f6n\u00e4 ett\u00e4 vartiointiliikkeen palveluna. Vartioinnilla halutaan varmistaa, ett\u00e4 satamassa olevat veneet ovat turvassa sek\u00e4 s\u00e4\u00e4n ett\u00e4 ulkopuolisten k\u00e4vij\u00f6iden osalta. Satamassa on my\u00f6s kameravalvontaa.<\/p>\n\n\n\n<p><strong>Vartiovuorot varataan <\/strong>Venekerhot -palvelussa <a href=\"https:\/\/www.venekerhot.fi\/em\" type=\"link\" id=\"https:\/\/www.venekerhot.fi\/em\">https:\/\/www.venekerhot.fi\/em<\/a><\/p>\n\n\n\n<p>Mene Vartiovuorot-sivulle ja valitse joko lista- tai kalenterin\u00e4kym\u00e4. Molemmissa n\u00e4kymiss\u00e4 n\u00e4et sek\u00e4 varattujen vuorojen tiedot (vartija, puhelinnumero) sek\u00e4 vapaat vuorot, jotka ovat varattavissa.<\/p>\n\n\n\n<p>Varaus tehd\u00e4\u00e4n klikkaamalla Varaa-teksti\u00e4 kalenteri- tai listan\u00e4kym\u00e4ss\u00e4.<\/p>\n\n\n\n<p>Vahvista varaus painamalla Vahvista ja tallenna varaus -nappia.&nbsp;<\/p>\n\n\n\n<p>Onnistuneen varauksen j\u00e4lkeen tekem\u00e4si varaus ilmestyy listaukseen ja kalenteriin.<\/p>\n\n\n\n<p><strong>Lis\u00e4tietoa ja ohjeita vartiovuoroista:<\/strong><\/p>\n\n\n\n<ul class=\"wp-block-list\">\n<li>Vuorojen varaaminen alkaa 7.4.2026 noin klo 7.00<\/li>\n\n\n\n<li>Varausj\u00e4rjestelm\u00e4 suljetaan 15.5.2026 klo 24, mink\u00e4 j\u00e4lkeen niille vartiovelvollisille, jotka eiv\u00e4t ole t\u00e4h\u00e4n menness\u00e4 varanneet vuoroa, arvotaan vuoro.<\/li>\n\n\n\n<li>15.5.2026 asti j\u00e4rjestelm\u00e4ss\u00e4 voi muokata tulevia varauksia. T\u00e4m\u00e4n j\u00e4lkeen niit\u00e4 ei voi muuttaa.<\/li>\n\n\n\n<li>Esteen tullessa, hanki vuorolle tuuraaja tai sovi suoraan toisen j\u00e4senen kanssa vuoron vaihtamisesta. Seura ei osallistu tuuraajien v\u00e4litt\u00e4miseen eik\u00e4 vuorojen vaihtamisen organisointiin.<\/li>\n\n\n\n<li>J\u00e4rjestelm\u00e4 huomioi automaattisesti vartioinnista vapautetut toimihenkil\u00f6t.<\/li>\n\n\n\n<li>Muista varata kaksi vartiovuoroa per venepaikka.<\/li>\n\n\n\n<li>J\u00e4rjestelm\u00e4 huomioi automaattisesti ne juhlap\u00e4iv\u00e4t, joiden vuorot vastaavat kahta vartiovuoroa (vappuaatto ja -p\u00e4iv\u00e4, juhannusaatto ja -p\u00e4iv\u00e4).<\/li>\n\n\n\n<li>J\u00e4rjestelm\u00e4 l\u00e4hett\u00e4\u00e4 automaattisesti muistutuksen tulevasta vartiovuorosta viikkoa ennen ja yht\u00e4 p\u00e4iv\u00e4\u00e4 ennen vuoroa, sek\u00e4 s\u00e4hk\u00f6postilla ett\u00e4 tekstiviestill\u00e4. <\/li>\n<\/ul>\n\n\n\n<p>Vartiointohjeistus l\u00f6ytyy <a href=\"https:\/\/www.venekerhot.fi\/em#\/files\/30431EC07D61EABDC2258DDB003E5ED1\">Venekerhot -palvelusta <\/a><\/p>\n\n\n\n<p>Ohjeet Venekerhot.fi -palveluun <a href=\"https:\/\/espoonmerenkulkijat.net\/index.php\/tietoa-jasenille\/venekerhot-fi-palvelu-jasenille\/\">https:\/\/espoonmerenkulkijat.net\/index.php\/tietoa-jasenille\/venekerhot-fi-palvelu-jasenille\/<\/a><\/p>\n\n\n\n<p><\/p>\n\n\n\n<p><\/p>\n","protected":false},"excerpt":{"rendered":"<p>Espoon Merenkulkijoiden satamaa vartioidaan veneilykauden aikana sek\u00e4 venepaikan haltijoiden toimesta talkooty\u00f6n\u00e4 ett\u00e4 vartiointiliikkeen palveluna. Vartioinnilla halutaan varmistaa, ett\u00e4 satamassa olevat veneet ovat turvassa sek\u00e4 s\u00e4\u00e4n ett\u00e4 ulkopuolisten k\u00e4vij\u00f6iden osalta. Satamassa [&hellip;]<\/p>\n","protected":false},"author":3,"featured_media":0,"parent":0,"menu_order":0,"comment_status":"closed","ping_status":"closed","template":"","meta":{"site-sidebar-layout":"default","site-content-layout":"default","ast-site-content-layout":"default","site-content-style":"default","site-sidebar-style":"default","ast-global-header-display":"","ast-banner-title-visibility":"","ast-main-header-display":"","ast-hfb-above-header-display":"","ast-hfb-below-header-display":"","ast-hfb-mobile-header-display":"","site-post-title":"","ast-breadcrumbs-content":"","ast-featured-img":"","footer-sml-layout":"","ast-disable-related-posts":"","theme-transparent-header-meta":"default","adv-header-id-meta":"","stick-header-meta":"","header-above-stick-meta":"","header-main-stick-meta":"","header-below-stick-meta":"","astra-migrate-meta-layouts":"set","ast-page-background-enabled":"default","ast-page-background-meta":{"desktop":{"background-color":"","background-image":"","background-repeat":"repeat","background-position":"center center","background-size":"auto","background-attachment":"scroll","background-type":"","background-media":"","overlay-type":"","overlay-color":"","overlay-opacity":"","overlay-gradient":""},"tablet":{"background-color":"","background-image":"","background-repeat":"repeat","background-position":"center center","background-size":"auto","background-attachment":"scroll","background-type":"","background-media":"","overlay-type":"","overlay-color":"","overlay-opacity":"","overlay-gradient":""},"mobile":{"background-color":"","background-image":"","background-repeat":"repeat","background-position":"center center","background-size":"auto","background-attachment":"scroll","background-type":"","background-media":"","overlay-type":"","overlay-color":"","overlay-opacity":"","overlay-gradient":""}},"ast-content-background-meta":{"desktop":{"background-color":"var(--ast-global-color-5)","background-image":"","background-repeat":"repeat","background-position":"center center","background-size":"auto","background-attachment":"scroll","background-type":"","background-media":"","overlay-type":"","overlay-color":"","overlay-opacity":"","overlay-gradient":""},"tablet":{"background-color":"var(--ast-global-color-5)","background-image":"","background-repeat":"repeat","background-position":"center center","background-size":"auto","background-attachment":"scroll","background-type":"","background-media":"","overlay-type":"","overlay-color":"","overlay-opacity":"","overlay-gradient":""},"mobile":{"background-color":"var(--ast-global-color-5)","background-image":"","background-repeat":"repeat","background-position":"center center","background-size":"auto","background-attachment":"scroll","background-type":"","background-media":"","overlay-type":"","overlay-color":"","overlay-opacity":"","overlay-gradient":""}},"footnotes":""},"class_list":["post-462","page","type-page","status-publish","hentry"],"yoast_head":"<!-- This site is optimized with the Yoast SEO plugin v27.3 - https:\/\/yoast.com\/product\/yoast-seo-wordpress\/ -->\n<title>Vartiointi - Espoon Merenkulkijat ry<\/title>\n<meta name=\"robots\" content=\"index, follow, max-snippet:-1, max-image-preview:large, max-video-preview:-1\" \/>\n<link rel=\"canonical\" href=\"https:\/\/espoonmerenkulkijat.net\/index.php\/vartiointi-2\/\" \/>\n<meta property=\"og:locale\" content=\"fi_FI\" \/>\n<meta property=\"og:type\" content=\"article\" \/>\n<meta property=\"og:title\" content=\"Vartiointi - Espoon Merenkulkijat ry\" \/>\n<meta property=\"og:description\" content=\"Espoon Merenkulkijoiden satamaa vartioidaan veneilykauden aikana sek\u00e4 venepaikan haltijoiden toimesta talkooty\u00f6n\u00e4 ett\u00e4 vartiointiliikkeen palveluna. Vartioinnilla halutaan varmistaa, ett\u00e4 satamassa olevat veneet ovat turvassa sek\u00e4 s\u00e4\u00e4n ett\u00e4 ulkopuolisten k\u00e4vij\u00f6iden osalta. Satamassa [&hellip;]\" \/>\n<meta property=\"og:url\" content=\"https:\/\/espoonmerenkulkijat.net\/index.php\/vartiointi-2\/\" \/>\n<meta property=\"og:site_name\" content=\"Espoon Merenkulkijat ry\" \/>\n<meta property=\"article:modified_time\" content=\"2026-04-16T12:26:39+00:00\" \/>\n<meta name=\"twitter:card\" content=\"summary_large_image\" \/>\n<meta name=\"twitter:label1\" content=\"Arvioitu lukuaika\" \/>\n\t<meta name=\"twitter:data1\" content=\"2 minuuttia\" \/>\n<script type=\"application\/ld+json\" class=\"yoast-schema-graph\">{\"@context\":\"https:\\\/\\\/schema.org\",\"@graph\":[{\"@type\":\"WebPage\",\"@id\":\"https:\\\/\\\/espoonmerenkulkijat.net\\\/index.php\\\/vartiointi-2\\\/\",\"url\":\"https:\\\/\\\/espoonmerenkulkijat.net\\\/index.php\\\/vartiointi-2\\\/\",\"name\":\"Vartiointi - Espoon Merenkulkijat ry\",\"isPartOf\":{\"@id\":\"https:\\\/\\\/espoonmerenkulkijat.net\\\/#website\"},\"datePublished\":\"2020-04-08T18:35:18+00:00\",\"dateModified\":\"2026-04-16T12:26:39+00:00\",\"breadcrumb\":{\"@id\":\"https:\\\/\\\/espoonmerenkulkijat.net\\\/index.php\\\/vartiointi-2\\\/#breadcrumb\"},\"inLanguage\":\"fi\",\"potentialAction\":[{\"@type\":\"ReadAction\",\"target\":[\"https:\\\/\\\/espoonmerenkulkijat.net\\\/index.php\\\/vartiointi-2\\\/\"]}]},{\"@type\":\"BreadcrumbList\",\"@id\":\"https:\\\/\\\/espoonmerenkulkijat.net\\\/index.php\\\/vartiointi-2\\\/#breadcrumb\",\"itemListElement\":[{\"@type\":\"ListItem\",\"position\":1,\"name\":\"Etusivu\",\"item\":\"https:\\\/\\\/espoonmerenkulkijat.net\\\/\"},{\"@type\":\"ListItem\",\"position\":2,\"name\":\"Vartiointi\"}]},{\"@type\":\"WebSite\",\"@id\":\"https:\\\/\\\/espoonmerenkulkijat.net\\\/#website\",\"url\":\"https:\\\/\\\/espoonmerenkulkijat.net\\\/\",\"name\":\"Espoon Merenkulkijat ry\",\"description\":\"\",\"publisher\":{\"@id\":\"https:\\\/\\\/espoonmerenkulkijat.net\\\/#organization\"},\"potentialAction\":[{\"@type\":\"SearchAction\",\"target\":{\"@type\":\"EntryPoint\",\"urlTemplate\":\"https:\\\/\\\/espoonmerenkulkijat.net\\\/?s={search_term_string}\"},\"query-input\":{\"@type\":\"PropertyValueSpecification\",\"valueRequired\":true,\"valueName\":\"search_term_string\"}}],\"inLanguage\":\"fi\"},{\"@type\":\"Organization\",\"@id\":\"https:\\\/\\\/espoonmerenkulkijat.net\\\/#organization\",\"name\":\"Espoon Merenkulkijat ry\",\"url\":\"https:\\\/\\\/espoonmerenkulkijat.net\\\/\",\"logo\":{\"@type\":\"ImageObject\",\"inLanguage\":\"fi\",\"@id\":\"https:\\\/\\\/espoonmerenkulkijat.net\\\/#\\\/schema\\\/logo\\\/image\\\/\",\"url\":\"https:\\\/\\\/espoonmerenkulkijat.net\\\/wp-content\\\/uploads\\\/2023\\\/01\\\/cropped-EM_50_juhlalogo_320x320.png\",\"contentUrl\":\"https:\\\/\\\/espoonmerenkulkijat.net\\\/wp-content\\\/uploads\\\/2023\\\/01\\\/cropped-EM_50_juhlalogo_320x320.png\",\"width\":320,\"height\":320,\"caption\":\"Espoon Merenkulkijat ry\"},\"image\":{\"@id\":\"https:\\\/\\\/espoonmerenkulkijat.net\\\/#\\\/schema\\\/logo\\\/image\\\/\"}}]}<\/script>\n<!-- \/ Yoast SEO plugin. -->","yoast_head_json":{"title":"Vartiointi - Espoon Merenkulkijat ry","robots":{"index":"index","follow":"follow","max-snippet":"max-snippet:-1","max-image-preview":"max-image-preview:large","max-video-preview":"max-video-preview:-1"},"canonical":"https:\/\/espoonmerenkulkijat.net\/index.php\/vartiointi-2\/","og_locale":"fi_FI","og_type":"article","og_title":"Vartiointi - Espoon Merenkulkijat ry","og_description":"Espoon Merenkulkijoiden satamaa vartioidaan veneilykauden aikana sek\u00e4 venepaikan haltijoiden toimesta talkooty\u00f6n\u00e4 ett\u00e4 vartiointiliikkeen palveluna. Vartioinnilla halutaan varmistaa, ett\u00e4 satamassa olevat veneet ovat turvassa sek\u00e4 s\u00e4\u00e4n ett\u00e4 ulkopuolisten k\u00e4vij\u00f6iden osalta. Satamassa [&hellip;]","og_url":"https:\/\/espoonmerenkulkijat.net\/index.php\/vartiointi-2\/","og_site_name":"Espoon Merenkulkijat ry","article_modified_time":"2026-04-16T12:26:39+00:00","twitter_card":"summary_large_image","twitter_misc":{"Arvioitu lukuaika":"2 minuuttia"},"schema":{"@context":"https:\/\/schema.org","@graph":[{"@type":"WebPage","@id":"https:\/\/espoonmerenkulkijat.net\/index.php\/vartiointi-2\/","url":"https:\/\/espoonmerenkulkijat.net\/index.php\/vartiointi-2\/","name":"Vartiointi - Espoon Merenkulkijat ry","isPartOf":{"@id":"https:\/\/espoonmerenkulkijat.net\/#website"},"datePublished":"2020-04-08T18:35:18+00:00","dateModified":"2026-04-16T12:26:39+00:00","breadcrumb":{"@id":"https:\/\/espoonmerenkulkijat.net\/index.php\/vartiointi-2\/#breadcrumb"},"inLanguage":"fi","potentialAction":[{"@type":"ReadAction","target":["https:\/\/espoonmerenkulkijat.net\/index.php\/vartiointi-2\/"]}]},{"@type":"BreadcrumbList","@id":"https:\/\/espoonmerenkulkijat.net\/index.php\/vartiointi-2\/#breadcrumb","itemListElement":[{"@type":"ListItem","position":1,"name":"Etusivu","item":"https:\/\/espoonmerenkulkijat.net\/"},{"@type":"ListItem","position":2,"name":"Vartiointi"}]},{"@type":"WebSite","@id":"https:\/\/espoonmerenkulkijat.net\/#website","url":"https:\/\/espoonmerenkulkijat.net\/","name":"Espoon Merenkulkijat ry","description":"","publisher":{"@id":"https:\/\/espoonmerenkulkijat.net\/#organization"},"potentialAction":[{"@type":"SearchAction","target":{"@type":"EntryPoint","urlTemplate":"https:\/\/espoonmerenkulkijat.net\/?s={search_term_string}"},"query-input":{"@type":"PropertyValueSpecification","valueRequired":true,"valueName":"search_term_string"}}],"inLanguage":"fi"},{"@type":"Organization","@id":"https:\/\/espoonmerenkulkijat.net\/#organization","name":"Espoon Merenkulkijat ry","url":"https:\/\/espoonmerenkulkijat.net\/","logo":{"@type":"ImageObject","inLanguage":"fi","@id":"https:\/\/espoonmerenkulkijat.net\/#\/schema\/logo\/image\/","url":"https:\/\/espoonmerenkulkijat.net\/wp-content\/uploads\/2023\/01\/cropped-EM_50_juhlalogo_320x320.png","contentUrl":"https:\/\/espoonmerenkulkijat.net\/wp-content\/uploads\/2023\/01\/cropped-EM_50_juhlalogo_320x320.png","width":320,"height":320,"caption":"Espoon Merenkulkijat ry"},"image":{"@id":"https:\/\/espoonmerenkulkijat.net\/#\/schema\/logo\/image\/"}}]}},"_links":{"self":[{"href":"https:\/\/espoonmerenkulkijat.net\/index.php\/wp-json\/wp\/v2\/pages\/462","targetHints":{"allow":["GET"]}}],"collection":[{"href":"https:\/\/espoonmerenkulkijat.net\/index.php\/wp-json\/wp\/v2\/pages"}],"about":[{"href":"https:\/\/espoonmerenkulkijat.net\/index.php\/wp-json\/wp\/v2\/types\/page"}],"author":[{"embeddable":true,"href":"https:\/\/espoonmerenkulkijat.net\/index.php\/wp-json\/wp\/v2\/users\/3"}],"replies":[{"embeddable":true,"href":"https:\/\/espoonmerenkulkijat.net\/index.php\/wp-json\/wp\/v2\/comments?post=462"}],"version-history":[{"count":23,"href":"https:\/\/espoonmerenkulkijat.net\/index.php\/wp-json\/wp\/v2\/pages\/462\/revisions"}],"predecessor-version":[{"id":3512,"href":"https:\/\/espoonmerenkulkijat.net\/index.php\/wp-json\/wp\/v2\/pages\/462\/revisions\/3512"}],"wp:attachment":[{"href":"https:\/\/espoonmerenkulkijat.net\/index.php\/wp-json\/wp\/v2\/media?parent=462"}],"curies":[{"name":"wp","href":"https:\/\/api.w.org\/{rel}","templated":true}]}}