{"id":5,"date":"2019-05-11T17:09:16","date_gmt":"2019-05-11T17:09:16","guid":{"rendered":"http:\/\/temp.espoonmerenkulkijat.net\/?page_id=5"},"modified":"2026-03-04T20:04:08","modified_gmt":"2026-03-04T18:04:08","slug":"kilpailutoiminta","status":"publish","type":"page","link":"https:\/\/espoonmerenkulkijat.net\/index.php\/kilpailutoiminta\/","title":{"rendered":"Kilpapurjehdus"},"content":{"rendered":"\n<p>E<strong>spoon Merenkulkijat j\u00e4rjest\u00e4\u00e4 vuosittain seuraavia kilpailuja k\u00f6liveneille:<\/strong><\/p>\n\n\n\n<ul class=\"wp-block-list\">\n<li><a href=\"http:\/\/espoonmerenkulkijat.net\/index.php\/kilpailutoiminta\/keskiviikkokilpailut\/\">Keskiviikkokilpailut<\/a> keskiviikkoiltaisin toukokuusta syyskuun alkuun.<\/li>\n\n\n\n<li><a href=\"http:\/\/espoonmerenkulkijat.net\/index.php\/kilpailutoiminta\/rwyc\/\">Pentala &#8211; Nokkala <\/a>-kilpailu elokuussa.<\/li>\n<\/ul>\n\n\n\n<h4 class=\"wp-block-heading\">Seuran mestaruuskilpailut<\/h4>\n\n\n\n<p>Seuran mestaruus ratkaistaan vuosittain mestaruuskilpailuissa syyskuussa. Tarkemmat tiedot julkaistaan elokuussa.<\/p>\n\n\n\n<figure class=\"wp-block-image\"><img loading=\"lazy\" decoding=\"async\" width=\"1024\" height=\"439\" src=\"https:\/\/espoonmerenkulkijat.net\/wp-content\/uploads\/2021\/09\/Photo-11.9.2021-14.55.32-1024x439.jpg\" alt=\"\" class=\"wp-image-1068\" srcset=\"https:\/\/espoonmerenkulkijat.net\/wp-content\/uploads\/2021\/09\/Photo-11.9.2021-14.55.32-1024x439.jpg 1024w, https:\/\/espoonmerenkulkijat.net\/wp-content\/uploads\/2021\/09\/Photo-11.9.2021-14.55.32-300x129.jpg 300w, https:\/\/espoonmerenkulkijat.net\/wp-content\/uploads\/2021\/09\/Photo-11.9.2021-14.55.32-768x329.jpg 768w, https:\/\/espoonmerenkulkijat.net\/wp-content\/uploads\/2021\/09\/Photo-11.9.2021-14.55.32-1536x658.jpg 1536w, https:\/\/espoonmerenkulkijat.net\/wp-content\/uploads\/2021\/09\/Photo-11.9.2021-14.55.32.jpg 2016w\" sizes=\"auto, (max-width: 1024px) 100vw, 1024px\" \/><\/figure>\n\n\n\n<p><a href=\"https:\/\/espoonmerenkulkijat.net\/wp-content\/uploads\/2025\/09\/EM-mestaruus-tulokset-2025.pdf\">Tulokset, seuran mestaruus 2025<\/a><\/p>\n\n\n\n<h4 class=\"wp-block-heading\">Kiertopalkinnot<\/h4>\n\n\n\n<p>Seura jakaa kilpailumenestyksen perusteella vuosittain nelj\u00e4 kiertopalkintoa:<\/p>\n\n\n\n<ul class=\"wp-block-list\">\n<li>Seuran mestaruuspokaali<\/li>\n\n\n\n<li>Keskiviikkokilpailuiden paras EM:n edustaja pieness\u00e4 luokassa<\/li>\n\n\n\n<li>Keskiviikkokilpailuiden paras EM:n edustaja isossa luokassa<\/li>\n\n\n\n<li>Kaken Kiulu<\/li>\n<\/ul>\n\n\n\n<p>Lis\u00e4ksi voidaan jakaa Vuoden Matkapurjehtija -palkinto kauden aikana menestyneelle matkapurjehtijalle.<\/p>\n\n\n\n<p>Kaken Kiulu jaetaan purjehduskilpailuissa yleisesti hyvin p\u00e4rj\u00e4nneelle j\u00e4senelle. T\u00e4ll\u00e4 hetkell\u00e4 on voimassa seuraavat, seuran johtokunnan 18.11.2019 vahvistamat s\u00e4\u00e4nn\u00f6t:<\/p>\n\n\n\n<p><em>Vuodesta 1993 alkaen jaetulla kiertopalkinnolla palkitaan vuosittain kauden aikana kilpapurjehduksessa ansioitunut seuran j\u00e4sen. Palkinnon jakoperusteena on osallistuminen ja menestyminen Espoon Merenkulkijoiden edustajana kansallisissa tai kansainv\u00e4lisiss\u00e4 purjehduskilpailuissa.<\/em><\/p>\n\n\n\n<ul class=\"wp-block-list\">\n<li><em>Palkinnon saajan tulee olla EM:n j\u00e4sen, joka on kilpailussa edustanut Espoon Merenkulkijoita.<\/em>\n<ul class=\"wp-block-list\">\n<li><em>K\u00f6liveneiden osalta j\u00e4sen on joko veneen kippari tai omistaja ja tuloksissa venekunnan seuraksi tulee olla merkitty EM.<\/em><\/li>\n\n\n\n<li><em>Kevytveneiden osalta miehist\u00f6luettelossa kyseisen j\u00e4senen seuraksi tulee olla merkitty EM.<\/em><\/li>\n<\/ul>\n<\/li>\n\n\n\n<li><em>Kilpailuksi lasketaan purjehduskilpailu, jonka tulee olla:<\/em>\n<ul class=\"wp-block-list\">\n<li><em>Avoin kaikille kyseisen luokan veneille ja kilpailukutsu julkisesti esill\u00e4 esim. SPV:n kalenterissa tai Manage2Sail -j\u00e4rjestelm\u00e4ss\u00e4.<\/em><\/li>\n\n\n\n<li><em>Luonteeltaan oikea kilpailu, ei esim. seurojen harjoitusluonteinen iltakilpailu.<\/em><\/li>\n\n\n\n<li><em>Regatta-tyyppisist\u00e4 kilpailuista huomioidaan kokonaistulos, ei yksitt\u00e4isi\u00e4 l\u00e4ht\u00f6j\u00e4.<\/em><\/li>\n\n\n\n<li><em>Osallistujia kilpailussa ja kyseisess\u00e4 luokassa v\u00e4hint\u00e4\u00e4n 5.<\/em><\/li>\n<\/ul>\n<\/li>\n\n\n\n<li><em>Palkinnon saa se, jolla on kriteerit t\u00e4ytt\u00e4vist\u00e4 kilpailuista paras (yhden kilpailun) suhdeluku: osallistujien m\u00e4\u00e4r\u00e4\/sijoitus.<\/em><\/li>\n\n\n\n<li><em><strong>Varmistaakseen oman kilpailusuorituksen huomioimisen palkintoa jaettaessa, j\u00e4senen on oma-aloitteisesti ilmoitettava purjehdituista kilpailuista seuran purjehdusjaoston vet\u00e4j\u00e4lle viimeist\u00e4\u00e4n 15. lokakuuta menness\u00e4.<\/strong><\/em><\/li>\n\n\n\n<li><em>Johtokunta voi vuosittain tehd\u00e4 poikkeuksen yll\u00e4mainituista kriteereist\u00e4, jos kauden aikana seuran j\u00e4sen on tehnyt erityisen ansiokkaan kilpailusuorituksen, vaikka jokin tai jotkin varsinaisista jakoperusteista ei t\u00e4yty.<\/em><\/li>\n\n\n\n<li><em>Palkinto jaetaan perinteisesti seuran pikkujouluissa.<\/em><\/li>\n<\/ul>\n\n\n\n<p><strong>Vuoden matkapurjehtija<\/strong><\/p>\n\n\n\n<p>Seuran johtokunnasta koostuva raati arvio osallistujien itse ilmoittamat matkapurjehdukset ja tekee p\u00e4\u00e4t\u00f6ksen vuoden matkapurjehtijasta ja perinteisen kiertopalkinnon saajasta. Palkinto julkistetaan seuran pikkujouluissa.<\/p>\n\n\n\n<div class=\"wp-block-media-text is-stacked-on-mobile\"><figure class=\"wp-block-media-text__media\"><img loading=\"lazy\" decoding=\"async\" width=\"763\" height=\"1024\" src=\"https:\/\/espoonmerenkulkijat.net\/wp-content\/uploads\/2021\/10\/Screenshot-2021-10-18-at-10.42.43-763x1024.png\" alt=\"\" class=\"wp-image-1100 size-full\" srcset=\"https:\/\/espoonmerenkulkijat.net\/wp-content\/uploads\/2021\/10\/Screenshot-2021-10-18-at-10.42.43-763x1024.png 763w, https:\/\/espoonmerenkulkijat.net\/wp-content\/uploads\/2021\/10\/Screenshot-2021-10-18-at-10.42.43-224x300.png 224w, https:\/\/espoonmerenkulkijat.net\/wp-content\/uploads\/2021\/10\/Screenshot-2021-10-18-at-10.42.43-768x1031.png 768w, https:\/\/espoonmerenkulkijat.net\/wp-content\/uploads\/2021\/10\/Screenshot-2021-10-18-at-10.42.43.png 1082w\" sizes=\"auto, (max-width: 763px) 100vw, 763px\" \/><\/figure><div class=\"wp-block-media-text__content\">\n<p><\/p>\n<\/div><\/div>\n\n\n\n<p>Matkapurjehtija palkinnon historia<\/p>\n\n\n\n<p>Palkinnon on lahjoittanut Espoon Merenkulkijoille kiert\u00e4v\u00e4ksi palkinnoksi Lauri P\u00e4til\u00e4 vuonna 1983. Laurin mukaan kyseess\u00e4 ei ole oikeastaan palkinto, vaan huomionosoitus sille EM:n veneilij\u00e4lle joka on purjehduskauden aikana poikkeuksellisen runsaasti nauttinut merellisest\u00e4 elementist\u00e4.<\/p>\n\n\n\n<p>Lauri P\u00e4til\u00e4n m\u00e4\u00e4rittelem\u00e4t palkinnon my\u00f6nt\u00e4misperusteet:<br><em>Ajettu mailim\u00e4\u00e4r\u00e4 ei ole t\u00e4rke\u00e4.<br>V\u00e4line voi olla kanootti, soutu- tai moottorivene, optimistijolla tai avomeripursi. T\u00e4rke\u00e4\u00e4 on viihtyminen merell\u00e4.<\/em><\/p>\n\n\n\n<p>S\u00e4\u00e4nn\u00f6t<\/p>\n\n\n\n<ul class=\"wp-block-list\">\n<li>J\u00e4senist\u00f6 voi ehdottaa palkinnon saajaa<\/li>\n\n\n\n<li>Palkinto on tarkoitettu Espoon Merenkulkijoiden j\u00e4senille. Vuoden matkapurjehtijan veneen kotisatama tulee olla Nokkala.<\/li>\n\n\n\n<li>Johtokunnasta koostuva raati p\u00e4\u00e4tt\u00e4\u00e4 palkinnon saajan.<\/li>\n<\/ul>\n\n\n<p><!--EndFragment--><\/p>\n\n\n<p><\/p>\n","protected":false},"excerpt":{"rendered":"<p>Espoon Merenkulkijat j\u00e4rjest\u00e4\u00e4 vuosittain seuraavia kilpailuja k\u00f6liveneille: Seuran mestaruuskilpailut Seuran mestaruus ratkaistaan vuosittain mestaruuskilpailuissa syyskuussa. Tarkemmat tiedot julkaistaan elokuussa. Tulokset, seuran mestaruus 2025 Kiertopalkinnot Seura jakaa kilpailumenestyksen perusteella vuosittain nelj\u00e4 [&hellip;]<\/p>\n","protected":false},"author":1,"featured_media":0,"parent":0,"menu_order":0,"comment_status":"closed","ping_status":"closed","template":"","meta":{"site-sidebar-layout":"default","site-content-layout":"default","ast-site-content-layout":"default","site-content-style":"default","site-sidebar-style":"default","ast-global-header-display":"","ast-banner-title-visibility":"","ast-main-header-display":"","ast-hfb-above-header-display":"","ast-hfb-below-header-display":"","ast-hfb-mobile-header-display":"","site-post-title":"","ast-breadcrumbs-content":"","ast-featured-img":"","footer-sml-layout":"","ast-disable-related-posts":"","theme-transparent-header-meta":"default","adv-header-id-meta":"","stick-header-meta":"","header-above-stick-meta":"","header-main-stick-meta":"","header-below-stick-meta":"","astra-migrate-meta-layouts":"set","ast-page-background-enabled":"default","ast-page-background-meta":{"desktop":{"background-color":"","background-image":"","background-repeat":"repeat","background-position":"center center","background-size":"auto","background-attachment":"scroll","background-type":"","background-media":"","overlay-type":"","overlay-color":"","overlay-opacity":"","overlay-gradient":""},"tablet":{"background-color":"","background-image":"","background-repeat":"repeat","background-position":"center center","background-size":"auto","background-attachment":"scroll","background-type":"","background-media":"","overlay-type":"","overlay-color":"","overlay-opacity":"","overlay-gradient":""},"mobile":{"background-color":"","background-image":"","background-repeat":"repeat","background-position":"center center","background-size":"auto","background-attachment":"scroll","background-type":"","background-media":"","overlay-type":"","overlay-color":"","overlay-opacity":"","overlay-gradient":""}},"ast-content-background-meta":{"desktop":{"background-color":"var(--ast-global-color-5)","background-image":"","background-repeat":"repeat","background-position":"center center","background-size":"auto","background-attachment":"scroll","background-type":"","background-media":"","overlay-type":"","overlay-color":"","overlay-opacity":"","overlay-gradient":""},"tablet":{"background-color":"var(--ast-global-color-5)","background-image":"","background-repeat":"repeat","background-position":"center center","background-size":"auto","background-attachment":"scroll","background-type":"","background-media":"","overlay-type":"","overlay-color":"","overlay-opacity":"","overlay-gradient":""},"mobile":{"background-color":"var(--ast-global-color-5)","background-image":"","background-repeat":"repeat","background-position":"center center","background-size":"auto","background-attachment":"scroll","background-type":"","background-media":"","overlay-type":"","overlay-color":"","overlay-opacity":"","overlay-gradient":""}},"footnotes":""},"class_list":["post-5","page","type-page","status-publish","hentry"],"yoast_head":"<!-- This site is optimized with the Yoast SEO plugin v27.3 - https:\/\/yoast.com\/product\/yoast-seo-wordpress\/ -->\n<title>Kilpapurjehdus - Espoon Merenkulkijat ry<\/title>\n<meta name=\"description\" content=\"Espoon Merenkulkijat j\u00e4rjest\u00e4\u00e4 vuosittain kilpailuja k\u00f6liveneille: yhteisty\u00f6n\u00e4 Keskiviikkokisat ja seuran omia sis\u00e4isi\u00e4 kilpailuja.\" \/>\n<meta name=\"robots\" content=\"index, follow, max-snippet:-1, max-image-preview:large, max-video-preview:-1\" \/>\n<link rel=\"canonical\" href=\"https:\/\/espoonmerenkulkijat.net\/index.php\/kilpailutoiminta\/\" \/>\n<meta property=\"og:locale\" content=\"fi_FI\" \/>\n<meta property=\"og:type\" content=\"article\" \/>\n<meta property=\"og:title\" content=\"Kilpapurjehdus - Espoon Merenkulkijat ry\" \/>\n<meta property=\"og:description\" content=\"Espoon Merenkulkijat j\u00e4rjest\u00e4\u00e4 vuosittain kilpailuja k\u00f6liveneille: yhteisty\u00f6n\u00e4 Keskiviikkokisat ja seuran omia sis\u00e4isi\u00e4 kilpailuja.\" \/>\n<meta property=\"og:url\" content=\"https:\/\/espoonmerenkulkijat.net\/index.php\/kilpailutoiminta\/\" \/>\n<meta property=\"og:site_name\" content=\"Espoon Merenkulkijat ry\" \/>\n<meta property=\"article:modified_time\" content=\"2026-03-04T18:04:08+00:00\" \/>\n<meta property=\"og:image\" content=\"https:\/\/espoonmerenkulkijat.net\/wp-content\/uploads\/2021\/09\/Photo-11.9.2021-14.55.32.jpg\" \/>\n\t<meta property=\"og:image:width\" content=\"2016\" \/>\n\t<meta property=\"og:image:height\" content=\"864\" \/>\n\t<meta property=\"og:image:type\" content=\"image\/jpeg\" \/>\n<meta name=\"twitter:card\" content=\"summary_large_image\" \/>\n<meta name=\"twitter:label1\" content=\"Arvioitu lukuaika\" \/>\n\t<meta name=\"twitter:data1\" content=\"3 minuuttia\" \/>\n<script type=\"application\/ld+json\" class=\"yoast-schema-graph\">{\"@context\":\"https:\\\/\\\/schema.org\",\"@graph\":[{\"@type\":\"WebPage\",\"@id\":\"https:\\\/\\\/espoonmerenkulkijat.net\\\/index.php\\\/kilpailutoiminta\\\/\",\"url\":\"https:\\\/\\\/espoonmerenkulkijat.net\\\/index.php\\\/kilpailutoiminta\\\/\",\"name\":\"Kilpapurjehdus - Espoon Merenkulkijat ry\",\"isPartOf\":{\"@id\":\"https:\\\/\\\/espoonmerenkulkijat.net\\\/#website\"},\"primaryImageOfPage\":{\"@id\":\"https:\\\/\\\/espoonmerenkulkijat.net\\\/index.php\\\/kilpailutoiminta\\\/#primaryimage\"},\"image\":{\"@id\":\"https:\\\/\\\/espoonmerenkulkijat.net\\\/index.php\\\/kilpailutoiminta\\\/#primaryimage\"},\"thumbnailUrl\":\"https:\\\/\\\/espoonmerenkulkijat.net\\\/wp-content\\\/uploads\\\/2021\\\/09\\\/Photo-11.9.2021-14.55.32-1024x439.jpg\",\"datePublished\":\"2019-05-11T17:09:16+00:00\",\"dateModified\":\"2026-03-04T18:04:08+00:00\",\"description\":\"Espoon Merenkulkijat j\u00e4rjest\u00e4\u00e4 vuosittain kilpailuja k\u00f6liveneille: yhteisty\u00f6n\u00e4 Keskiviikkokisat ja seuran omia sis\u00e4isi\u00e4 kilpailuja.\",\"breadcrumb\":{\"@id\":\"https:\\\/\\\/espoonmerenkulkijat.net\\\/index.php\\\/kilpailutoiminta\\\/#breadcrumb\"},\"inLanguage\":\"fi\",\"potentialAction\":[{\"@type\":\"ReadAction\",\"target\":[\"https:\\\/\\\/espoonmerenkulkijat.net\\\/index.php\\\/kilpailutoiminta\\\/\"]}]},{\"@type\":\"ImageObject\",\"inLanguage\":\"fi\",\"@id\":\"https:\\\/\\\/espoonmerenkulkijat.net\\\/index.php\\\/kilpailutoiminta\\\/#primaryimage\",\"url\":\"https:\\\/\\\/espoonmerenkulkijat.net\\\/wp-content\\\/uploads\\\/2021\\\/09\\\/Photo-11.9.2021-14.55.32.jpg\",\"contentUrl\":\"https:\\\/\\\/espoonmerenkulkijat.net\\\/wp-content\\\/uploads\\\/2021\\\/09\\\/Photo-11.9.2021-14.55.32.jpg\",\"width\":2016,\"height\":864},{\"@type\":\"BreadcrumbList\",\"@id\":\"https:\\\/\\\/espoonmerenkulkijat.net\\\/index.php\\\/kilpailutoiminta\\\/#breadcrumb\",\"itemListElement\":[{\"@type\":\"ListItem\",\"position\":1,\"name\":\"Etusivu\",\"item\":\"https:\\\/\\\/espoonmerenkulkijat.net\\\/\"},{\"@type\":\"ListItem\",\"position\":2,\"name\":\"Kilpapurjehdus\"}]},{\"@type\":\"WebSite\",\"@id\":\"https:\\\/\\\/espoonmerenkulkijat.net\\\/#website\",\"url\":\"https:\\\/\\\/espoonmerenkulkijat.net\\\/\",\"name\":\"Espoon Merenkulkijat ry\",\"description\":\"\",\"publisher\":{\"@id\":\"https:\\\/\\\/espoonmerenkulkijat.net\\\/#organization\"},\"potentialAction\":[{\"@type\":\"SearchAction\",\"target\":{\"@type\":\"EntryPoint\",\"urlTemplate\":\"https:\\\/\\\/espoonmerenkulkijat.net\\\/?s={search_term_string}\"},\"query-input\":{\"@type\":\"PropertyValueSpecification\",\"valueRequired\":true,\"valueName\":\"search_term_string\"}}],\"inLanguage\":\"fi\"},{\"@type\":\"Organization\",\"@id\":\"https:\\\/\\\/espoonmerenkulkijat.net\\\/#organization\",\"name\":\"Espoon Merenkulkijat ry\",\"url\":\"https:\\\/\\\/espoonmerenkulkijat.net\\\/\",\"logo\":{\"@type\":\"ImageObject\",\"inLanguage\":\"fi\",\"@id\":\"https:\\\/\\\/espoonmerenkulkijat.net\\\/#\\\/schema\\\/logo\\\/image\\\/\",\"url\":\"https:\\\/\\\/espoonmerenkulkijat.net\\\/wp-content\\\/uploads\\\/2023\\\/01\\\/cropped-EM_50_juhlalogo_320x320.png\",\"contentUrl\":\"https:\\\/\\\/espoonmerenkulkijat.net\\\/wp-content\\\/uploads\\\/2023\\\/01\\\/cropped-EM_50_juhlalogo_320x320.png\",\"width\":320,\"height\":320,\"caption\":\"Espoon Merenkulkijat ry\"},\"image\":{\"@id\":\"https:\\\/\\\/espoonmerenkulkijat.net\\\/#\\\/schema\\\/logo\\\/image\\\/\"}}]}<\/script>\n<!-- \/ Yoast SEO plugin. -->","yoast_head_json":{"title":"Kilpapurjehdus - Espoon Merenkulkijat ry","description":"Espoon Merenkulkijat j\u00e4rjest\u00e4\u00e4 vuosittain kilpailuja k\u00f6liveneille: yhteisty\u00f6n\u00e4 Keskiviikkokisat ja seuran omia sis\u00e4isi\u00e4 kilpailuja.","robots":{"index":"index","follow":"follow","max-snippet":"max-snippet:-1","max-image-preview":"max-image-preview:large","max-video-preview":"max-video-preview:-1"},"canonical":"https:\/\/espoonmerenkulkijat.net\/index.php\/kilpailutoiminta\/","og_locale":"fi_FI","og_type":"article","og_title":"Kilpapurjehdus - Espoon Merenkulkijat ry","og_description":"Espoon Merenkulkijat j\u00e4rjest\u00e4\u00e4 vuosittain kilpailuja k\u00f6liveneille: yhteisty\u00f6n\u00e4 Keskiviikkokisat ja seuran omia sis\u00e4isi\u00e4 kilpailuja.","og_url":"https:\/\/espoonmerenkulkijat.net\/index.php\/kilpailutoiminta\/","og_site_name":"Espoon Merenkulkijat ry","article_modified_time":"2026-03-04T18:04:08+00:00","og_image":[{"width":2016,"height":864,"url":"https:\/\/espoonmerenkulkijat.net\/wp-content\/uploads\/2021\/09\/Photo-11.9.2021-14.55.32.jpg","type":"image\/jpeg"}],"twitter_card":"summary_large_image","twitter_misc":{"Arvioitu lukuaika":"3 minuuttia"},"schema":{"@context":"https:\/\/schema.org","@graph":[{"@type":"WebPage","@id":"https:\/\/espoonmerenkulkijat.net\/index.php\/kilpailutoiminta\/","url":"https:\/\/espoonmerenkulkijat.net\/index.php\/kilpailutoiminta\/","name":"Kilpapurjehdus - Espoon Merenkulkijat ry","isPartOf":{"@id":"https:\/\/espoonmerenkulkijat.net\/#website"},"primaryImageOfPage":{"@id":"https:\/\/espoonmerenkulkijat.net\/index.php\/kilpailutoiminta\/#primaryimage"},"image":{"@id":"https:\/\/espoonmerenkulkijat.net\/index.php\/kilpailutoiminta\/#primaryimage"},"thumbnailUrl":"https:\/\/espoonmerenkulkijat.net\/wp-content\/uploads\/2021\/09\/Photo-11.9.2021-14.55.32-1024x439.jpg","datePublished":"2019-05-11T17:09:16+00:00","dateModified":"2026-03-04T18:04:08+00:00","description":"Espoon Merenkulkijat j\u00e4rjest\u00e4\u00e4 vuosittain kilpailuja k\u00f6liveneille: yhteisty\u00f6n\u00e4 Keskiviikkokisat ja seuran omia sis\u00e4isi\u00e4 kilpailuja.","breadcrumb":{"@id":"https:\/\/espoonmerenkulkijat.net\/index.php\/kilpailutoiminta\/#breadcrumb"},"inLanguage":"fi","potentialAction":[{"@type":"ReadAction","target":["https:\/\/espoonmerenkulkijat.net\/index.php\/kilpailutoiminta\/"]}]},{"@type":"ImageObject","inLanguage":"fi","@id":"https:\/\/espoonmerenkulkijat.net\/index.php\/kilpailutoiminta\/#primaryimage","url":"https:\/\/espoonmerenkulkijat.net\/wp-content\/uploads\/2021\/09\/Photo-11.9.2021-14.55.32.jpg","contentUrl":"https:\/\/espoonmerenkulkijat.net\/wp-content\/uploads\/2021\/09\/Photo-11.9.2021-14.55.32.jpg","width":2016,"height":864},{"@type":"BreadcrumbList","@id":"https:\/\/espoonmerenkulkijat.net\/index.php\/kilpailutoiminta\/#breadcrumb","itemListElement":[{"@type":"ListItem","position":1,"name":"Etusivu","item":"https:\/\/espoonmerenkulkijat.net\/"},{"@type":"ListItem","position":2,"name":"Kilpapurjehdus"}]},{"@type":"WebSite","@id":"https:\/\/espoonmerenkulkijat.net\/#website","url":"https:\/\/espoonmerenkulkijat.net\/","name":"Espoon Merenkulkijat ry","description":"","publisher":{"@id":"https:\/\/espoonmerenkulkijat.net\/#organization"},"potentialAction":[{"@type":"SearchAction","target":{"@type":"EntryPoint","urlTemplate":"https:\/\/espoonmerenkulkijat.net\/?s={search_term_string}"},"query-input":{"@type":"PropertyValueSpecification","valueRequired":true,"valueName":"search_term_string"}}],"inLanguage":"fi"},{"@type":"Organization","@id":"https:\/\/espoonmerenkulkijat.net\/#organization","name":"Espoon Merenkulkijat ry","url":"https:\/\/espoonmerenkulkijat.net\/","logo":{"@type":"ImageObject","inLanguage":"fi","@id":"https:\/\/espoonmerenkulkijat.net\/#\/schema\/logo\/image\/","url":"https:\/\/espoonmerenkulkijat.net\/wp-content\/uploads\/2023\/01\/cropped-EM_50_juhlalogo_320x320.png","contentUrl":"https:\/\/espoonmerenkulkijat.net\/wp-content\/uploads\/2023\/01\/cropped-EM_50_juhlalogo_320x320.png","width":320,"height":320,"caption":"Espoon Merenkulkijat ry"},"image":{"@id":"https:\/\/espoonmerenkulkijat.net\/#\/schema\/logo\/image\/"}}]}},"_links":{"self":[{"href":"https:\/\/espoonmerenkulkijat.net\/index.php\/wp-json\/wp\/v2\/pages\/5","targetHints":{"allow":["GET"]}}],"collection":[{"href":"https:\/\/espoonmerenkulkijat.net\/index.php\/wp-json\/wp\/v2\/pages"}],"about":[{"href":"https:\/\/espoonmerenkulkijat.net\/index.php\/wp-json\/wp\/v2\/types\/page"}],"author":[{"embeddable":true,"href":"https:\/\/espoonmerenkulkijat.net\/index.php\/wp-json\/wp\/v2\/users\/1"}],"replies":[{"embeddable":true,"href":"https:\/\/espoonmerenkulkijat.net\/index.php\/wp-json\/wp\/v2\/comments?post=5"}],"version-history":[{"count":13,"href":"https:\/\/espoonmerenkulkijat.net\/index.php\/wp-json\/wp\/v2\/pages\/5\/revisions"}],"predecessor-version":[{"id":3428,"href":"https:\/\/espoonmerenkulkijat.net\/index.php\/wp-json\/wp\/v2\/pages\/5\/revisions\/3428"}],"wp:attachment":[{"href":"https:\/\/espoonmerenkulkijat.net\/index.php\/wp-json\/wp\/v2\/media?parent=5"}],"curies":[{"name":"wp","href":"https:\/\/api.w.org\/{rel}","templated":true}]}}