{"id":68,"date":"2019-10-23T15:53:20","date_gmt":"2019-10-23T15:53:20","guid":{"rendered":"http:\/\/temp.espoonmerenkulkijat.net\/?page_id=68"},"modified":"2025-05-05T21:15:58","modified_gmt":"2025-05-05T18:15:58","slug":"satama","status":"publish","type":"page","link":"https:\/\/espoonmerenkulkijat.net\/index.php\/satama\/","title":{"rendered":"Satama"},"content":{"rendered":"\n<p>Espoon Merenkulkijoiden satama sijaitsee <a rel=\"noreferrer noopener\" aria-label=\"Nokkalassa (avautuu uudessa v\u00e4lilehdess\u00e4)\" href=\"https:\/\/www.google.com\/maps\/place\/Espoon+Merenkulkijat+Ry\/@60.1482845,24.7513542,17z\/data=!3m1!4b1!4m5!3m4!1s0x468df53d9f077a27:0x6eb086d9b85978e6!8m2!3d60.1482818!4d24.7535429\" target=\"_blank\">Nokkalassa<\/a> Matinkyl\u00e4n uimarannan kupeessa. Siit\u00e4 on helppo l\u00e4hte\u00e4 sek\u00e4 l\u00e4nteen ett\u00e4 it\u00e4\u00e4n. Lis\u00e4ksi l\u00e4hialueella sijaitsee paljon hyvi\u00e4 retkikohteita, sek\u00e4 erilaisia arki-iltojen purjehduskilpailuja.<\/p>\n\n\n\n<p>Satamaan mahtuu 111 purje- ja moottorivenett\u00e4. Purjeveneiss\u00e4 enimm\u00e4issyv\u00e4ys on reilu kaksi metri\u00e4. Veneen paino voi olla korkeintaan Espoon kaupungin s\u00e4\u00e4nt\u00f6jen mukaan 15 000 kg.<\/p>\n\n\n\n<p>Satamassamme on venepaikanhaltijoiden k\u00e4yt\u00f6ss\u00e4 mastonosturi. Satamais\u00e4nt\u00e4 vastaa sataman juoksevista asioista kuten laituripaikkojen s\u00e4hk\u00f6ist\u00e4 ja vesist\u00e4 sek\u00e4 seuraa ett\u00e4 satamassa kaikki on kunnossa. Espoon kaupungin <a href=\"https:\/\/www.espoo.fi\/fi\/liikunta-ja-luonto\/veneily\/venesatamien-ehdot-saannot-ja-ohjeet\">satamas\u00e4\u00e4nn\u00f6t<\/a> koskevat satamaamme. Seuralla ei ole satamassa vieraspaikkoja.<\/p>\n\n\n\n<figure class=\"wp-block-image\"><img loading=\"lazy\" decoding=\"async\" width=\"1024\" height=\"578\" src=\"http:\/\/temp.espoonmerenkulkijat.net\/wp-content\/uploads\/2020\/01\/ilmakuva1-1024x578.jpg\" alt=\"\" class=\"wp-image-296\" srcset=\"https:\/\/espoonmerenkulkijat.net\/wp-content\/uploads\/2020\/01\/ilmakuva1-1024x578.jpg 1024w, https:\/\/espoonmerenkulkijat.net\/wp-content\/uploads\/2020\/01\/ilmakuva1-300x169.jpg 300w, https:\/\/espoonmerenkulkijat.net\/wp-content\/uploads\/2020\/01\/ilmakuva1-768x433.jpg 768w, https:\/\/espoonmerenkulkijat.net\/wp-content\/uploads\/2020\/01\/ilmakuva1.jpg 2048w\" sizes=\"auto, (max-width: 1024px) 100vw, 1024px\" \/><figcaption class=\"wp-element-caption\">Kuva: Esko Hassinen<\/figcaption><\/figure>\n\n\n\n<figure class=\"wp-block-image is-resized\"><img loading=\"lazy\" decoding=\"async\" width=\"1024\" height=\"909\" src=\"http:\/\/temp.espoonmerenkulkijat.net\/wp-content\/uploads\/2020\/01\/Screenshot-2020-01-22-at-19.35.28-PM-1024x909.png\" alt=\"\" class=\"wp-image-264\" style=\"width:1047px;height:auto\" srcset=\"https:\/\/espoonmerenkulkijat.net\/wp-content\/uploads\/2020\/01\/Screenshot-2020-01-22-at-19.35.28-PM-1024x909.png 1024w, https:\/\/espoonmerenkulkijat.net\/wp-content\/uploads\/2020\/01\/Screenshot-2020-01-22-at-19.35.28-PM-300x266.png 300w, https:\/\/espoonmerenkulkijat.net\/wp-content\/uploads\/2020\/01\/Screenshot-2020-01-22-at-19.35.28-PM-768x682.png 768w, https:\/\/espoonmerenkulkijat.net\/wp-content\/uploads\/2020\/01\/Screenshot-2020-01-22-at-19.35.28-PM.png 1998w\" sizes=\"auto, (max-width: 1024px) 100vw, 1024px\" \/><\/figure>\n\n\n\n<p><\/p>\n","protected":false},"excerpt":{"rendered":"<p>Espoon Merenkulkijoiden satama sijaitsee Nokkalassa Matinkyl\u00e4n uimarannan kupeessa. Siit\u00e4 on helppo l\u00e4hte\u00e4 sek\u00e4 l\u00e4nteen ett\u00e4 it\u00e4\u00e4n. Lis\u00e4ksi l\u00e4hialueella sijaitsee paljon hyvi\u00e4 retkikohteita, sek\u00e4 erilaisia arki-iltojen purjehduskilpailuja. Satamaan mahtuu 111 purje- [&hellip;]<\/p>\n","protected":false},"author":2,"featured_media":0,"parent":0,"menu_order":0,"comment_status":"closed","ping_status":"closed","template":"","meta":{"site-sidebar-layout":"default","site-content-layout":"default","ast-site-content-layout":"default","site-content-style":"default","site-sidebar-style":"default","ast-global-header-display":"","ast-banner-title-visibility":"","ast-main-header-display":"","ast-hfb-above-header-display":"","ast-hfb-below-header-display":"","ast-hfb-mobile-header-display":"","site-post-title":"","ast-breadcrumbs-content":"","ast-featured-img":"","footer-sml-layout":"","ast-disable-related-posts":"","theme-transparent-header-meta":"default","adv-header-id-meta":"","stick-header-meta":"","header-above-stick-meta":"","header-main-stick-meta":"","header-below-stick-meta":"","astra-migrate-meta-layouts":"set","ast-page-background-enabled":"default","ast-page-background-meta":{"desktop":{"background-color":"","background-image":"","background-repeat":"repeat","background-position":"center center","background-size":"auto","background-attachment":"scroll","background-type":"","background-media":"","overlay-type":"","overlay-color":"","overlay-opacity":"","overlay-gradient":""},"tablet":{"background-color":"","background-image":"","background-repeat":"repeat","background-position":"center center","background-size":"auto","background-attachment":"scroll","background-type":"","background-media":"","overlay-type":"","overlay-color":"","overlay-opacity":"","overlay-gradient":""},"mobile":{"background-color":"","background-image":"","background-repeat":"repeat","background-position":"center center","background-size":"auto","background-attachment":"scroll","background-type":"","background-media":"","overlay-type":"","overlay-color":"","overlay-opacity":"","overlay-gradient":""}},"ast-content-background-meta":{"desktop":{"background-color":"var(--ast-global-color-5)","background-image":"","background-repeat":"repeat","background-position":"center center","background-size":"auto","background-attachment":"scroll","background-type":"","background-media":"","overlay-type":"","overlay-color":"","overlay-opacity":"","overlay-gradient":""},"tablet":{"background-color":"var(--ast-global-color-5)","background-image":"","background-repeat":"repeat","background-position":"center center","background-size":"auto","background-attachment":"scroll","background-type":"","background-media":"","overlay-type":"","overlay-color":"","overlay-opacity":"","overlay-gradient":""},"mobile":{"background-color":"var(--ast-global-color-5)","background-image":"","background-repeat":"repeat","background-position":"center center","background-size":"auto","background-attachment":"scroll","background-type":"","background-media":"","overlay-type":"","overlay-color":"","overlay-opacity":"","overlay-gradient":""}},"footnotes":""},"class_list":["post-68","page","type-page","status-publish","hentry"],"yoast_head":"<!-- This site is optimized with the Yoast SEO plugin v27.3 - https:\/\/yoast.com\/product\/yoast-seo-wordpress\/ -->\n<title>Satama - Espoon Merenkulkijat ry<\/title>\n<meta name=\"robots\" content=\"index, follow, max-snippet:-1, max-image-preview:large, max-video-preview:-1\" \/>\n<link rel=\"canonical\" href=\"https:\/\/espoonmerenkulkijat.net\/index.php\/satama\/\" \/>\n<meta property=\"og:locale\" content=\"fi_FI\" \/>\n<meta property=\"og:type\" content=\"article\" \/>\n<meta property=\"og:title\" content=\"Satama - Espoon Merenkulkijat ry\" \/>\n<meta property=\"og:description\" content=\"Espoon Merenkulkijoiden satama sijaitsee Nokkalassa Matinkyl\u00e4n uimarannan kupeessa. Siit\u00e4 on helppo l\u00e4hte\u00e4 sek\u00e4 l\u00e4nteen ett\u00e4 it\u00e4\u00e4n. Lis\u00e4ksi l\u00e4hialueella sijaitsee paljon hyvi\u00e4 retkikohteita, sek\u00e4 erilaisia arki-iltojen purjehduskilpailuja. Satamaan mahtuu 111 purje- [&hellip;]\" \/>\n<meta property=\"og:url\" content=\"https:\/\/espoonmerenkulkijat.net\/index.php\/satama\/\" \/>\n<meta property=\"og:site_name\" content=\"Espoon Merenkulkijat ry\" \/>\n<meta property=\"article:modified_time\" content=\"2025-05-05T18:15:58+00:00\" \/>\n<meta property=\"og:image\" content=\"https:\/\/espoonmerenkulkijat.net\/wp-content\/uploads\/2020\/01\/ilmakuva1.jpg\" \/>\n\t<meta property=\"og:image:width\" content=\"2048\" \/>\n\t<meta property=\"og:image:height\" content=\"1155\" \/>\n\t<meta property=\"og:image:type\" content=\"image\/jpeg\" \/>\n<meta name=\"twitter:card\" content=\"summary_large_image\" \/>\n<meta name=\"twitter:label1\" content=\"Arvioitu lukuaika\" \/>\n\t<meta name=\"twitter:data1\" content=\"1 minuutti\" \/>\n<script type=\"application\/ld+json\" class=\"yoast-schema-graph\">{\"@context\":\"https:\\\/\\\/schema.org\",\"@graph\":[{\"@type\":\"WebPage\",\"@id\":\"https:\\\/\\\/espoonmerenkulkijat.net\\\/index.php\\\/satama\\\/\",\"url\":\"https:\\\/\\\/espoonmerenkulkijat.net\\\/index.php\\\/satama\\\/\",\"name\":\"Satama - Espoon Merenkulkijat ry\",\"isPartOf\":{\"@id\":\"https:\\\/\\\/espoonmerenkulkijat.net\\\/#website\"},\"primaryImageOfPage\":{\"@id\":\"https:\\\/\\\/espoonmerenkulkijat.net\\\/index.php\\\/satama\\\/#primaryimage\"},\"image\":{\"@id\":\"https:\\\/\\\/espoonmerenkulkijat.net\\\/index.php\\\/satama\\\/#primaryimage\"},\"thumbnailUrl\":\"http:\\\/\\\/temp.espoonmerenkulkijat.net\\\/wp-content\\\/uploads\\\/2020\\\/01\\\/ilmakuva1-1024x578.jpg\",\"datePublished\":\"2019-10-23T15:53:20+00:00\",\"dateModified\":\"2025-05-05T18:15:58+00:00\",\"breadcrumb\":{\"@id\":\"https:\\\/\\\/espoonmerenkulkijat.net\\\/index.php\\\/satama\\\/#breadcrumb\"},\"inLanguage\":\"fi\",\"potentialAction\":[{\"@type\":\"ReadAction\",\"target\":[\"https:\\\/\\\/espoonmerenkulkijat.net\\\/index.php\\\/satama\\\/\"]}]},{\"@type\":\"ImageObject\",\"inLanguage\":\"fi\",\"@id\":\"https:\\\/\\\/espoonmerenkulkijat.net\\\/index.php\\\/satama\\\/#primaryimage\",\"url\":\"http:\\\/\\\/temp.espoonmerenkulkijat.net\\\/wp-content\\\/uploads\\\/2020\\\/01\\\/ilmakuva1-1024x578.jpg\",\"contentUrl\":\"http:\\\/\\\/temp.espoonmerenkulkijat.net\\\/wp-content\\\/uploads\\\/2020\\\/01\\\/ilmakuva1-1024x578.jpg\"},{\"@type\":\"BreadcrumbList\",\"@id\":\"https:\\\/\\\/espoonmerenkulkijat.net\\\/index.php\\\/satama\\\/#breadcrumb\",\"itemListElement\":[{\"@type\":\"ListItem\",\"position\":1,\"name\":\"Etusivu\",\"item\":\"https:\\\/\\\/espoonmerenkulkijat.net\\\/\"},{\"@type\":\"ListItem\",\"position\":2,\"name\":\"Satama\"}]},{\"@type\":\"WebSite\",\"@id\":\"https:\\\/\\\/espoonmerenkulkijat.net\\\/#website\",\"url\":\"https:\\\/\\\/espoonmerenkulkijat.net\\\/\",\"name\":\"Espoon Merenkulkijat ry\",\"description\":\"\",\"publisher\":{\"@id\":\"https:\\\/\\\/espoonmerenkulkijat.net\\\/#organization\"},\"potentialAction\":[{\"@type\":\"SearchAction\",\"target\":{\"@type\":\"EntryPoint\",\"urlTemplate\":\"https:\\\/\\\/espoonmerenkulkijat.net\\\/?s={search_term_string}\"},\"query-input\":{\"@type\":\"PropertyValueSpecification\",\"valueRequired\":true,\"valueName\":\"search_term_string\"}}],\"inLanguage\":\"fi\"},{\"@type\":\"Organization\",\"@id\":\"https:\\\/\\\/espoonmerenkulkijat.net\\\/#organization\",\"name\":\"Espoon Merenkulkijat ry\",\"url\":\"https:\\\/\\\/espoonmerenkulkijat.net\\\/\",\"logo\":{\"@type\":\"ImageObject\",\"inLanguage\":\"fi\",\"@id\":\"https:\\\/\\\/espoonmerenkulkijat.net\\\/#\\\/schema\\\/logo\\\/image\\\/\",\"url\":\"https:\\\/\\\/espoonmerenkulkijat.net\\\/wp-content\\\/uploads\\\/2023\\\/01\\\/cropped-EM_50_juhlalogo_320x320.png\",\"contentUrl\":\"https:\\\/\\\/espoonmerenkulkijat.net\\\/wp-content\\\/uploads\\\/2023\\\/01\\\/cropped-EM_50_juhlalogo_320x320.png\",\"width\":320,\"height\":320,\"caption\":\"Espoon Merenkulkijat ry\"},\"image\":{\"@id\":\"https:\\\/\\\/espoonmerenkulkijat.net\\\/#\\\/schema\\\/logo\\\/image\\\/\"}}]}<\/script>\n<!-- \/ Yoast SEO plugin. -->","yoast_head_json":{"title":"Satama - Espoon Merenkulkijat ry","robots":{"index":"index","follow":"follow","max-snippet":"max-snippet:-1","max-image-preview":"max-image-preview:large","max-video-preview":"max-video-preview:-1"},"canonical":"https:\/\/espoonmerenkulkijat.net\/index.php\/satama\/","og_locale":"fi_FI","og_type":"article","og_title":"Satama - Espoon Merenkulkijat ry","og_description":"Espoon Merenkulkijoiden satama sijaitsee Nokkalassa Matinkyl\u00e4n uimarannan kupeessa. Siit\u00e4 on helppo l\u00e4hte\u00e4 sek\u00e4 l\u00e4nteen ett\u00e4 it\u00e4\u00e4n. Lis\u00e4ksi l\u00e4hialueella sijaitsee paljon hyvi\u00e4 retkikohteita, sek\u00e4 erilaisia arki-iltojen purjehduskilpailuja. Satamaan mahtuu 111 purje- [&hellip;]","og_url":"https:\/\/espoonmerenkulkijat.net\/index.php\/satama\/","og_site_name":"Espoon Merenkulkijat ry","article_modified_time":"2025-05-05T18:15:58+00:00","og_image":[{"width":2048,"height":1155,"url":"https:\/\/espoonmerenkulkijat.net\/wp-content\/uploads\/2020\/01\/ilmakuva1.jpg","type":"image\/jpeg"}],"twitter_card":"summary_large_image","twitter_misc":{"Arvioitu lukuaika":"1 minuutti"},"schema":{"@context":"https:\/\/schema.org","@graph":[{"@type":"WebPage","@id":"https:\/\/espoonmerenkulkijat.net\/index.php\/satama\/","url":"https:\/\/espoonmerenkulkijat.net\/index.php\/satama\/","name":"Satama - Espoon Merenkulkijat ry","isPartOf":{"@id":"https:\/\/espoonmerenkulkijat.net\/#website"},"primaryImageOfPage":{"@id":"https:\/\/espoonmerenkulkijat.net\/index.php\/satama\/#primaryimage"},"image":{"@id":"https:\/\/espoonmerenkulkijat.net\/index.php\/satama\/#primaryimage"},"thumbnailUrl":"http:\/\/temp.espoonmerenkulkijat.net\/wp-content\/uploads\/2020\/01\/ilmakuva1-1024x578.jpg","datePublished":"2019-10-23T15:53:20+00:00","dateModified":"2025-05-05T18:15:58+00:00","breadcrumb":{"@id":"https:\/\/espoonmerenkulkijat.net\/index.php\/satama\/#breadcrumb"},"inLanguage":"fi","potentialAction":[{"@type":"ReadAction","target":["https:\/\/espoonmerenkulkijat.net\/index.php\/satama\/"]}]},{"@type":"ImageObject","inLanguage":"fi","@id":"https:\/\/espoonmerenkulkijat.net\/index.php\/satama\/#primaryimage","url":"http:\/\/temp.espoonmerenkulkijat.net\/wp-content\/uploads\/2020\/01\/ilmakuva1-1024x578.jpg","contentUrl":"http:\/\/temp.espoonmerenkulkijat.net\/wp-content\/uploads\/2020\/01\/ilmakuva1-1024x578.jpg"},{"@type":"BreadcrumbList","@id":"https:\/\/espoonmerenkulkijat.net\/index.php\/satama\/#breadcrumb","itemListElement":[{"@type":"ListItem","position":1,"name":"Etusivu","item":"https:\/\/espoonmerenkulkijat.net\/"},{"@type":"ListItem","position":2,"name":"Satama"}]},{"@type":"WebSite","@id":"https:\/\/espoonmerenkulkijat.net\/#website","url":"https:\/\/espoonmerenkulkijat.net\/","name":"Espoon Merenkulkijat ry","description":"","publisher":{"@id":"https:\/\/espoonmerenkulkijat.net\/#organization"},"potentialAction":[{"@type":"SearchAction","target":{"@type":"EntryPoint","urlTemplate":"https:\/\/espoonmerenkulkijat.net\/?s={search_term_string}"},"query-input":{"@type":"PropertyValueSpecification","valueRequired":true,"valueName":"search_term_string"}}],"inLanguage":"fi"},{"@type":"Organization","@id":"https:\/\/espoonmerenkulkijat.net\/#organization","name":"Espoon Merenkulkijat ry","url":"https:\/\/espoonmerenkulkijat.net\/","logo":{"@type":"ImageObject","inLanguage":"fi","@id":"https:\/\/espoonmerenkulkijat.net\/#\/schema\/logo\/image\/","url":"https:\/\/espoonmerenkulkijat.net\/wp-content\/uploads\/2023\/01\/cropped-EM_50_juhlalogo_320x320.png","contentUrl":"https:\/\/espoonmerenkulkijat.net\/wp-content\/uploads\/2023\/01\/cropped-EM_50_juhlalogo_320x320.png","width":320,"height":320,"caption":"Espoon Merenkulkijat ry"},"image":{"@id":"https:\/\/espoonmerenkulkijat.net\/#\/schema\/logo\/image\/"}}]}},"_links":{"self":[{"href":"https:\/\/espoonmerenkulkijat.net\/index.php\/wp-json\/wp\/v2\/pages\/68","targetHints":{"allow":["GET"]}}],"collection":[{"href":"https:\/\/espoonmerenkulkijat.net\/index.php\/wp-json\/wp\/v2\/pages"}],"about":[{"href":"https:\/\/espoonmerenkulkijat.net\/index.php\/wp-json\/wp\/v2\/types\/page"}],"author":[{"embeddable":true,"href":"https:\/\/espoonmerenkulkijat.net\/index.php\/wp-json\/wp\/v2\/users\/2"}],"replies":[{"embeddable":true,"href":"https:\/\/espoonmerenkulkijat.net\/index.php\/wp-json\/wp\/v2\/comments?post=68"}],"version-history":[{"count":21,"href":"https:\/\/espoonmerenkulkijat.net\/index.php\/wp-json\/wp\/v2\/pages\/68\/revisions"}],"predecessor-version":[{"id":3138,"href":"https:\/\/espoonmerenkulkijat.net\/index.php\/wp-json\/wp\/v2\/pages\/68\/revisions\/3138"}],"wp:attachment":[{"href":"https:\/\/espoonmerenkulkijat.net\/index.php\/wp-json\/wp\/v2\/media?parent=68"}],"curies":[{"name":"wp","href":"https:\/\/api.w.org\/{rel}","templated":true}]}}