{"id":94,"date":"2019-10-24T15:25:45","date_gmt":"2019-10-24T15:25:45","guid":{"rendered":"http:\/\/temp.espoonmerenkulkijat.net\/?page_id=94"},"modified":"2026-04-03T17:41:59","modified_gmt":"2026-04-03T14:41:59","slug":"tiedotteet-arkisto","status":"publish","type":"page","link":"https:\/\/espoonmerenkulkijat.net\/index.php\/tiedotteet-arkisto\/","title":{"rendered":"Tiedotteet"},"content":{"rendered":"\n<p>T\u00e4\u00e4lt\u00e4 l\u00f6ytyv\u00e4t viimeisimm\u00e4t Espoon Merenkulkijoiden tiedotteet. Siniset tekstit ovat aina avattavia linkkej\u00e4.<\/p>\n\n\n\n<h3 class=\"wp-block-heading\">Tiedotteet 2026<\/h3>\n\n\n\n<p><a href=\"https:\/\/espoonmerenkulkijat.net\/wp-content\/uploads\/2026\/04\/Kevattiedote-2026.pdf\">Kev\u00e4ttiedote-2026<\/a><\/p>\n\n\n\n<p><\/p>\n\n\n\n<h3 class=\"wp-block-heading\">Tiedotteet 2025<\/h3>\n\n\n\n<p><a href=\"https:\/\/espoonmerenkulkijat.net\/wp-content\/uploads\/2025\/04\/Kevattiedote-2025.pdf\">Kev\u00e4ttiedote<\/a>-2025<\/p>\n\n\n\n<p><a href=\"https:\/\/espoonmerenkulkijat.net\/wp-content\/uploads\/2025\/09\/Syystiedote-2025.docx.pdf\">Syystiedote-2025<\/a><\/p>\n\n\n\n<h3 class=\"wp-block-heading\">Tiedotteet 2024<\/h3>\n\n\n\n<p><a href=\"https:\/\/espoonmerenkulkijat.net\/wp-content\/uploads\/2024\/09\/Syystiedote-2024.pdf\" target=\"_blank\" rel=\"noreferrer noopener\">Syystiedote-2024<\/a><\/p>\n\n\n\n<p><a href=\"https:\/\/espoonmerenkulkijat.net\/wp-content\/uploads\/2024\/04\/Kevattiedote-2024.pdf\" target=\"_blank\" rel=\"noreferrer noopener\">Kev\u00e4ttiedote-2024<\/a><\/p>\n\n\n\n<h3 class=\"wp-block-heading\">Tiedotteet 2023<\/h3>\n\n\n\n<p><a href=\"https:\/\/espoonmerenkulkijat.net\/wp-content\/uploads\/2023\/09\/Syystiedote-2023.pdf\">Syystiedote-2023<\/a><\/p>\n\n\n\n<p><a href=\"https:\/\/espoonmerenkulkijat.net\/wp-content\/uploads\/2023\/04\/Kevattiedote-2023.pdf\">Kev\u00e4ttiedote-2023<\/a><\/p>\n\n\n\n<p><\/p>\n\n\n\n<h3 class=\"wp-block-heading\">Tiedotteet 2022<\/h3>\n\n\n\n<p><a href=\"https:\/\/espoonmerenkulkijat.net\/wp-content\/uploads\/2022\/09\/Espoon-Merenkulkijat-syystiedote-2022.pdf\" target=\"_blank\" rel=\"noreferrer noopener\">Syystiedote-2022<\/a><\/p>\n\n\n\n<div class=\"wp-block-file\"><a id=\"wp-block-file--media-98babadc-927a-4359-b707-4f68c8144e76\" href=\"https:\/\/espoonmerenkulkijat.net\/wp-content\/uploads\/2022\/04\/Kevattiedote-2022-yhdistetty-1.pdf\">Kev\u00e4ttiedote-2022<\/a><a href=\"https:\/\/espoonmerenkulkijat.net\/wp-content\/uploads\/2022\/04\/Kevattiedote-2022-yhdistetty-1.pdf\" class=\"wp-block-file__button wp-element-button\" download aria-describedby=\"wp-block-file--media-98babadc-927a-4359-b707-4f68c8144e76\">Lataa<\/a><\/div>\n\n\n\n<h3 class=\"wp-block-heading\">Tiedotteet 2021<\/h3>\n\n\n\n<div class=\"wp-block-file\"><a id=\"wp-block-file--media-2bb1ae7e-c05d-4645-b97b-8e01fa2eace6\" href=\"https:\/\/espoonmerenkulkijat.net\/wp-content\/uploads\/2021\/09\/Tiedote-3-2021-1.pdf\">Tiedote-3-2021<\/a><a href=\"https:\/\/espoonmerenkulkijat.net\/wp-content\/uploads\/2021\/09\/Tiedote-3-2021-1.pdf\" class=\"wp-block-file__button wp-element-button\" download aria-describedby=\"wp-block-file--media-2bb1ae7e-c05d-4645-b97b-8e01fa2eace6\">Lataa<\/a><\/div>\n\n\n\n<div class=\"wp-block-file\"><a id=\"wp-block-file--media-684447c0-5a15-4ff8-a7bd-73e9c7e8c73a\" href=\"https:\/\/espoonmerenkulkijat.net\/wp-content\/uploads\/2021\/04\/Tiedote_2-2021_nettiversio-1.pdf\">Tiedote 2\/2021<\/a><a href=\"https:\/\/espoonmerenkulkijat.net\/wp-content\/uploads\/2021\/04\/Tiedote_2-2021_nettiversio-1.pdf\" class=\"wp-block-file__button wp-element-button\" download aria-describedby=\"wp-block-file--media-684447c0-5a15-4ff8-a7bd-73e9c7e8c73a\">Lataa<\/a><\/div>\n\n\n\n<div class=\"wp-block-file\"><a id=\"wp-block-file--media-b559dbd8-1b8f-44fd-9595-cd098f2a86d3\" href=\"https:\/\/espoonmerenkulkijat.net\/wp-content\/uploads\/2021\/01\/Tiedote-1-2021.pdf\">Tiedote 1\/2021<\/a><a href=\"https:\/\/espoonmerenkulkijat.net\/wp-content\/uploads\/2021\/01\/Tiedote-1-2021.pdf\" class=\"wp-block-file__button wp-element-button\" download aria-describedby=\"wp-block-file--media-b559dbd8-1b8f-44fd-9595-cd098f2a86d3\">Lataa<\/a><\/div>\n\n\n\n<h3 class=\"wp-block-heading\">Tiedotteet 2020<\/h3>\n\n\n\n<div class=\"wp-block-file\"><a id=\"wp-block-file--media-4dbadf10-0dd7-4900-b985-45e3fbf99e8d\" href=\"https:\/\/espoonmerenkulkijat.net\/wp-content\/uploads\/2020\/09\/Tiedote_3-2020.pdf\">Tiedote 3\/2020<\/a><a href=\"https:\/\/espoonmerenkulkijat.net\/wp-content\/uploads\/2020\/09\/Tiedote_3-2020.pdf\" class=\"wp-block-file__button wp-element-button\" download aria-describedby=\"wp-block-file--media-4dbadf10-0dd7-4900-b985-45e3fbf99e8d\">Lataa<\/a><\/div>\n\n\n\n<div class=\"wp-block-file\"><a id=\"wp-block-file--media-4518b54b-29d1-4296-9a09-458d2a04e820\" href=\"https:\/\/espoonmerenkulkijat.net\/wp-content\/uploads\/2020\/04\/Tiedote_2-2020-V1.0_nettiversio.pdf\">Tiedote 2\/2020<\/a><a href=\"https:\/\/espoonmerenkulkijat.net\/wp-content\/uploads\/2020\/04\/Tiedote_2-2020-V1.0_nettiversio.pdf\" class=\"wp-block-file__button wp-element-button\" download aria-describedby=\"wp-block-file--media-4518b54b-29d1-4296-9a09-458d2a04e820\">Lataa<\/a><\/div>\n\n\n\n<div class=\"wp-block-file\"><a id=\"wp-block-file--media-f67f782e-fcbb-46e9-8379-d713386e19a5\" href=\"http:\/\/temp.espoonmerenkulkijat.net\/wp-content\/uploads\/2020\/01\/EM-Tiedote-vuosikokous-2020-2.pdf\">Tiedote 1\/2020<\/a><a href=\"http:\/\/temp.espoonmerenkulkijat.net\/wp-content\/uploads\/2020\/01\/EM-Tiedote-vuosikokous-2020-2.pdf\" class=\"wp-block-file__button wp-element-button\" download aria-describedby=\"wp-block-file--media-f67f782e-fcbb-46e9-8379-d713386e19a5\">Lataa<\/a><\/div>\n\n\n\n<p><\/p>\n\n\n\n<h3 class=\"wp-block-heading\">Tiedotteet 2019<\/h3>\n\n\n\n<div class=\"wp-block-file\"><a id=\"wp-block-file--media-75c818bf-f31a-4980-9354-6a2e13f5a935\" href=\"http:\/\/temp.espoonmerenkulkijat.net\/wp-content\/uploads\/2020\/01\/Tiedote_4-2019.pdf\">Tiedote 4\/2019<\/a><a href=\"http:\/\/temp.espoonmerenkulkijat.net\/wp-content\/uploads\/2020\/01\/Tiedote_4-2019.pdf\" class=\"wp-block-file__button wp-element-button\" download aria-describedby=\"wp-block-file--media-75c818bf-f31a-4980-9354-6a2e13f5a935\">Lataa<\/a><\/div>\n\n\n\n<div class=\"wp-block-file\"><a id=\"wp-block-file--media-ce4d7876-89f4-48b8-94d1-1d680340d9bf\" href=\"http:\/\/temp.espoonmerenkulkijat.net\/wp-content\/uploads\/2020\/01\/Tiedote_3_2019.pdf\">Tiedote 3\/2019<\/a><a href=\"http:\/\/temp.espoonmerenkulkijat.net\/wp-content\/uploads\/2020\/01\/Tiedote_3_2019.pdf\" class=\"wp-block-file__button wp-element-button\" download aria-describedby=\"wp-block-file--media-ce4d7876-89f4-48b8-94d1-1d680340d9bf\">Lataa<\/a><\/div>\n\n\n\n<div class=\"wp-block-file\"><a id=\"wp-block-file--media-adbbce19-b6f6-4ded-a17f-1d3794d3e16f\" href=\"http:\/\/temp.espoonmerenkulkijat.net\/wp-content\/uploads\/2020\/01\/Tiedote-2_2019.pdf\">Tiedote 2\/2019<\/a><a href=\"http:\/\/temp.espoonmerenkulkijat.net\/wp-content\/uploads\/2020\/01\/Tiedote-2_2019.pdf\" class=\"wp-block-file__button wp-element-button\" download aria-describedby=\"wp-block-file--media-adbbce19-b6f6-4ded-a17f-1d3794d3e16f\">Lataa<\/a><\/div>\n\n\n\n<div class=\"wp-block-file\"><a id=\"wp-block-file--media-413c5fd8-ec11-4a4c-ab35-50c80c981cae\" href=\"http:\/\/temp.espoonmerenkulkijat.net\/wp-content\/uploads\/2020\/01\/1-2019.pdf\">Tiedote 1\/2019<\/a><a href=\"http:\/\/temp.espoonmerenkulkijat.net\/wp-content\/uploads\/2020\/01\/1-2019.pdf\" class=\"wp-block-file__button wp-element-button\" download aria-describedby=\"wp-block-file--media-413c5fd8-ec11-4a4c-ab35-50c80c981cae\">Lataa<\/a><\/div>\n\n\n\n<p><\/p>\n","protected":false},"excerpt":{"rendered":"<p>T\u00e4\u00e4lt\u00e4 l\u00f6ytyv\u00e4t viimeisimm\u00e4t Espoon Merenkulkijoiden tiedotteet. Siniset tekstit ovat aina avattavia linkkej\u00e4. Tiedotteet 2026 Kev\u00e4ttiedote-2026 Tiedotteet 2025 Kev\u00e4ttiedote-2025 Syystiedote-2025 Tiedotteet 2024 Syystiedote-2024 Kev\u00e4ttiedote-2024 Tiedotteet 2023 Syystiedote-2023 Kev\u00e4ttiedote-2023 Tiedotteet 2022 Syystiedote-2022 [&hellip;]<\/p>\n","protected":false},"author":2,"featured_media":0,"parent":0,"menu_order":0,"comment_status":"closed","ping_status":"closed","template":"","meta":{"site-sidebar-layout":"default","site-content-layout":"default","ast-site-content-layout":"default","site-content-style":"default","site-sidebar-style":"default","ast-global-header-display":"","ast-banner-title-visibility":"","ast-main-header-display":"","ast-hfb-above-header-display":"","ast-hfb-below-header-display":"","ast-hfb-mobile-header-display":"","site-post-title":"","ast-breadcrumbs-content":"","ast-featured-img":"","footer-sml-layout":"","ast-disable-related-posts":"","theme-transparent-header-meta":"default","adv-header-id-meta":"","stick-header-meta":"","header-above-stick-meta":"","header-main-stick-meta":"","header-below-stick-meta":"","astra-migrate-meta-layouts":"set","ast-page-background-enabled":"default","ast-page-background-meta":{"desktop":{"background-color":"","background-image":"","background-repeat":"repeat","background-position":"center center","background-size":"auto","background-attachment":"scroll","background-type":"","background-media":"","overlay-type":"","overlay-color":"","overlay-opacity":"","overlay-gradient":""},"tablet":{"background-color":"","background-image":"","background-repeat":"repeat","background-position":"center center","background-size":"auto","background-attachment":"scroll","background-type":"","background-media":"","overlay-type":"","overlay-color":"","overlay-opacity":"","overlay-gradient":""},"mobile":{"background-color":"","background-image":"","background-repeat":"repeat","background-position":"center center","background-size":"auto","background-attachment":"scroll","background-type":"","background-media":"","overlay-type":"","overlay-color":"","overlay-opacity":"","overlay-gradient":""}},"ast-content-background-meta":{"desktop":{"background-color":"var(--ast-global-color-5)","background-image":"","background-repeat":"repeat","background-position":"center center","background-size":"auto","background-attachment":"scroll","background-type":"","background-media":"","overlay-type":"","overlay-color":"","overlay-opacity":"","overlay-gradient":""},"tablet":{"background-color":"var(--ast-global-color-5)","background-image":"","background-repeat":"repeat","background-position":"center center","background-size":"auto","background-attachment":"scroll","background-type":"","background-media":"","overlay-type":"","overlay-color":"","overlay-opacity":"","overlay-gradient":""},"mobile":{"background-color":"var(--ast-global-color-5)","background-image":"","background-repeat":"repeat","background-position":"center center","background-size":"auto","background-attachment":"scroll","background-type":"","background-media":"","overlay-type":"","overlay-color":"","overlay-opacity":"","overlay-gradient":""}},"footnotes":""},"class_list":["post-94","page","type-page","status-publish","hentry"],"yoast_head":"<!-- This site is optimized with the Yoast SEO plugin v27.3 - https:\/\/yoast.com\/product\/yoast-seo-wordpress\/ -->\n<title>Tiedotteet - Espoon Merenkulkijat ry<\/title>\n<meta name=\"robots\" content=\"index, follow, max-snippet:-1, max-image-preview:large, max-video-preview:-1\" \/>\n<link rel=\"canonical\" href=\"https:\/\/espoonmerenkulkijat.net\/index.php\/tiedotteet-arkisto\/\" \/>\n<meta property=\"og:locale\" content=\"fi_FI\" \/>\n<meta property=\"og:type\" content=\"article\" \/>\n<meta property=\"og:title\" content=\"Tiedotteet - Espoon Merenkulkijat ry\" \/>\n<meta property=\"og:description\" content=\"T\u00e4\u00e4lt\u00e4 l\u00f6ytyv\u00e4t viimeisimm\u00e4t Espoon Merenkulkijoiden tiedotteet. Siniset tekstit ovat aina avattavia linkkej\u00e4. Tiedotteet 2026 Kev\u00e4ttiedote-2026 Tiedotteet 2025 Kev\u00e4ttiedote-2025 Syystiedote-2025 Tiedotteet 2024 Syystiedote-2024 Kev\u00e4ttiedote-2024 Tiedotteet 2023 Syystiedote-2023 Kev\u00e4ttiedote-2023 Tiedotteet 2022 Syystiedote-2022 [&hellip;]\" \/>\n<meta property=\"og:url\" content=\"https:\/\/espoonmerenkulkijat.net\/index.php\/tiedotteet-arkisto\/\" \/>\n<meta property=\"og:site_name\" content=\"Espoon Merenkulkijat ry\" \/>\n<meta property=\"article:modified_time\" content=\"2026-04-03T14:41:59+00:00\" \/>\n<meta name=\"twitter:card\" content=\"summary_large_image\" \/>\n<meta name=\"twitter:label1\" content=\"Arvioitu lukuaika\" \/>\n\t<meta name=\"twitter:data1\" content=\"1 minuutti\" \/>\n<script type=\"application\/ld+json\" class=\"yoast-schema-graph\">{\"@context\":\"https:\\\/\\\/schema.org\",\"@graph\":[{\"@type\":\"WebPage\",\"@id\":\"https:\\\/\\\/espoonmerenkulkijat.net\\\/index.php\\\/tiedotteet-arkisto\\\/\",\"url\":\"https:\\\/\\\/espoonmerenkulkijat.net\\\/index.php\\\/tiedotteet-arkisto\\\/\",\"name\":\"Tiedotteet - Espoon Merenkulkijat ry\",\"isPartOf\":{\"@id\":\"https:\\\/\\\/espoonmerenkulkijat.net\\\/#website\"},\"datePublished\":\"2019-10-24T15:25:45+00:00\",\"dateModified\":\"2026-04-03T14:41:59+00:00\",\"breadcrumb\":{\"@id\":\"https:\\\/\\\/espoonmerenkulkijat.net\\\/index.php\\\/tiedotteet-arkisto\\\/#breadcrumb\"},\"inLanguage\":\"fi\",\"potentialAction\":[{\"@type\":\"ReadAction\",\"target\":[\"https:\\\/\\\/espoonmerenkulkijat.net\\\/index.php\\\/tiedotteet-arkisto\\\/\"]}]},{\"@type\":\"BreadcrumbList\",\"@id\":\"https:\\\/\\\/espoonmerenkulkijat.net\\\/index.php\\\/tiedotteet-arkisto\\\/#breadcrumb\",\"itemListElement\":[{\"@type\":\"ListItem\",\"position\":1,\"name\":\"Etusivu\",\"item\":\"https:\\\/\\\/espoonmerenkulkijat.net\\\/\"},{\"@type\":\"ListItem\",\"position\":2,\"name\":\"Tiedotteet\"}]},{\"@type\":\"WebSite\",\"@id\":\"https:\\\/\\\/espoonmerenkulkijat.net\\\/#website\",\"url\":\"https:\\\/\\\/espoonmerenkulkijat.net\\\/\",\"name\":\"Espoon Merenkulkijat ry\",\"description\":\"\",\"publisher\":{\"@id\":\"https:\\\/\\\/espoonmerenkulkijat.net\\\/#organization\"},\"potentialAction\":[{\"@type\":\"SearchAction\",\"target\":{\"@type\":\"EntryPoint\",\"urlTemplate\":\"https:\\\/\\\/espoonmerenkulkijat.net\\\/?s={search_term_string}\"},\"query-input\":{\"@type\":\"PropertyValueSpecification\",\"valueRequired\":true,\"valueName\":\"search_term_string\"}}],\"inLanguage\":\"fi\"},{\"@type\":\"Organization\",\"@id\":\"https:\\\/\\\/espoonmerenkulkijat.net\\\/#organization\",\"name\":\"Espoon Merenkulkijat ry\",\"url\":\"https:\\\/\\\/espoonmerenkulkijat.net\\\/\",\"logo\":{\"@type\":\"ImageObject\",\"inLanguage\":\"fi\",\"@id\":\"https:\\\/\\\/espoonmerenkulkijat.net\\\/#\\\/schema\\\/logo\\\/image\\\/\",\"url\":\"https:\\\/\\\/espoonmerenkulkijat.net\\\/wp-content\\\/uploads\\\/2023\\\/01\\\/cropped-EM_50_juhlalogo_320x320.png\",\"contentUrl\":\"https:\\\/\\\/espoonmerenkulkijat.net\\\/wp-content\\\/uploads\\\/2023\\\/01\\\/cropped-EM_50_juhlalogo_320x320.png\",\"width\":320,\"height\":320,\"caption\":\"Espoon Merenkulkijat ry\"},\"image\":{\"@id\":\"https:\\\/\\\/espoonmerenkulkijat.net\\\/#\\\/schema\\\/logo\\\/image\\\/\"}}]}<\/script>\n<!-- \/ Yoast SEO plugin. -->","yoast_head_json":{"title":"Tiedotteet - Espoon Merenkulkijat ry","robots":{"index":"index","follow":"follow","max-snippet":"max-snippet:-1","max-image-preview":"max-image-preview:large","max-video-preview":"max-video-preview:-1"},"canonical":"https:\/\/espoonmerenkulkijat.net\/index.php\/tiedotteet-arkisto\/","og_locale":"fi_FI","og_type":"article","og_title":"Tiedotteet - Espoon Merenkulkijat ry","og_description":"T\u00e4\u00e4lt\u00e4 l\u00f6ytyv\u00e4t viimeisimm\u00e4t Espoon Merenkulkijoiden tiedotteet. Siniset tekstit ovat aina avattavia linkkej\u00e4. Tiedotteet 2026 Kev\u00e4ttiedote-2026 Tiedotteet 2025 Kev\u00e4ttiedote-2025 Syystiedote-2025 Tiedotteet 2024 Syystiedote-2024 Kev\u00e4ttiedote-2024 Tiedotteet 2023 Syystiedote-2023 Kev\u00e4ttiedote-2023 Tiedotteet 2022 Syystiedote-2022 [&hellip;]","og_url":"https:\/\/espoonmerenkulkijat.net\/index.php\/tiedotteet-arkisto\/","og_site_name":"Espoon Merenkulkijat ry","article_modified_time":"2026-04-03T14:41:59+00:00","twitter_card":"summary_large_image","twitter_misc":{"Arvioitu lukuaika":"1 minuutti"},"schema":{"@context":"https:\/\/schema.org","@graph":[{"@type":"WebPage","@id":"https:\/\/espoonmerenkulkijat.net\/index.php\/tiedotteet-arkisto\/","url":"https:\/\/espoonmerenkulkijat.net\/index.php\/tiedotteet-arkisto\/","name":"Tiedotteet - Espoon Merenkulkijat ry","isPartOf":{"@id":"https:\/\/espoonmerenkulkijat.net\/#website"},"datePublished":"2019-10-24T15:25:45+00:00","dateModified":"2026-04-03T14:41:59+00:00","breadcrumb":{"@id":"https:\/\/espoonmerenkulkijat.net\/index.php\/tiedotteet-arkisto\/#breadcrumb"},"inLanguage":"fi","potentialAction":[{"@type":"ReadAction","target":["https:\/\/espoonmerenkulkijat.net\/index.php\/tiedotteet-arkisto\/"]}]},{"@type":"BreadcrumbList","@id":"https:\/\/espoonmerenkulkijat.net\/index.php\/tiedotteet-arkisto\/#breadcrumb","itemListElement":[{"@type":"ListItem","position":1,"name":"Etusivu","item":"https:\/\/espoonmerenkulkijat.net\/"},{"@type":"ListItem","position":2,"name":"Tiedotteet"}]},{"@type":"WebSite","@id":"https:\/\/espoonmerenkulkijat.net\/#website","url":"https:\/\/espoonmerenkulkijat.net\/","name":"Espoon Merenkulkijat ry","description":"","publisher":{"@id":"https:\/\/espoonmerenkulkijat.net\/#organization"},"potentialAction":[{"@type":"SearchAction","target":{"@type":"EntryPoint","urlTemplate":"https:\/\/espoonmerenkulkijat.net\/?s={search_term_string}"},"query-input":{"@type":"PropertyValueSpecification","valueRequired":true,"valueName":"search_term_string"}}],"inLanguage":"fi"},{"@type":"Organization","@id":"https:\/\/espoonmerenkulkijat.net\/#organization","name":"Espoon Merenkulkijat ry","url":"https:\/\/espoonmerenkulkijat.net\/","logo":{"@type":"ImageObject","inLanguage":"fi","@id":"https:\/\/espoonmerenkulkijat.net\/#\/schema\/logo\/image\/","url":"https:\/\/espoonmerenkulkijat.net\/wp-content\/uploads\/2023\/01\/cropped-EM_50_juhlalogo_320x320.png","contentUrl":"https:\/\/espoonmerenkulkijat.net\/wp-content\/uploads\/2023\/01\/cropped-EM_50_juhlalogo_320x320.png","width":320,"height":320,"caption":"Espoon Merenkulkijat ry"},"image":{"@id":"https:\/\/espoonmerenkulkijat.net\/#\/schema\/logo\/image\/"}}]}},"_links":{"self":[{"href":"https:\/\/espoonmerenkulkijat.net\/index.php\/wp-json\/wp\/v2\/pages\/94","targetHints":{"allow":["GET"]}}],"collection":[{"href":"https:\/\/espoonmerenkulkijat.net\/index.php\/wp-json\/wp\/v2\/pages"}],"about":[{"href":"https:\/\/espoonmerenkulkijat.net\/index.php\/wp-json\/wp\/v2\/types\/page"}],"author":[{"embeddable":true,"href":"https:\/\/espoonmerenkulkijat.net\/index.php\/wp-json\/wp\/v2\/users\/2"}],"replies":[{"embeddable":true,"href":"https:\/\/espoonmerenkulkijat.net\/index.php\/wp-json\/wp\/v2\/comments?post=94"}],"version-history":[{"count":34,"href":"https:\/\/espoonmerenkulkijat.net\/index.php\/wp-json\/wp\/v2\/pages\/94\/revisions"}],"predecessor-version":[{"id":3455,"href":"https:\/\/espoonmerenkulkijat.net\/index.php\/wp-json\/wp\/v2\/pages\/94\/revisions\/3455"}],"wp:attachment":[{"href":"https:\/\/espoonmerenkulkijat.net\/index.php\/wp-json\/wp\/v2\/media?parent=94"}],"curies":[{"name":"wp","href":"https:\/\/api.w.org\/{rel}","templated":true}]}}